{"id":594,"date":"2024-03-07T07:05:20","date_gmt":"2024-03-07T07:05:20","guid":{"rendered":"https:\/\/dev-lascumbresapart.gnahs.com\/?page_id=594"},"modified":"2025-01-15T16:38:15","modified_gmt":"2025-01-15T15:38:15","slug":"hotel-alp-girona","status":"publish","type":"page","link":"https:\/\/www.hoteljaume.com\/es\/hotel-alp-girona\/","title":{"rendered":"Hotel Jaume"},"content":{"rendered":"\t\t<div data-elementor-type=\"wp-page\" data-elementor-id=\"594\" class=\"elementor elementor-594\" data-elementor-post-type=\"page\">\n\t\t\t\t<div class=\"elementor-element elementor-element-4cc78fdb e-flex e-con-boxed e-con e-parent\" data-id=\"4cc78fdb\" data-element_type=\"container\" data-settings=\"{&quot;background_background&quot;:&quot;classic&quot;}\">\n\t\t\t\t\t<div class=\"e-con-inner\">\n\t\t\t\t<div class=\"elementor-element elementor-element-7c8e4543 elementor-widget elementor-widget-heading\" data-id=\"7c8e4543\" data-element_type=\"widget\" data-widget_type=\"heading.default\">\n\t\t\t\t<div class=\"elementor-widget-container\">\n\t\t\t<style>\/*! elementor - v3.21.0 - 26-05-2024 *\/\n.elementor-heading-title{padding:0;margin:0;line-height:1}.elementor-widget-heading .elementor-heading-title[class*=elementor-size-]>a{color:inherit;font-size:inherit;line-height:inherit}.elementor-widget-heading .elementor-heading-title.elementor-size-small{font-size:15px}.elementor-widget-heading .elementor-heading-title.elementor-size-medium{font-size:19px}.elementor-widget-heading .elementor-heading-title.elementor-size-large{font-size:29px}.elementor-widget-heading .elementor-heading-title.elementor-size-xl{font-size:39px}.elementor-widget-heading .elementor-heading-title.elementor-size-xxl{font-size:59px}<\/style><div class=\"elementor-heading-title elementor-size-default\">La esencia de los Pirineos en un hotel de monta\u00f1a\n<\/div>\t\t<\/div>\n\t\t\t\t<\/div>\n\t\t\t\t<div class=\"elementor-element elementor-element-55efbab elementor-icon-list--layout-inline elementor-align-center elementor-list-item-link-full_width elementor-widget elementor-widget-icon-list\" data-id=\"55efbab\" data-element_type=\"widget\" data-widget_type=\"icon-list.default\">\n\t\t\t\t<div class=\"elementor-widget-container\">\n\t\t\t<link rel=\"stylesheet\" href=\"https:\/\/www.hoteljaume.com\/wp-content\/plugins\/elementor\/assets\/css\/widget-icon-list.min.css\">\t\t<ul class=\"elementor-icon-list-items elementor-inline-items\">\n\t\t\t\t\t\t\t<li class=\"elementor-icon-list-item elementor-inline-item\">\n\t\t\t\t\t\t\t\t\t\t\t<a href=\"https:\/\/www.hoteljaume.com\/\">\n\n\t\t\t\t\t\t\t\t\t\t\t<span class=\"elementor-icon-list-text\">Home <\/span>\n\t\t\t\t\t\t\t\t\t\t\t<\/a>\n\t\t\t\t\t\t\t\t\t<\/li>\n\t\t\t\t\t\t\t\t<li class=\"elementor-icon-list-item elementor-inline-item\">\n\t\t\t\t\t\t\t\t\t\t\t<span class=\"elementor-icon-list-icon\">\n\t\t\t\t\t\t\t<svg aria-hidden=\"true\" class=\"e-font-icon-svg e-fas-chevron-right\" viewBox=\"0 0 320 512\" xmlns=\"http:\/\/www.w3.org\/2000\/svg\"><path d=\"M285.476 272.971L91.132 467.314c-9.373 9.373-24.569 9.373-33.941 0l-22.667-22.667c-9.357-9.357-9.375-24.522-.04-33.901L188.505 256 34.484 101.255c-9.335-9.379-9.317-24.544.04-33.901l22.667-22.667c9.373-9.373 24.569-9.373 33.941 0L285.475 239.03c9.373 9.372 9.373 24.568.001 33.941z\"><\/path><\/svg>\t\t\t\t\t\t<\/span>\n\t\t\t\t\t\t\t\t\t\t<span class=\"elementor-icon-list-text\">Hotel Jaume<\/span>\n\t\t\t\t\t\t\t\t\t<\/li>\n\t\t\t\t\t\t<\/ul>\n\t\t\t\t<\/div>\n\t\t\t\t<\/div>\n\t\t\t\t\t<\/div>\n\t\t\t\t<\/div>\n\t\t<div class=\"elementor-element elementor-element-ab97e43 e-flex e-con-boxed e-con e-parent\" data-id=\"ab97e43\" data-element_type=\"container\" data-settings=\"{&quot;motion_fx_motion_fx_scrolling&quot;:&quot;yes&quot;,&quot;motion_fx_translateY_effect&quot;:&quot;yes&quot;,&quot;motion_fx_devices&quot;:[&quot;desktop&quot;,&quot;tablet&quot;],&quot;motion_fx_translateY_speed&quot;:{&quot;unit&quot;:&quot;px&quot;,&quot;size&quot;:4,&quot;sizes&quot;:[]},&quot;motion_fx_translateY_affectedRange&quot;:{&quot;unit&quot;:&quot;%&quot;,&quot;size&quot;:&quot;&quot;,&quot;sizes&quot;:{&quot;start&quot;:0,&quot;end&quot;:100}}}\">\n\t\t\t\t\t<div class=\"e-con-inner\">\n\t\t<div class=\"elementor-element elementor-element-40a786c1 e-flex e-con-boxed e-con e-child\" data-id=\"40a786c1\" data-element_type=\"container\">\n\t\t\t\t\t<div class=\"e-con-inner\">\n\t\t\t\t<div class=\"elementor-element elementor-element-226d9e30 elementor-widget elementor-widget-heading\" data-id=\"226d9e30\" data-element_type=\"widget\" data-widget_type=\"heading.default\">\n\t\t\t\t<div class=\"elementor-widget-container\">\n\t\t\t<div class=\"elementor-heading-title elementor-size-default\">Tu hotel familiar al lado de Puigcerd\u00e0<\/div>\t\t<\/div>\n\t\t\t\t<\/div>\n\t\t\t\t<div class=\"elementor-element elementor-element-6ff70d69 elementor-widget elementor-widget-heading\" data-id=\"6ff70d69\" data-element_type=\"widget\" data-widget_type=\"heading.default\">\n\t\t\t\t<div class=\"elementor-widget-container\">\n\t\t\t<h1 class=\"elementor-heading-title elementor-size-default\">Hotel rural en Alp<\/h1>\t\t<\/div>\n\t\t\t\t<\/div>\n\t\t\t\t<div class=\"elementor-element elementor-element-167a18e elementor-widget elementor-widget-text-editor\" data-id=\"167a18e\" data-element_type=\"widget\" data-widget_type=\"text-editor.default\">\n\t\t\t\t<div class=\"elementor-widget-container\">\n\t\t\t<style>\/*! elementor - v3.21.0 - 26-05-2024 *\/\n.elementor-widget-text-editor.elementor-drop-cap-view-stacked .elementor-drop-cap{background-color:#69727d;color:#fff}.elementor-widget-text-editor.elementor-drop-cap-view-framed .elementor-drop-cap{color:#69727d;border:3px solid;background-color:transparent}.elementor-widget-text-editor:not(.elementor-drop-cap-view-default) .elementor-drop-cap{margin-top:8px}.elementor-widget-text-editor:not(.elementor-drop-cap-view-default) .elementor-drop-cap-letter{width:1em;height:1em}.elementor-widget-text-editor .elementor-drop-cap{float:left;text-align:center;line-height:1;font-size:50px}.elementor-widget-text-editor .elementor-drop-cap-letter{display:inline-block}<\/style>\t\t\t\t<p>Con m\u00e1s de cien a\u00f1os de historia, el <strong>Hotel Jaume<\/strong> es un acogedor <strong>hotel familiar<\/strong> gestionado por la quinta generaci\u00f3n de la misma familia, lo que garantiza una c\u00e1lida atenci\u00f3n y tradici\u00f3n.<\/p><p>Estamos situados en el coraz\u00f3n de <strong>Alp<\/strong>, un pintoresco pueblo lleno de encanto en el <strong>Pirineo de Girona<\/strong>, ideal para quienes buscan disfrutar de la tranquilidad y la naturaleza. Recientemente renovado, el hotel combina su car\u00e1cter hist\u00f3rico con comodidades y <strong>servicios<\/strong> modernos, ofreciendo el espacio perfecto para relajarse y desconectar del d\u00eda a d\u00eda.<\/p><p>\u00a1Descubre una estancia inolvidable con nosotros!<\/p>\t\t\t\t\t\t<\/div>\n\t\t\t\t<\/div>\n\t\t<div class=\"elementor-element elementor-element-492fdd8 e-grid e-con-boxed e-con e-child\" data-id=\"492fdd8\" data-element_type=\"container\">\n\t\t\t\t\t<div class=\"e-con-inner\">\n\t\t\t\t<div class=\"elementor-element elementor-element-18ad0b9 elementor-widget__width-initial jkit-equal-height-disable elementor-widget elementor-widget-jkit_icon_box\" data-id=\"18ad0b9\" data-element_type=\"widget\" data-widget_type=\"jkit_icon_box.default\">\n\t\t\t\t<div class=\"elementor-widget-container\">\n\t\t\t<div  class=\"jeg-elementor-kit jkit-icon-box icon-position-top elementor-animation- jeg_module___69e7392812c0c\" ><div class=\"jkit-icon-box-wrapper hover-from-left\"><div class=\"icon-box icon-box-header elementor-animation-\"><div class=\"icon style-color\"><svg aria-hidden=\"true\" class=\"e-font-icon-svg e-fas-users\" viewBox=\"0 0 640 512\" xmlns=\"http:\/\/www.w3.org\/2000\/svg\"><path d=\"M96 224c35.3 0 64-28.7 64-64s-28.7-64-64-64-64 28.7-64 64 28.7 64 64 64zm448 0c35.3 0 64-28.7 64-64s-28.7-64-64-64-64 28.7-64 64 28.7 64 64 64zm32 32h-64c-17.6 0-33.5 7.1-45.1 18.6 40.3 22.1 68.9 62 75.1 109.4h66c17.7 0 32-14.3 32-32v-32c0-35.3-28.7-64-64-64zm-256 0c61.9 0 112-50.1 112-112S381.9 32 320 32 208 82.1 208 144s50.1 112 112 112zm76.8 32h-8.3c-20.8 10-43.9 16-68.5 16s-47.6-6-68.5-16h-8.3C179.6 288 128 339.6 128 403.2V432c0 26.5 21.5 48 48 48h288c26.5 0 48-21.5 48-48v-28.8c0-63.6-51.6-115.2-115.2-115.2zm-223.7-13.4C161.5 263.1 145.6 256 128 256H64c-35.3 0-64 28.7-64 64v32c0 17.7 14.3 32 32 32h65.9c6.3-47.4 34.9-87.3 75.2-109.4z\"><\/path><\/svg><\/div><\/div><div class=\"icon-box icon-box-body\">\n                <h2 class=\"title\">Hotel familiar con un trato cercano<\/h2><p class=\"icon-box-description\">En el Hotel Jaume encontrar\u00e1s un ambiente acogedor, ideal para familias, con un trato cercano y servicios pensados para ti.<\/p>\n            <\/div>\n            \n            <\/div><\/div>\t\t<\/div>\n\t\t\t\t<\/div>\n\t\t\t\t<div class=\"elementor-element elementor-element-0f3844b elementor-widget__width-initial jkit-equal-height-disable elementor-widget elementor-widget-jkit_icon_box\" data-id=\"0f3844b\" data-element_type=\"widget\" data-widget_type=\"jkit_icon_box.default\">\n\t\t\t\t<div class=\"elementor-widget-container\">\n\t\t\t<div  class=\"jeg-elementor-kit jkit-icon-box icon-position-top elementor-animation- jeg_module__1_69e739281392a\" ><div class=\"jkit-icon-box-wrapper hover-from-left\"><div class=\"icon-box icon-box-header elementor-animation-\"><div class=\"icon style-color\"><svg aria-hidden=\"true\" class=\"e-font-icon-svg e-fas-skiing\" viewBox=\"0 0 512 512\" xmlns=\"http:\/\/www.w3.org\/2000\/svg\"><path d=\"M432 96c26.5 0 48-21.5 48-48S458.5 0 432 0s-48 21.5-48 48 21.5 48 48 48zm73 356.1c-9.4-9.4-24.6-9.4-33.9 0-12.1 12.1-30.5 15.4-45.1 8.7l-135.8-70.2 49.2-73.8c12.7-19 10.2-44.5-6-60.6L293 215.7l-107-53.1c-2.9 19.9 3.4 40 17.7 54.4l75.1 75.2-45.9 68.8L35 258.7c-11.7-6-26.2-1.5-32.3 10.3-6.1 11.8-1.5 26.3 10.3 32.3l391.9 202.5c11.9 5.5 24.5 8.1 37.1 8.1 23.2 0 46-9 63-26 9.3-9.3 9.3-24.5 0-33.8zM120 91.6l-11.5 22.5c14.4 7.3 31.2 4.9 42.8-4.8l47.2 23.4c-.1.1-.1.2-.2.3l114.5 56.8 32.4-13 6.4 19.1c4 12.1 12.6 22 24 27.7l58.1 29c15.9 7.9 35 1.5 42.9-14.3 7.9-15.8 1.5-35-14.3-42.9l-52.1-26.1-17.1-51.2c-8.1-24.2-40.9-56.6-84.5-39.2l-81.2 32.5-62.5-31c.3-14.5-7.2-28.6-20.9-35.6l-11.1 21.7h-.2l-34.4-7c-1.8-.4-3.7.2-5 1.7-1.9 2.2-1.7 5.5.5 7.4l26.2 23z\"><\/path><\/svg><\/div><\/div><div class=\"icon-box icon-box-body\">\n                <h2 class=\"title\">Disfruta una escapada en la monta\u00f1a<\/h2><p class=\"icon-box-description\">Disfruta de una escapada en la monta\u00f1a, esqu\u00eda en los Pirineos y conecta con la naturaleza.<\/p>\n            <\/div>\n            \n            <\/div><\/div>\t\t<\/div>\n\t\t\t\t<\/div>\n\t\t\t\t\t<\/div>\n\t\t\t\t<\/div>\n\t\t\t\t<div class=\"elementor-element elementor-element-1615a86 elementor-widget elementor-widget-text-editor\" data-id=\"1615a86\" data-element_type=\"widget\" data-widget_type=\"text-editor.default\">\n\t\t\t\t<div class=\"elementor-widget-container\">\n\t\t\t\t\t\t\t<p>Escapa al coraz\u00f3n de los <strong>Pirineos<\/strong> y d\u00e9jate envolver por la magia de <strong>Alp<\/strong>.<\/p><p>El <strong>Hotel Jaume<\/strong>, con vistas a las monta\u00f1as y un ambiente acogedor, te invita a disfrutar de un entorno \u00fanico, perfecto para recargar energ\u00edas y vivir momentos inolvidables.<\/p>\t\t\t\t\t\t<\/div>\n\t\t\t\t<\/div>\n\t\t\t\t\t<\/div>\n\t\t\t\t<\/div>\n\t\t\t\t\t<\/div>\n\t\t\t\t<\/div>\n\t\t<div class=\"elementor-element elementor-element-c238977 e-flex e-con-boxed e-con e-parent\" data-id=\"c238977\" data-element_type=\"container\">\n\t\t\t\t\t<div class=\"e-con-inner\">\n\t\t\t\t<div class=\"elementor-element elementor-element-a3319fc elementor-skin-slideshow elementor-arrows-yes elementor-widget elementor-widget-media-carousel\" data-id=\"a3319fc\" data-element_type=\"widget\" data-settings=\"{&quot;skin&quot;:&quot;slideshow&quot;,&quot;effect&quot;:&quot;slide&quot;,&quot;show_arrows&quot;:&quot;yes&quot;,&quot;speed&quot;:500,&quot;autoplay&quot;:&quot;yes&quot;,&quot;autoplay_speed&quot;:5000,&quot;loop&quot;:&quot;yes&quot;,&quot;pause_on_hover&quot;:&quot;yes&quot;,&quot;pause_on_interaction&quot;:&quot;yes&quot;,&quot;space_between&quot;:{&quot;unit&quot;:&quot;px&quot;,&quot;size&quot;:10,&quot;sizes&quot;:[]},&quot;space_between_tablet&quot;:{&quot;unit&quot;:&quot;px&quot;,&quot;size&quot;:10,&quot;sizes&quot;:[]},&quot;space_between_mobile&quot;:{&quot;unit&quot;:&quot;px&quot;,&quot;size&quot;:10,&quot;sizes&quot;:[]}}\" data-widget_type=\"media-carousel.default\">\n\t\t\t\t<div class=\"elementor-widget-container\">\n\t\t\t<link rel=\"stylesheet\" href=\"https:\/\/www.hoteljaume.com\/wp-content\/plugins\/elementor-pro\/assets\/css\/widget-carousel.min.css\">\t\t<div class=\"elementor-swiper\">\n\t\t\t<div class=\"elementor-main-swiper swiper\">\n\t\t\t\t<div class=\"swiper-wrapper\">\n\t\t\t\t\t\t\t\t\t\t\t<div class=\"swiper-slide\">\n\t\t\t\t\t\t\t<a href=\"https:\/\/www.hoteljaume.com\/wp-content\/uploads\/2024\/11\/sala-de-descanso-recepcion-hotel-jaume-alp-pirineo-girona.jpg\" data-elementor-open-lightbox=\"yes\" data-elementor-lightbox-slideshow=\"a3319fc\" data-elementor-lightbox-title=\"sala-de-descanso-recepcion-hotel-jaume-alp-pirineo-girona\" data-e-action-hash=\"#elementor-action%3Aaction%3Dlightbox%26settings%3DeyJpZCI6NDMzOCwidXJsIjoiaHR0cHM6XC9cL3d3dy5ob3RlbGphdW1lLmNvbVwvd3AtY29udGVudFwvdXBsb2Fkc1wvMjAyNFwvMTFcL3NhbGEtZGUtZGVzY2Fuc28tcmVjZXBjaW9uLWhvdGVsLWphdW1lLWFscC1waXJpbmVvLWdpcm9uYS5qcGciLCJzbGlkZXNob3ciOiJhMzMxOWZjIn0%3D\">\t\t<div class=\"elementor-carousel-image\" role=\"img\" aria-label=\"sala-de-descanso-recepcion-hotel-jaume-alp-pirineo-girona\" style=\"background-image: url(&#039;https:\/\/www.hoteljaume.com\/wp-content\/uploads\/2024\/11\/sala-de-descanso-recepcion-hotel-jaume-alp-pirineo-girona.jpg&#039;)\">\n\n\t\t\t\n\t\t\t\t\t<\/div>\n\t\t<\/a>\t\t\t\t\t\t<\/div>\n\t\t\t\t\t\t\t\t\t\t\t<div class=\"swiper-slide\">\n\t\t\t\t\t\t\t<a href=\"https:\/\/www.hoteljaume.com\/wp-content\/uploads\/2024\/11\/restaurante-hotel-jaume-alp-pirineos.jpg\" data-elementor-open-lightbox=\"yes\" data-elementor-lightbox-slideshow=\"a3319fc\" data-elementor-lightbox-title=\"restaurante-hotel-jaume-alp-pirineos\" data-e-action-hash=\"#elementor-action%3Aaction%3Dlightbox%26settings%3DeyJpZCI6NDM2MCwidXJsIjoiaHR0cHM6XC9cL3d3dy5ob3RlbGphdW1lLmNvbVwvd3AtY29udGVudFwvdXBsb2Fkc1wvMjAyNFwvMTFcL3Jlc3RhdXJhbnRlLWhvdGVsLWphdW1lLWFscC1waXJpbmVvcy5qcGciLCJzbGlkZXNob3ciOiJhMzMxOWZjIn0%3D\">\t\t<div class=\"elementor-carousel-image\" role=\"img\" aria-label=\"restaurante-hotel-jaume-alp-pirineos\" style=\"background-image: url(&#039;https:\/\/www.hoteljaume.com\/wp-content\/uploads\/2024\/11\/restaurante-hotel-jaume-alp-pirineos.jpg&#039;)\">\n\n\t\t\t\n\t\t\t\t\t<\/div>\n\t\t<\/a>\t\t\t\t\t\t<\/div>\n\t\t\t\t\t\t\t\t\t\t\t<div class=\"swiper-slide\">\n\t\t\t\t\t\t\t<a href=\"https:\/\/www.hoteljaume.com\/wp-content\/uploads\/2024\/11\/camas-habitacion-doble-armarios-hotel-jaume-alp-pirineo-girona.jpg\" data-elementor-open-lightbox=\"yes\" data-elementor-lightbox-slideshow=\"a3319fc\" data-elementor-lightbox-title=\"camas-habitacion-doble-armarios-hotel-jaume-alp-pirineo-girona\" data-e-action-hash=\"#elementor-action%3Aaction%3Dlightbox%26settings%3DeyJpZCI6NDM4OSwidXJsIjoiaHR0cHM6XC9cL3d3dy5ob3RlbGphdW1lLmNvbVwvd3AtY29udGVudFwvdXBsb2Fkc1wvMjAyNFwvMTFcL2NhbWFzLWhhYml0YWNpb24tZG9ibGUtYXJtYXJpb3MtaG90ZWwtamF1bWUtYWxwLXBpcmluZW8tZ2lyb25hLmpwZyIsInNsaWRlc2hvdyI6ImEzMzE5ZmMifQ%3D%3D\">\t\t<div class=\"elementor-carousel-image\" role=\"img\" aria-label=\"camas-habitacion-doble-armarios-hotel-jaume-alp-pirineo-girona\" style=\"background-image: url(&#039;https:\/\/www.hoteljaume.com\/wp-content\/uploads\/2024\/11\/camas-habitacion-doble-armarios-hotel-jaume-alp-pirineo-girona.jpg&#039;)\">\n\n\t\t\t\n\t\t\t\t\t<\/div>\n\t\t<\/a>\t\t\t\t\t\t<\/div>\n\t\t\t\t\t\t\t\t\t<\/div>\n\t\t\t\t\t\t\t\t\t\t\t\t\t\t\t\t\t\t\t\t<div class=\"elementor-swiper-button elementor-swiper-button-prev\" role=\"button\" tabindex=\"0\">\n\t\t\t\t\t\t\t<svg aria-hidden=\"true\" class=\"e-font-icon-svg e-eicon-chevron-left\" viewBox=\"0 0 1000 1000\" xmlns=\"http:\/\/www.w3.org\/2000\/svg\"><path d=\"M646 125C629 125 613 133 604 142L308 442C296 454 292 471 292 487 292 504 296 521 308 533L604 854C617 867 629 875 646 875 663 875 679 871 692 858 704 846 713 829 713 812 713 796 708 779 692 767L438 487 692 225C700 217 708 204 708 187 708 171 704 154 692 142 675 129 663 125 646 125Z\"><\/path><\/svg>\t\t\t\t\t\t\t<span class=\"elementor-screen-only\">Anterior<\/span>\n\t\t\t\t\t\t<\/div>\n\t\t\t\t\t\t<div class=\"elementor-swiper-button elementor-swiper-button-next\" role=\"button\" tabindex=\"0\">\n\t\t\t\t\t\t\t<svg aria-hidden=\"true\" class=\"e-font-icon-svg e-eicon-chevron-right\" viewBox=\"0 0 1000 1000\" xmlns=\"http:\/\/www.w3.org\/2000\/svg\"><path d=\"M696 533C708 521 713 504 713 487 713 471 708 454 696 446L400 146C388 133 375 125 354 125 338 125 325 129 313 142 300 154 292 171 292 187 292 204 296 221 308 233L563 492 304 771C292 783 288 800 288 817 288 833 296 850 308 863 321 871 338 875 354 875 371 875 388 867 400 854L696 533Z\"><\/path><\/svg>\t\t\t\t\t\t\t<span class=\"elementor-screen-only\">Siguiente<\/span>\n\t\t\t\t\t\t<\/div>\n\t\t\t\t\t\t\t\t\t\t\t\t<\/div>\n\t\t<\/div>\n\t\t\t\t<div class=\"elementor-swiper\">\n\t\t\t<div class=\"elementor-thumbnails-swiper swiper\">\n\t\t\t\t<div class=\"swiper-wrapper\">\n\t\t\t\t\t\t\t\t\t\t\t<div class=\"swiper-slide\">\n\t\t\t\t\t\t\t\t\t<div class=\"elementor-carousel-image\" role=\"img\" aria-label=\"sala-de-descanso-recepcion-hotel-jaume-alp-pirineo-girona\" style=\"background-image: url(&#039;https:\/\/www.hoteljaume.com\/wp-content\/uploads\/2024\/11\/sala-de-descanso-recepcion-hotel-jaume-alp-pirineo-girona.jpg&#039;)\">\n\n\t\t\t\n\t\t\t\t\t<\/div>\n\t\t<\/a>\t\t\t\t\t\t<\/div>\n\t\t\t\t\t\t\t\t\t\t\t<div class=\"swiper-slide\">\n\t\t\t\t\t\t\t\t\t<div class=\"elementor-carousel-image\" role=\"img\" aria-label=\"restaurante-hotel-jaume-alp-pirineos\" style=\"background-image: url(&#039;https:\/\/www.hoteljaume.com\/wp-content\/uploads\/2024\/11\/restaurante-hotel-jaume-alp-pirineos.jpg&#039;)\">\n\n\t\t\t\n\t\t\t\t\t<\/div>\n\t\t<\/a>\t\t\t\t\t\t<\/div>\n\t\t\t\t\t\t\t\t\t\t\t<div class=\"swiper-slide\">\n\t\t\t\t\t\t\t\t\t<div class=\"elementor-carousel-image\" role=\"img\" aria-label=\"camas-habitacion-doble-armarios-hotel-jaume-alp-pirineo-girona\" style=\"background-image: url(&#039;https:\/\/www.hoteljaume.com\/wp-content\/uploads\/2024\/11\/camas-habitacion-doble-armarios-hotel-jaume-alp-pirineo-girona.jpg&#039;)\">\n\n\t\t\t\n\t\t\t\t\t<\/div>\n\t\t<\/a>\t\t\t\t\t\t<\/div>\n\t\t\t\t\t\t\t\t\t<\/div>\n\t\t\t\t\t\t\t\t\t\t\t\t\t\t\t\t\t\t\t\t\t<\/div>\n\t\t<\/div>\n\t\t\t\t<\/div>\n\t\t\t\t<\/div>\n\t\t\t\t\t<\/div>\n\t\t\t\t<\/div>\n\t\t\t\t<\/div>\n\t\t","protected":false},"excerpt":{"rendered":"<p>La esencia de los Pirineos en un hotel de monta\u00f1a Home Hotel Jaume Tu hotel familiar al lado de Puigcerd\u00e0 Hotel rural en Alp Con m\u00e1s de cien a\u00f1os de historia, el Hotel Jaume es un acogedor hotel familiar gestionado por la quinta generaci\u00f3n de la misma familia, lo que garantiza una c\u00e1lida atenci\u00f3n y [&hellip;]<\/p>\n","protected":false},"author":4,"featured_media":0,"parent":0,"menu_order":51,"comment_status":"closed","ping_status":"closed","template":"","meta":{"footnotes":""},"class_list":["post-594","page","type-page","status-publish","hentry"],"yoast_head":"<!-- This site is optimized with the Yoast SEO Premium plugin v22.8 (Yoast SEO v22.8) - https:\/\/yoast.com\/wordpress\/plugins\/seo\/ -->\n<title>Hotel rural en Alp, Pirineo de Girona - Hotel Jaume<\/title>\n<meta name=\"description\" content=\"El Hotel Jaume es un hotel rural acogedor con m\u00e1s de cien a\u00f1os de historia ubicado en el centro de Alp, en la Cerdanya (Girona).\" \/>\n<meta name=\"robots\" content=\"index, follow, max-snippet:-1, max-image-preview:large, max-video-preview:-1\" \/>\n<link rel=\"canonical\" href=\"https:\/\/www.hoteljaume.com\/es\/hotel-alp-girona\/\" \/>\n<meta property=\"og:locale\" content=\"es_ES\" \/>\n<meta property=\"og:type\" content=\"article\" \/>\n<meta property=\"og:title\" content=\"Hotel Jaume\" \/>\n<meta property=\"og:description\" content=\"El Hotel Jaume es un hotel rural acogedor con m\u00e1s de cien a\u00f1os de historia ubicado en el centro de Alp, en la Cerdanya (Girona).\" \/>\n<meta property=\"og:url\" content=\"https:\/\/www.hoteljaume.com\/es\/hotel-alp-girona\/\" \/>\n<meta property=\"og:site_name\" content=\"Hotel Jaume\" \/>\n<meta property=\"article:modified_time\" content=\"2025-01-15T15:38:15+00:00\" \/>\n<meta property=\"og:image\" content=\"https:\/\/www.hoteljaume.com\/wp-content\/uploads\/2024\/11\/habitacion-suite-atico-hotel-jaume-alp-pirineo-girona-2-scaled.jpg\" \/>\n\t<meta property=\"og:image:width\" content=\"2560\" \/>\n\t<meta property=\"og:image:height\" content=\"1707\" \/>\n\t<meta property=\"og:image:type\" content=\"image\/jpeg\" \/>\n<meta name=\"twitter:card\" content=\"summary_large_image\" \/>\n<meta name=\"twitter:label1\" content=\"Tiempo de lectura\" \/>\n\t<meta name=\"twitter:data1\" content=\"1 minuto\" \/>\n<script type=\"application\/ld+json\" class=\"yoast-schema-graph\">{\"@context\":\"https:\/\/schema.org\",\"@graph\":[{\"@type\":\"WebPage\",\"@id\":\"https:\/\/www.hoteljaume.com\/es\/hotel-alp-girona\/\",\"url\":\"https:\/\/www.hoteljaume.com\/es\/hotel-alp-girona\/\",\"name\":\"Hotel rural en Alp, Pirineo de Girona - Hotel Jaume\",\"isPartOf\":{\"@id\":\"https:\/\/www.hoteljaume.com\/es\/#website\"},\"datePublished\":\"2024-03-07T07:05:20+00:00\",\"dateModified\":\"2025-01-15T15:38:15+00:00\",\"description\":\"El Hotel Jaume es un hotel rural acogedor con m\u00e1s de cien a\u00f1os de historia ubicado en el centro de Alp, en la Cerdanya (Girona).\",\"breadcrumb\":{\"@id\":\"https:\/\/www.hoteljaume.com\/es\/hotel-alp-girona\/#breadcrumb\"},\"inLanguage\":\"es\",\"potentialAction\":[{\"@type\":\"ReadAction\",\"target\":[\"https:\/\/www.hoteljaume.com\/es\/hotel-alp-girona\/\"]}]},{\"@type\":\"BreadcrumbList\",\"@id\":\"https:\/\/www.hoteljaume.com\/es\/hotel-alp-girona\/#breadcrumb\",\"itemListElement\":[{\"@type\":\"ListItem\",\"position\":1,\"name\":\"Home\",\"item\":\"https:\/\/www.hoteljaume.com\/es\/\"},{\"@type\":\"ListItem\",\"position\":2,\"name\":\"Hotel Jaume\"}]},{\"@type\":\"WebSite\",\"@id\":\"https:\/\/www.hoteljaume.com\/es\/#website\",\"url\":\"https:\/\/www.hoteljaume.com\/es\/\",\"name\":\"Hotel Jaume\",\"description\":\"\",\"publisher\":{\"@id\":\"https:\/\/www.hoteljaume.com\/es\/#organization\"},\"potentialAction\":[{\"@type\":\"SearchAction\",\"target\":{\"@type\":\"EntryPoint\",\"urlTemplate\":\"https:\/\/www.hoteljaume.com\/es\/?s={search_term_string}\"},\"query-input\":\"required name=search_term_string\"}],\"inLanguage\":\"es\"},{\"@type\":\"Organization\",\"@id\":\"https:\/\/www.hoteljaume.com\/es\/#organization\",\"name\":\"Hotel Jaume\",\"url\":\"https:\/\/www.hoteljaume.com\/es\/\",\"logo\":{\"@type\":\"ImageObject\",\"inLanguage\":\"es\",\"@id\":\"https:\/\/www.hoteljaume.com\/es\/#\/schema\/logo\/image\/\",\"url\":\"https:\/\/www.hoteljaume.com\/wp-content\/uploads\/2024\/02\/logo_Hotel-Jaume_V1.svg\",\"contentUrl\":\"https:\/\/www.hoteljaume.com\/wp-content\/uploads\/2024\/02\/logo_Hotel-Jaume_V1.svg\",\"width\":588,\"height\":163,\"caption\":\"Hotel Jaume\"},\"image\":{\"@id\":\"https:\/\/www.hoteljaume.com\/es\/#\/schema\/logo\/image\/\"}}]}<\/script>\n<!-- \/ Yoast SEO Premium plugin. -->","yoast_head_json":{"title":"Hotel rural en Alp, Pirineo de Girona - Hotel Jaume","description":"El Hotel Jaume es un hotel rural acogedor con m\u00e1s de cien a\u00f1os de historia ubicado en el centro de Alp, en la Cerdanya (Girona).","robots":{"index":"index","follow":"follow","max-snippet":"max-snippet:-1","max-image-preview":"max-image-preview:large","max-video-preview":"max-video-preview:-1"},"canonical":"https:\/\/www.hoteljaume.com\/es\/hotel-alp-girona\/","og_locale":"es_ES","og_type":"article","og_title":"Hotel Jaume","og_description":"El Hotel Jaume es un hotel rural acogedor con m\u00e1s de cien a\u00f1os de historia ubicado en el centro de Alp, en la Cerdanya (Girona).","og_url":"https:\/\/www.hoteljaume.com\/es\/hotel-alp-girona\/","og_site_name":"Hotel Jaume","article_modified_time":"2025-01-15T15:38:15+00:00","og_image":[{"width":2560,"height":1707,"url":"https:\/\/www.hoteljaume.com\/wp-content\/uploads\/2024\/11\/habitacion-suite-atico-hotel-jaume-alp-pirineo-girona-2-scaled.jpg","type":"image\/jpeg"}],"twitter_card":"summary_large_image","twitter_misc":{"Tiempo de lectura":"1 minuto"},"schema":{"@context":"https:\/\/schema.org","@graph":[{"@type":"WebPage","@id":"https:\/\/www.hoteljaume.com\/es\/hotel-alp-girona\/","url":"https:\/\/www.hoteljaume.com\/es\/hotel-alp-girona\/","name":"Hotel rural en Alp, Pirineo de Girona - Hotel Jaume","isPartOf":{"@id":"https:\/\/www.hoteljaume.com\/es\/#website"},"datePublished":"2024-03-07T07:05:20+00:00","dateModified":"2025-01-15T15:38:15+00:00","description":"El Hotel Jaume es un hotel rural acogedor con m\u00e1s de cien a\u00f1os de historia ubicado en el centro de Alp, en la Cerdanya (Girona).","breadcrumb":{"@id":"https:\/\/www.hoteljaume.com\/es\/hotel-alp-girona\/#breadcrumb"},"inLanguage":"es","potentialAction":[{"@type":"ReadAction","target":["https:\/\/www.hoteljaume.com\/es\/hotel-alp-girona\/"]}]},{"@type":"BreadcrumbList","@id":"https:\/\/www.hoteljaume.com\/es\/hotel-alp-girona\/#breadcrumb","itemListElement":[{"@type":"ListItem","position":1,"name":"Home","item":"https:\/\/www.hoteljaume.com\/es\/"},{"@type":"ListItem","position":2,"name":"Hotel Jaume"}]},{"@type":"WebSite","@id":"https:\/\/www.hoteljaume.com\/es\/#website","url":"https:\/\/www.hoteljaume.com\/es\/","name":"Hotel Jaume","description":"","publisher":{"@id":"https:\/\/www.hoteljaume.com\/es\/#organization"},"potentialAction":[{"@type":"SearchAction","target":{"@type":"EntryPoint","urlTemplate":"https:\/\/www.hoteljaume.com\/es\/?s={search_term_string}"},"query-input":"required name=search_term_string"}],"inLanguage":"es"},{"@type":"Organization","@id":"https:\/\/www.hoteljaume.com\/es\/#organization","name":"Hotel Jaume","url":"https:\/\/www.hoteljaume.com\/es\/","logo":{"@type":"ImageObject","inLanguage":"es","@id":"https:\/\/www.hoteljaume.com\/es\/#\/schema\/logo\/image\/","url":"https:\/\/www.hoteljaume.com\/wp-content\/uploads\/2024\/02\/logo_Hotel-Jaume_V1.svg","contentUrl":"https:\/\/www.hoteljaume.com\/wp-content\/uploads\/2024\/02\/logo_Hotel-Jaume_V1.svg","width":588,"height":163,"caption":"Hotel Jaume"},"image":{"@id":"https:\/\/www.hoteljaume.com\/es\/#\/schema\/logo\/image\/"}}]}},"_links":{"self":[{"href":"https:\/\/www.hoteljaume.com\/es\/wp-json\/wp\/v2\/pages\/594","targetHints":{"allow":["GET"]}}],"collection":[{"href":"https:\/\/www.hoteljaume.com\/es\/wp-json\/wp\/v2\/pages"}],"about":[{"href":"https:\/\/www.hoteljaume.com\/es\/wp-json\/wp\/v2\/types\/page"}],"author":[{"embeddable":true,"href":"https:\/\/www.hoteljaume.com\/es\/wp-json\/wp\/v2\/users\/4"}],"replies":[{"embeddable":true,"href":"https:\/\/www.hoteljaume.com\/es\/wp-json\/wp\/v2\/comments?post=594"}],"version-history":[{"count":126,"href":"https:\/\/www.hoteljaume.com\/es\/wp-json\/wp\/v2\/pages\/594\/revisions"}],"predecessor-version":[{"id":6174,"href":"https:\/\/www.hoteljaume.com\/es\/wp-json\/wp\/v2\/pages\/594\/revisions\/6174"}],"wp:attachment":[{"href":"https:\/\/www.hoteljaume.com\/es\/wp-json\/wp\/v2\/media?parent=594"}],"curies":[{"name":"wp","href":"https:\/\/api.w.org\/{rel}","templated":true}]}}