{"id":3064,"date":"2024-05-21T13:44:49","date_gmt":"2024-05-21T13:44:49","guid":{"rendered":"https:\/\/dev-lascumbresapart.gnahs.com\/?page_id=3064"},"modified":"2024-12-12T15:12:43","modified_gmt":"2024-12-12T14:12:43","slug":"actividades-de-invierno","status":"publish","type":"page","link":"https:\/\/www.hoteljaume.com\/es\/que-hacer-en-alp-girona\/actividades-de-invierno\/","title":{"rendered":"Actividades de invierno"},"content":{"rendered":"\t\t<div data-elementor-type=\"wp-page\" data-elementor-id=\"3064\" class=\"elementor elementor-3064\" data-elementor-post-type=\"page\">\n\t\t\t\t<div class=\"elementor-element elementor-element-22ca71a3 e-flex e-con-boxed e-con e-parent\" data-id=\"22ca71a3\" data-element_type=\"container\">\n\t\t\t\t\t<div class=\"e-con-inner\">\n\t\t\t\t<div class=\"elementor-element elementor-element-cc5d5eb elementor-widget elementor-widget-text-editor\" data-id=\"cc5d5eb\" data-element_type=\"widget\" data-widget_type=\"text-editor.default\">\n\t\t\t\t<div class=\"elementor-widget-container\">\n\t\t\t<style>\/*! elementor - v3.21.0 - 26-05-2024 *\/\n.elementor-widget-text-editor.elementor-drop-cap-view-stacked .elementor-drop-cap{background-color:#69727d;color:#fff}.elementor-widget-text-editor.elementor-drop-cap-view-framed .elementor-drop-cap{color:#69727d;border:3px solid;background-color:transparent}.elementor-widget-text-editor:not(.elementor-drop-cap-view-default) .elementor-drop-cap{margin-top:8px}.elementor-widget-text-editor:not(.elementor-drop-cap-view-default) .elementor-drop-cap-letter{width:1em;height:1em}.elementor-widget-text-editor .elementor-drop-cap{float:left;text-align:center;line-height:1;font-size:50px}.elementor-widget-text-editor .elementor-drop-cap-letter{display:inline-block}<\/style>\t\t\t\t<h2><b>Disfruta del invierno en la Cerdanya desde el Hotel Jaume<\/b><\/h2><p data-sourcepos=\"5:1-5:256\">En el coraz\u00f3n de la <strong>Cerdanya<\/strong>, se encuentra <strong>Alp<\/strong>, un pintoresco pueblo que se transforma en un para\u00edso invernal. Su proximidad a las estaciones de esqu\u00ed y su encanto natural lo convierten en el destino perfecto para los amantes de la nieve y la aventura.<br \/><br \/><\/p><h3 data-sourcepos=\"7:1-7:64\"><strong>Nieve, monta\u00f1a y diversi\u00f3n<\/strong><\/h3><p><strong>Alp<\/strong> es el punto de partida perfecto para disfrutar de la nieve en los <strong>Pirineos<\/strong>. Desde aqu\u00ed, podr\u00e1s acceder a dos de las <strong>estaciones de esqu\u00ed<\/strong> m\u00e1s importantes de Catalu\u00f1a: <strong>La Molina<\/strong> y <strong>Masella<\/strong>. Este conjunto, conocido como Alp 2500, ofrece kil\u00f3metros de pistas para todos los niveles, desde principiantes hasta expertos. Tanto si buscas descensos emocionantes como si prefieres disfrutar de la tranquilidad de los bosques nevados, en Alp encontrar\u00e1s la experiencia de esqu\u00ed que est\u00e1s buscando. Adem\u00e1s, la conexi\u00f3n entre ambas estaciones te permitir\u00e1 explorar una gran variedad de terrenos y panor\u00e1micas.<br \/><br \/><\/p><ul data-sourcepos=\"3:1-7:0\"><li data-sourcepos=\"3:1-3:201\"><strong>Esqu\u00ed:<\/strong> Desl\u00edzate por pistas para todos los niveles, desde principiantes que dan sus primeros pasos hasta expertos que buscan la m\u00e1xima velocidad y adrenalina.<br \/><br \/><\/li><\/ul><ul data-sourcepos=\"3:1-7:0\"><li data-sourcepos=\"4:1-4:182\"><strong>Snowboard:<\/strong> Domina la tabla y realiza tus mejores trucos en los distintos m\u00f3dulos y saltos de los snowparks, o simplemente disfruta de la libertad de deslizarte por las pistas.<br \/><br \/><\/li><\/ul><ul data-sourcepos=\"3:1-7:0\"><li data-sourcepos=\"5:1-5:167\"><strong>Raquetas de nieve:<\/strong> Ad\u00e9ntrate en la naturaleza y explora bosques nevados.<br \/><br \/><\/li><\/ul><ul data-sourcepos=\"3:1-7:0\"><li data-sourcepos=\"6:1-7:0\"><strong>Paseos en telecabina:<\/strong> Asciende c\u00f3modamente a la monta\u00f1a y disfruta de unas vistas panor\u00e1micas impresionantes de los Pirineos, contemplando la inmensidad de los paisajes nevados.<br \/><br \/><\/li><\/ul><p>Despu\u00e9s de un d\u00eda lleno de aventuras en la nieve, el <strong>Hotel Jaume<\/strong> te espera con su c\u00e1lida hospitalidad para que tu estancia en <strong>Alp<\/strong> sea inolvidable. Ya sea para desconectar junto a la chimenea o para planificar tu pr\u00f3xima jornada en la monta\u00f1a, aqu\u00ed encontrar\u00e1s el refugio perfecto para disfrutar al m\u00e1ximo del invierno en la Cerdanya.<br \/><br \/><\/p><p><img fetchpriority=\"high\" decoding=\"async\" class=\"aligncenter wp-image-4878 size-full\" src=\"https:\/\/www.hoteljaume.com\/wp-content\/uploads\/2024\/11\/actividades-de-invierno-trineo-hotel-jaume-alp-girona-espana-scaled.jpg\" alt=\"\" width=\"2560\" height=\"1615\" srcset=\"https:\/\/www.hoteljaume.com\/wp-content\/uploads\/2024\/11\/actividades-de-invierno-trineo-hotel-jaume-alp-girona-espana-scaled.jpg 2560w, https:\/\/www.hoteljaume.com\/wp-content\/uploads\/2024\/11\/actividades-de-invierno-trineo-hotel-jaume-alp-girona-espana-300x189.jpg 300w, https:\/\/www.hoteljaume.com\/wp-content\/uploads\/2024\/11\/actividades-de-invierno-trineo-hotel-jaume-alp-girona-espana-1024x646.jpg 1024w, https:\/\/www.hoteljaume.com\/wp-content\/uploads\/2024\/11\/actividades-de-invierno-trineo-hotel-jaume-alp-girona-espana-768x484.jpg 768w, https:\/\/www.hoteljaume.com\/wp-content\/uploads\/2024\/11\/actividades-de-invierno-trineo-hotel-jaume-alp-girona-espana-1536x969.jpg 1536w, https:\/\/www.hoteljaume.com\/wp-content\/uploads\/2024\/11\/actividades-de-invierno-trineo-hotel-jaume-alp-girona-espana-2048x1292.jpg 2048w\" sizes=\"(max-width: 2560px) 100vw, 2560px\" \/><\/p>\t\t\t\t\t\t<\/div>\n\t\t\t\t<\/div>\n\t\t\t\t\t<\/div>\n\t\t\t\t<\/div>\n\t\t\t\t<\/div>\n\t\t","protected":false},"excerpt":{"rendered":"<p>Disfruta del invierno en la Cerdanya desde el Hotel Jaume En el coraz\u00f3n de la Cerdanya, se encuentra Alp, un pintoresco pueblo que se transforma en un para\u00edso invernal. Su proximidad a las estaciones de esqu\u00ed y su encanto natural lo convierten en el destino perfecto para los amantes de la nieve y la aventura. [&hellip;]<\/p>\n","protected":false},"author":4,"featured_media":4868,"parent":614,"menu_order":3,"comment_status":"closed","ping_status":"closed","template":"","meta":{"footnotes":""},"class_list":["post-3064","page","type-page","status-publish","has-post-thumbnail","hentry"],"yoast_head":"<!-- This site is optimized with the Yoast SEO Premium plugin v22.8 (Yoast SEO v22.8) - https:\/\/yoast.com\/wordpress\/plugins\/seo\/ -->\n<title>Actividades de invierno - Alp, Pirineo de Girona<\/title>\n<meta name=\"description\" content=\"Actividades de invierno en Alp, Girona. \u00a1Al\u00f3jate con nosotros en el Hotel Jaume y vive experiencias \u00fanicas en el Pirineo de Girona!\" \/>\n<meta name=\"robots\" content=\"index, follow, max-snippet:-1, max-image-preview:large, max-video-preview:-1\" \/>\n<link rel=\"canonical\" href=\"https:\/\/www.hoteljaume.com\/es\/que-hacer-en-alp-girona\/actividades-de-invierno\/\" \/>\n<meta property=\"og:locale\" content=\"es_ES\" \/>\n<meta property=\"og:type\" content=\"article\" \/>\n<meta property=\"og:title\" content=\"Actividades de invierno\" \/>\n<meta property=\"og:description\" content=\"Actividades de invierno en Alp, Girona. \u00a1Al\u00f3jate con nosotros en el Hotel Jaume y vive experiencias \u00fanicas en el Pirineo de Girona!\" \/>\n<meta property=\"og:url\" content=\"https:\/\/www.hoteljaume.com\/es\/que-hacer-en-alp-girona\/actividades-de-invierno\/\" \/>\n<meta property=\"og:site_name\" content=\"Hotel Jaume\" \/>\n<meta property=\"article:modified_time\" content=\"2024-12-12T14:12:43+00:00\" \/>\n<meta property=\"og:image\" content=\"https:\/\/www.hoteljaume.com\/wp-content\/uploads\/2024\/11\/actividades-invierno-esqui-hotel-jaume-alp-girona-scaled.jpg\" \/>\n\t<meta property=\"og:image:width\" content=\"2560\" \/>\n\t<meta property=\"og:image:height\" content=\"1359\" \/>\n\t<meta property=\"og:image:type\" content=\"image\/jpeg\" \/>\n<meta name=\"twitter:card\" content=\"summary_large_image\" \/>\n<meta name=\"twitter:label1\" content=\"Tiempo de lectura\" \/>\n\t<meta name=\"twitter:data1\" content=\"2 minutos\" \/>\n<script type=\"application\/ld+json\" class=\"yoast-schema-graph\">{\"@context\":\"https:\/\/schema.org\",\"@graph\":[{\"@type\":\"WebPage\",\"@id\":\"https:\/\/www.hoteljaume.com\/es\/que-hacer-en-alp-girona\/actividades-de-invierno\/\",\"url\":\"https:\/\/www.hoteljaume.com\/es\/que-hacer-en-alp-girona\/actividades-de-invierno\/\",\"name\":\"Actividades de invierno - Alp, Pirineo de Girona\",\"isPartOf\":{\"@id\":\"https:\/\/www.hoteljaume.com\/es\/#website\"},\"primaryImageOfPage\":{\"@id\":\"https:\/\/www.hoteljaume.com\/es\/que-hacer-en-alp-girona\/actividades-de-invierno\/#primaryimage\"},\"image\":{\"@id\":\"https:\/\/www.hoteljaume.com\/es\/que-hacer-en-alp-girona\/actividades-de-invierno\/#primaryimage\"},\"thumbnailUrl\":\"https:\/\/www.hoteljaume.com\/wp-content\/uploads\/2024\/11\/actividades-invierno-esqui-hotel-jaume-alp-girona-scaled.jpg\",\"datePublished\":\"2024-05-21T13:44:49+00:00\",\"dateModified\":\"2024-12-12T14:12:43+00:00\",\"description\":\"Actividades de invierno en Alp, Girona. \u00a1Al\u00f3jate con nosotros en el Hotel Jaume y vive experiencias \u00fanicas en el Pirineo de Girona!\",\"breadcrumb\":{\"@id\":\"https:\/\/www.hoteljaume.com\/es\/que-hacer-en-alp-girona\/actividades-de-invierno\/#breadcrumb\"},\"inLanguage\":\"es\",\"potentialAction\":[{\"@type\":\"ReadAction\",\"target\":[\"https:\/\/www.hoteljaume.com\/es\/que-hacer-en-alp-girona\/actividades-de-invierno\/\"]}]},{\"@type\":\"ImageObject\",\"inLanguage\":\"es\",\"@id\":\"https:\/\/www.hoteljaume.com\/es\/que-hacer-en-alp-girona\/actividades-de-invierno\/#primaryimage\",\"url\":\"https:\/\/www.hoteljaume.com\/wp-content\/uploads\/2024\/11\/actividades-invierno-esqui-hotel-jaume-alp-girona-scaled.jpg\",\"contentUrl\":\"https:\/\/www.hoteljaume.com\/wp-content\/uploads\/2024\/11\/actividades-invierno-esqui-hotel-jaume-alp-girona-scaled.jpg\",\"width\":2560,\"height\":1359},{\"@type\":\"BreadcrumbList\",\"@id\":\"https:\/\/www.hoteljaume.com\/es\/que-hacer-en-alp-girona\/actividades-de-invierno\/#breadcrumb\",\"itemListElement\":[{\"@type\":\"ListItem\",\"position\":1,\"name\":\"Home\",\"item\":\"https:\/\/www.hoteljaume.com\/es\/\"},{\"@type\":\"ListItem\",\"position\":2,\"name\":\"Alp\",\"item\":\"https:\/\/www.hoteljaume.com\/es\/que-hacer-en-alp-girona\/\"},{\"@type\":\"ListItem\",\"position\":3,\"name\":\"Actividades de invierno\"}]},{\"@type\":\"WebSite\",\"@id\":\"https:\/\/www.hoteljaume.com\/es\/#website\",\"url\":\"https:\/\/www.hoteljaume.com\/es\/\",\"name\":\"Hotel Jaume\",\"description\":\"\",\"publisher\":{\"@id\":\"https:\/\/www.hoteljaume.com\/es\/#organization\"},\"potentialAction\":[{\"@type\":\"SearchAction\",\"target\":{\"@type\":\"EntryPoint\",\"urlTemplate\":\"https:\/\/www.hoteljaume.com\/es\/?s={search_term_string}\"},\"query-input\":\"required name=search_term_string\"}],\"inLanguage\":\"es\"},{\"@type\":\"Organization\",\"@id\":\"https:\/\/www.hoteljaume.com\/es\/#organization\",\"name\":\"Hotel Jaume\",\"url\":\"https:\/\/www.hoteljaume.com\/es\/\",\"logo\":{\"@type\":\"ImageObject\",\"inLanguage\":\"es\",\"@id\":\"https:\/\/www.hoteljaume.com\/es\/#\/schema\/logo\/image\/\",\"url\":\"https:\/\/www.hoteljaume.com\/wp-content\/uploads\/2024\/02\/logo_Hotel-Jaume_V1.svg\",\"contentUrl\":\"https:\/\/www.hoteljaume.com\/wp-content\/uploads\/2024\/02\/logo_Hotel-Jaume_V1.svg\",\"width\":588,\"height\":163,\"caption\":\"Hotel Jaume\"},\"image\":{\"@id\":\"https:\/\/www.hoteljaume.com\/es\/#\/schema\/logo\/image\/\"}}]}<\/script>\n<!-- \/ Yoast SEO Premium plugin. -->","yoast_head_json":{"title":"Actividades de invierno - Alp, Pirineo de Girona","description":"Actividades de invierno en Alp, Girona. \u00a1Al\u00f3jate con nosotros en el Hotel Jaume y vive experiencias \u00fanicas en el Pirineo de Girona!","robots":{"index":"index","follow":"follow","max-snippet":"max-snippet:-1","max-image-preview":"max-image-preview:large","max-video-preview":"max-video-preview:-1"},"canonical":"https:\/\/www.hoteljaume.com\/es\/que-hacer-en-alp-girona\/actividades-de-invierno\/","og_locale":"es_ES","og_type":"article","og_title":"Actividades de invierno","og_description":"Actividades de invierno en Alp, Girona. \u00a1Al\u00f3jate con nosotros en el Hotel Jaume y vive experiencias \u00fanicas en el Pirineo de Girona!","og_url":"https:\/\/www.hoteljaume.com\/es\/que-hacer-en-alp-girona\/actividades-de-invierno\/","og_site_name":"Hotel Jaume","article_modified_time":"2024-12-12T14:12:43+00:00","og_image":[{"width":2560,"height":1359,"url":"https:\/\/www.hoteljaume.com\/wp-content\/uploads\/2024\/11\/actividades-invierno-esqui-hotel-jaume-alp-girona-scaled.jpg","type":"image\/jpeg"}],"twitter_card":"summary_large_image","twitter_misc":{"Tiempo de lectura":"2 minutos"},"schema":{"@context":"https:\/\/schema.org","@graph":[{"@type":"WebPage","@id":"https:\/\/www.hoteljaume.com\/es\/que-hacer-en-alp-girona\/actividades-de-invierno\/","url":"https:\/\/www.hoteljaume.com\/es\/que-hacer-en-alp-girona\/actividades-de-invierno\/","name":"Actividades de invierno - Alp, Pirineo de Girona","isPartOf":{"@id":"https:\/\/www.hoteljaume.com\/es\/#website"},"primaryImageOfPage":{"@id":"https:\/\/www.hoteljaume.com\/es\/que-hacer-en-alp-girona\/actividades-de-invierno\/#primaryimage"},"image":{"@id":"https:\/\/www.hoteljaume.com\/es\/que-hacer-en-alp-girona\/actividades-de-invierno\/#primaryimage"},"thumbnailUrl":"https:\/\/www.hoteljaume.com\/wp-content\/uploads\/2024\/11\/actividades-invierno-esqui-hotel-jaume-alp-girona-scaled.jpg","datePublished":"2024-05-21T13:44:49+00:00","dateModified":"2024-12-12T14:12:43+00:00","description":"Actividades de invierno en Alp, Girona. \u00a1Al\u00f3jate con nosotros en el Hotel Jaume y vive experiencias \u00fanicas en el Pirineo de Girona!","breadcrumb":{"@id":"https:\/\/www.hoteljaume.com\/es\/que-hacer-en-alp-girona\/actividades-de-invierno\/#breadcrumb"},"inLanguage":"es","potentialAction":[{"@type":"ReadAction","target":["https:\/\/www.hoteljaume.com\/es\/que-hacer-en-alp-girona\/actividades-de-invierno\/"]}]},{"@type":"ImageObject","inLanguage":"es","@id":"https:\/\/www.hoteljaume.com\/es\/que-hacer-en-alp-girona\/actividades-de-invierno\/#primaryimage","url":"https:\/\/www.hoteljaume.com\/wp-content\/uploads\/2024\/11\/actividades-invierno-esqui-hotel-jaume-alp-girona-scaled.jpg","contentUrl":"https:\/\/www.hoteljaume.com\/wp-content\/uploads\/2024\/11\/actividades-invierno-esqui-hotel-jaume-alp-girona-scaled.jpg","width":2560,"height":1359},{"@type":"BreadcrumbList","@id":"https:\/\/www.hoteljaume.com\/es\/que-hacer-en-alp-girona\/actividades-de-invierno\/#breadcrumb","itemListElement":[{"@type":"ListItem","position":1,"name":"Home","item":"https:\/\/www.hoteljaume.com\/es\/"},{"@type":"ListItem","position":2,"name":"Alp","item":"https:\/\/www.hoteljaume.com\/es\/que-hacer-en-alp-girona\/"},{"@type":"ListItem","position":3,"name":"Actividades de invierno"}]},{"@type":"WebSite","@id":"https:\/\/www.hoteljaume.com\/es\/#website","url":"https:\/\/www.hoteljaume.com\/es\/","name":"Hotel Jaume","description":"","publisher":{"@id":"https:\/\/www.hoteljaume.com\/es\/#organization"},"potentialAction":[{"@type":"SearchAction","target":{"@type":"EntryPoint","urlTemplate":"https:\/\/www.hoteljaume.com\/es\/?s={search_term_string}"},"query-input":"required name=search_term_string"}],"inLanguage":"es"},{"@type":"Organization","@id":"https:\/\/www.hoteljaume.com\/es\/#organization","name":"Hotel Jaume","url":"https:\/\/www.hoteljaume.com\/es\/","logo":{"@type":"ImageObject","inLanguage":"es","@id":"https:\/\/www.hoteljaume.com\/es\/#\/schema\/logo\/image\/","url":"https:\/\/www.hoteljaume.com\/wp-content\/uploads\/2024\/02\/logo_Hotel-Jaume_V1.svg","contentUrl":"https:\/\/www.hoteljaume.com\/wp-content\/uploads\/2024\/02\/logo_Hotel-Jaume_V1.svg","width":588,"height":163,"caption":"Hotel Jaume"},"image":{"@id":"https:\/\/www.hoteljaume.com\/es\/#\/schema\/logo\/image\/"}}]}},"_links":{"self":[{"href":"https:\/\/www.hoteljaume.com\/es\/wp-json\/wp\/v2\/pages\/3064","targetHints":{"allow":["GET"]}}],"collection":[{"href":"https:\/\/www.hoteljaume.com\/es\/wp-json\/wp\/v2\/pages"}],"about":[{"href":"https:\/\/www.hoteljaume.com\/es\/wp-json\/wp\/v2\/types\/page"}],"author":[{"embeddable":true,"href":"https:\/\/www.hoteljaume.com\/es\/wp-json\/wp\/v2\/users\/4"}],"replies":[{"embeddable":true,"href":"https:\/\/www.hoteljaume.com\/es\/wp-json\/wp\/v2\/comments?post=3064"}],"version-history":[{"count":28,"href":"https:\/\/www.hoteljaume.com\/es\/wp-json\/wp\/v2\/pages\/3064\/revisions"}],"predecessor-version":[{"id":5093,"href":"https:\/\/www.hoteljaume.com\/es\/wp-json\/wp\/v2\/pages\/3064\/revisions\/5093"}],"up":[{"embeddable":true,"href":"https:\/\/www.hoteljaume.com\/es\/wp-json\/wp\/v2\/pages\/614"}],"wp:featuredmedia":[{"embeddable":true,"href":"https:\/\/www.hoteljaume.com\/es\/wp-json\/wp\/v2\/media\/4868"}],"wp:attachment":[{"href":"https:\/\/www.hoteljaume.com\/es\/wp-json\/wp\/v2\/media?parent=3064"}],"curies":[{"name":"wp","href":"https:\/\/api.w.org\/{rel}","templated":true}]}}