{"id":3062,"date":"2024-05-21T13:33:32","date_gmt":"2024-05-21T11:33:32","guid":{"rendered":"https:\/\/dev-lascumbresapart.gnahs.com\/?page_id=3062"},"modified":"2025-01-07T13:15:58","modified_gmt":"2025-01-07T12:15:58","slug":"actividades-de-verano","status":"publish","type":"page","link":"https:\/\/www.hoteljaume.com\/es\/que-hacer-en-alp-girona\/actividades-de-verano\/","title":{"rendered":"Actividades de verano"},"content":{"rendered":"<h2><strong>Verano en Alp: Aventuras para todos los gustos<\/strong><\/h2>\n<p>El pueblo de <strong>Alp<\/strong> se transforma en <strong>verano<\/strong> en un para\u00edso para los<strong> amantes de la naturaleza y las actividades al aire libre<\/strong>. Sus paisajes monta\u00f1osos, sus lagos cristalinos y sus pueblos con encanto ofrecen un sinf\u00edn de posibilidades para disfrutar de unos d\u00edas inolvidables. \u00bfEst\u00e1s listo para descubrir todo lo que puedes hacer?<\/p>\n<p>&nbsp;<\/p>\n<h3 data-sourcepos=\"7:1-7:45\"><strong>Actividades para los m\u00e1s aventureros<\/strong><\/h3>\n<ul data-sourcepos=\"9:1-13:0\">\n<li data-sourcepos=\"9:1-9:284\">\n<p data-sourcepos=\"7:1-7:45\"><strong>Senderismo<\/strong>: Alp es un para\u00edso para los amantes del senderismo, con una extensa red de rutas que se adaptan a todos los niveles. Desde recorridos f\u00e1ciles y accesibles para principiantes hasta desafiantes traves\u00edas que te llevar\u00e1n a las cimas m\u00e1s altas del Parque Natural del Cad\u00ed-Moixer\u00f3. Disfruta de la majestuosidad de sus paisajes monta\u00f1osos, rodeados de un entorno natural impresionante. Ya sea que desees realizar una caminata tranquila por el bosque, explorar antiguos caminos de monta\u00f1a o subir a los picos m\u00e1s elevados para disfrutar de vistas panor\u00e1micas, la Cerdanya ofrece opciones para todos.<\/p>\n<\/li>\n<\/ul>\n<p>&nbsp;<\/p>\n<ul data-sourcepos=\"9:1-13:0\">\n<li data-sourcepos=\"12:1-13:0\"><strong>Ciclismo<\/strong>: Alp es tambi\u00e9n un destino excelente para los aficionados al ciclismo, con rutas tanto para los m\u00e1s experimentados como para quienes prefieren rutas m\u00e1s suaves. Si eres un amante de la bicicleta de monta\u00f1a, te sorprender\u00e1n sus desafiantes senderos que recorren bosques, praderas y cumbres, mientras que si prefieres la bicicleta de carretera, encontrar\u00e1s carreteras tranquilas y paisajes espectaculares para disfrutar de un paseo relajante. Ya sea para desafiar tus l\u00edmites en subidas pronunciadas o pedalear por caminos m\u00e1s suaves y serenos, la Cerdanya te ofrece un sinf\u00edn de posibilidades.<\/li>\n<\/ul>\n<p>&nbsp;<\/p>\n<ul data-sourcepos=\"9:1-13:0\">\n<li data-sourcepos=\"12:1-13:0\"><strong>Deportes acu\u00e1ticos<\/strong>: Los hermosos lagos de la Cerdanya, con sus aguas cristalinas, son el lugar perfecto para disfrutar de una gran variedad de deportes acu\u00e1ticos. Puedes lanzarte a la aventura practicando kayak, paddle surf o windsurf, disfrutando de la tranquilidad que ofrece el entorno natural mientras te refrescas en sus aguas. Adem\u00e1s, si buscas un d\u00eda de descanso junto al agua, los paisajes que rodean los lagos invitan a relajarse y disfrutar de la paz que solo un lugar tan id\u00edlico puede ofrecer.<\/li>\n<\/ul>\n<p>&nbsp;<\/p>\n<ul data-sourcepos=\"9:1-13:0\">\n<li data-sourcepos=\"12:1-13:0\"><strong>Actividades de aventura<\/strong>: Para quienes buscan un toque de emoci\u00f3n y adrenalina, la Cerdanya no decepciona. Con opciones como rafting, barranquismo o escalada, puedes vivir la aventura en su m\u00e1xima expresi\u00f3n. Desciende por r\u00edos de aguas bravas en rafting, explora ca\u00f1ones en barranquismo o desaf\u00eda las alturas escalando sus rocosas monta\u00f1as. Si eres un amante de las emociones fuertes, este destino es ideal para experimentar actividades de aventura rodeado de una naturaleza impresionante.<\/li>\n<\/ul>\n<p>&nbsp;<\/p>\n<p><strong>Alp<\/strong> te ofrece un verano lleno de aventuras. Desde explorar senderos hasta relajarte en un balneario, hay algo para todos. \u00bfCu\u00e1l ser\u00e1 tu pr\u00f3xima aventura? \u00a1No dudes en compartirla con nosotros!<\/p>\n<p>&nbsp;<\/p>\n<p><img fetchpriority=\"high\" decoding=\"async\" class=\"aligncenter wp-image-4947 size-full\" src=\"https:\/\/www.hoteljaume.com\/wp-content\/uploads\/2024\/11\/actividades-de-verano-hotel-jaume-alp-girona-scaled.jpg\" alt=\"\" width=\"2560\" height=\"1707\" srcset=\"https:\/\/www.hoteljaume.com\/wp-content\/uploads\/2024\/11\/actividades-de-verano-hotel-jaume-alp-girona-scaled.jpg 2560w, https:\/\/www.hoteljaume.com\/wp-content\/uploads\/2024\/11\/actividades-de-verano-hotel-jaume-alp-girona-300x200.jpg 300w, https:\/\/www.hoteljaume.com\/wp-content\/uploads\/2024\/11\/actividades-de-verano-hotel-jaume-alp-girona-1024x683.jpg 1024w, https:\/\/www.hoteljaume.com\/wp-content\/uploads\/2024\/11\/actividades-de-verano-hotel-jaume-alp-girona-768x512.jpg 768w, https:\/\/www.hoteljaume.com\/wp-content\/uploads\/2024\/11\/actividades-de-verano-hotel-jaume-alp-girona-1536x1024.jpg 1536w, https:\/\/www.hoteljaume.com\/wp-content\/uploads\/2024\/11\/actividades-de-verano-hotel-jaume-alp-girona-2048x1365.jpg 2048w\" sizes=\"(max-width: 2560px) 100vw, 2560px\" \/><\/p>\n","protected":false},"excerpt":{"rendered":"<p>Verano en Alp: Aventuras para todos los gustos El pueblo de Alp se transforma en verano en un para\u00edso para los amantes de la naturaleza y las actividades al aire libre. Sus paisajes monta\u00f1osos, sus lagos cristalinos y sus pueblos con encanto ofrecen un sinf\u00edn de posibilidades para disfrutar de unos d\u00edas inolvidables. \u00bfEst\u00e1s listo [&hellip;]<\/p>\n","protected":false},"author":4,"featured_media":4952,"parent":614,"menu_order":4,"comment_status":"closed","ping_status":"closed","template":"","meta":{"footnotes":""},"class_list":["post-3062","page","type-page","status-publish","has-post-thumbnail","hentry"],"yoast_head":"<!-- This site is optimized with the Yoast SEO Premium plugin v22.8 (Yoast SEO v22.8) - https:\/\/yoast.com\/wordpress\/plugins\/seo\/ -->\n<title>Actividades de verano - Alp, Pirineo de Girona<\/title>\n<meta name=\"description\" content=\"Actividades de verano en Alp, Girona. \u00a1Al\u00f3jate con nosotros en el Hotel Jaume y vive experiencias \u00fanicas en el Pirineo de Girona!\" \/>\n<meta name=\"robots\" content=\"index, follow, max-snippet:-1, max-image-preview:large, max-video-preview:-1\" \/>\n<link rel=\"canonical\" href=\"https:\/\/www.hoteljaume.com\/es\/que-hacer-en-alp-girona\/actividades-de-verano\/\" \/>\n<meta property=\"og:locale\" content=\"es_ES\" \/>\n<meta property=\"og:type\" content=\"article\" \/>\n<meta property=\"og:title\" content=\"Actividades de verano\" \/>\n<meta property=\"og:description\" content=\"Actividades de verano en Alp, Girona. \u00a1Al\u00f3jate con nosotros en el Hotel Jaume y vive experiencias \u00fanicas en el Pirineo de Girona!\" \/>\n<meta property=\"og:url\" content=\"https:\/\/www.hoteljaume.com\/es\/que-hacer-en-alp-girona\/actividades-de-verano\/\" \/>\n<meta property=\"og:site_name\" content=\"Hotel Jaume\" \/>\n<meta property=\"article:modified_time\" content=\"2025-01-07T12:15:58+00:00\" \/>\n<meta property=\"og:image\" content=\"https:\/\/www.hoteljaume.com\/wp-content\/uploads\/2024\/11\/actividades-de-verano-entorno-hotel-jaume-alp-girona-scaled.jpg\" \/>\n\t<meta property=\"og:image:width\" content=\"2560\" \/>\n\t<meta property=\"og:image:height\" content=\"1707\" \/>\n\t<meta property=\"og:image:type\" content=\"image\/jpeg\" \/>\n<meta name=\"twitter:card\" content=\"summary_large_image\" \/>\n<meta name=\"twitter:label1\" content=\"Tiempo de lectura\" \/>\n\t<meta name=\"twitter:data1\" content=\"3 minutos\" \/>\n<script type=\"application\/ld+json\" class=\"yoast-schema-graph\">{\"@context\":\"https:\/\/schema.org\",\"@graph\":[{\"@type\":\"WebPage\",\"@id\":\"https:\/\/www.hoteljaume.com\/es\/que-hacer-en-alp-girona\/actividades-de-verano\/\",\"url\":\"https:\/\/www.hoteljaume.com\/es\/que-hacer-en-alp-girona\/actividades-de-verano\/\",\"name\":\"Actividades de verano - Alp, Pirineo de Girona\",\"isPartOf\":{\"@id\":\"https:\/\/www.hoteljaume.com\/es\/#website\"},\"primaryImageOfPage\":{\"@id\":\"https:\/\/www.hoteljaume.com\/es\/que-hacer-en-alp-girona\/actividades-de-verano\/#primaryimage\"},\"image\":{\"@id\":\"https:\/\/www.hoteljaume.com\/es\/que-hacer-en-alp-girona\/actividades-de-verano\/#primaryimage\"},\"thumbnailUrl\":\"https:\/\/www.hoteljaume.com\/wp-content\/uploads\/2024\/11\/actividades-de-verano-entorno-hotel-jaume-alp-girona-scaled.jpg\",\"datePublished\":\"2024-05-21T11:33:32+00:00\",\"dateModified\":\"2025-01-07T12:15:58+00:00\",\"description\":\"Actividades de verano en Alp, Girona. \u00a1Al\u00f3jate con nosotros en el Hotel Jaume y vive experiencias \u00fanicas en el Pirineo de Girona!\",\"breadcrumb\":{\"@id\":\"https:\/\/www.hoteljaume.com\/es\/que-hacer-en-alp-girona\/actividades-de-verano\/#breadcrumb\"},\"inLanguage\":\"es\",\"potentialAction\":[{\"@type\":\"ReadAction\",\"target\":[\"https:\/\/www.hoteljaume.com\/es\/que-hacer-en-alp-girona\/actividades-de-verano\/\"]}]},{\"@type\":\"ImageObject\",\"inLanguage\":\"es\",\"@id\":\"https:\/\/www.hoteljaume.com\/es\/que-hacer-en-alp-girona\/actividades-de-verano\/#primaryimage\",\"url\":\"https:\/\/www.hoteljaume.com\/wp-content\/uploads\/2024\/11\/actividades-de-verano-entorno-hotel-jaume-alp-girona-scaled.jpg\",\"contentUrl\":\"https:\/\/www.hoteljaume.com\/wp-content\/uploads\/2024\/11\/actividades-de-verano-entorno-hotel-jaume-alp-girona-scaled.jpg\",\"width\":2560,\"height\":1707},{\"@type\":\"BreadcrumbList\",\"@id\":\"https:\/\/www.hoteljaume.com\/es\/que-hacer-en-alp-girona\/actividades-de-verano\/#breadcrumb\",\"itemListElement\":[{\"@type\":\"ListItem\",\"position\":1,\"name\":\"Home\",\"item\":\"https:\/\/www.hoteljaume.com\/es\/\"},{\"@type\":\"ListItem\",\"position\":2,\"name\":\"Alp\",\"item\":\"https:\/\/www.hoteljaume.com\/es\/que-hacer-en-alp-girona\/\"},{\"@type\":\"ListItem\",\"position\":3,\"name\":\"Actividades de verano\"}]},{\"@type\":\"WebSite\",\"@id\":\"https:\/\/www.hoteljaume.com\/es\/#website\",\"url\":\"https:\/\/www.hoteljaume.com\/es\/\",\"name\":\"Hotel Jaume\",\"description\":\"\",\"publisher\":{\"@id\":\"https:\/\/www.hoteljaume.com\/es\/#organization\"},\"potentialAction\":[{\"@type\":\"SearchAction\",\"target\":{\"@type\":\"EntryPoint\",\"urlTemplate\":\"https:\/\/www.hoteljaume.com\/es\/?s={search_term_string}\"},\"query-input\":\"required name=search_term_string\"}],\"inLanguage\":\"es\"},{\"@type\":\"Organization\",\"@id\":\"https:\/\/www.hoteljaume.com\/es\/#organization\",\"name\":\"Hotel Jaume\",\"url\":\"https:\/\/www.hoteljaume.com\/es\/\",\"logo\":{\"@type\":\"ImageObject\",\"inLanguage\":\"es\",\"@id\":\"https:\/\/www.hoteljaume.com\/es\/#\/schema\/logo\/image\/\",\"url\":\"https:\/\/www.hoteljaume.com\/wp-content\/uploads\/2024\/02\/logo_Hotel-Jaume_V1.svg\",\"contentUrl\":\"https:\/\/www.hoteljaume.com\/wp-content\/uploads\/2024\/02\/logo_Hotel-Jaume_V1.svg\",\"width\":588,\"height\":163,\"caption\":\"Hotel Jaume\"},\"image\":{\"@id\":\"https:\/\/www.hoteljaume.com\/es\/#\/schema\/logo\/image\/\"}}]}<\/script>\n<!-- \/ Yoast SEO Premium plugin. -->","yoast_head_json":{"title":"Actividades de verano - Alp, Pirineo de Girona","description":"Actividades de verano en Alp, Girona. \u00a1Al\u00f3jate con nosotros en el Hotel Jaume y vive experiencias \u00fanicas en el Pirineo de Girona!","robots":{"index":"index","follow":"follow","max-snippet":"max-snippet:-1","max-image-preview":"max-image-preview:large","max-video-preview":"max-video-preview:-1"},"canonical":"https:\/\/www.hoteljaume.com\/es\/que-hacer-en-alp-girona\/actividades-de-verano\/","og_locale":"es_ES","og_type":"article","og_title":"Actividades de verano","og_description":"Actividades de verano en Alp, Girona. \u00a1Al\u00f3jate con nosotros en el Hotel Jaume y vive experiencias \u00fanicas en el Pirineo de Girona!","og_url":"https:\/\/www.hoteljaume.com\/es\/que-hacer-en-alp-girona\/actividades-de-verano\/","og_site_name":"Hotel Jaume","article_modified_time":"2025-01-07T12:15:58+00:00","og_image":[{"width":2560,"height":1707,"url":"https:\/\/www.hoteljaume.com\/wp-content\/uploads\/2024\/11\/actividades-de-verano-entorno-hotel-jaume-alp-girona-scaled.jpg","type":"image\/jpeg"}],"twitter_card":"summary_large_image","twitter_misc":{"Tiempo de lectura":"3 minutos"},"schema":{"@context":"https:\/\/schema.org","@graph":[{"@type":"WebPage","@id":"https:\/\/www.hoteljaume.com\/es\/que-hacer-en-alp-girona\/actividades-de-verano\/","url":"https:\/\/www.hoteljaume.com\/es\/que-hacer-en-alp-girona\/actividades-de-verano\/","name":"Actividades de verano - Alp, Pirineo de Girona","isPartOf":{"@id":"https:\/\/www.hoteljaume.com\/es\/#website"},"primaryImageOfPage":{"@id":"https:\/\/www.hoteljaume.com\/es\/que-hacer-en-alp-girona\/actividades-de-verano\/#primaryimage"},"image":{"@id":"https:\/\/www.hoteljaume.com\/es\/que-hacer-en-alp-girona\/actividades-de-verano\/#primaryimage"},"thumbnailUrl":"https:\/\/www.hoteljaume.com\/wp-content\/uploads\/2024\/11\/actividades-de-verano-entorno-hotel-jaume-alp-girona-scaled.jpg","datePublished":"2024-05-21T11:33:32+00:00","dateModified":"2025-01-07T12:15:58+00:00","description":"Actividades de verano en Alp, Girona. \u00a1Al\u00f3jate con nosotros en el Hotel Jaume y vive experiencias \u00fanicas en el Pirineo de Girona!","breadcrumb":{"@id":"https:\/\/www.hoteljaume.com\/es\/que-hacer-en-alp-girona\/actividades-de-verano\/#breadcrumb"},"inLanguage":"es","potentialAction":[{"@type":"ReadAction","target":["https:\/\/www.hoteljaume.com\/es\/que-hacer-en-alp-girona\/actividades-de-verano\/"]}]},{"@type":"ImageObject","inLanguage":"es","@id":"https:\/\/www.hoteljaume.com\/es\/que-hacer-en-alp-girona\/actividades-de-verano\/#primaryimage","url":"https:\/\/www.hoteljaume.com\/wp-content\/uploads\/2024\/11\/actividades-de-verano-entorno-hotel-jaume-alp-girona-scaled.jpg","contentUrl":"https:\/\/www.hoteljaume.com\/wp-content\/uploads\/2024\/11\/actividades-de-verano-entorno-hotel-jaume-alp-girona-scaled.jpg","width":2560,"height":1707},{"@type":"BreadcrumbList","@id":"https:\/\/www.hoteljaume.com\/es\/que-hacer-en-alp-girona\/actividades-de-verano\/#breadcrumb","itemListElement":[{"@type":"ListItem","position":1,"name":"Home","item":"https:\/\/www.hoteljaume.com\/es\/"},{"@type":"ListItem","position":2,"name":"Alp","item":"https:\/\/www.hoteljaume.com\/es\/que-hacer-en-alp-girona\/"},{"@type":"ListItem","position":3,"name":"Actividades de verano"}]},{"@type":"WebSite","@id":"https:\/\/www.hoteljaume.com\/es\/#website","url":"https:\/\/www.hoteljaume.com\/es\/","name":"Hotel Jaume","description":"","publisher":{"@id":"https:\/\/www.hoteljaume.com\/es\/#organization"},"potentialAction":[{"@type":"SearchAction","target":{"@type":"EntryPoint","urlTemplate":"https:\/\/www.hoteljaume.com\/es\/?s={search_term_string}"},"query-input":"required name=search_term_string"}],"inLanguage":"es"},{"@type":"Organization","@id":"https:\/\/www.hoteljaume.com\/es\/#organization","name":"Hotel Jaume","url":"https:\/\/www.hoteljaume.com\/es\/","logo":{"@type":"ImageObject","inLanguage":"es","@id":"https:\/\/www.hoteljaume.com\/es\/#\/schema\/logo\/image\/","url":"https:\/\/www.hoteljaume.com\/wp-content\/uploads\/2024\/02\/logo_Hotel-Jaume_V1.svg","contentUrl":"https:\/\/www.hoteljaume.com\/wp-content\/uploads\/2024\/02\/logo_Hotel-Jaume_V1.svg","width":588,"height":163,"caption":"Hotel Jaume"},"image":{"@id":"https:\/\/www.hoteljaume.com\/es\/#\/schema\/logo\/image\/"}}]}},"_links":{"self":[{"href":"https:\/\/www.hoteljaume.com\/es\/wp-json\/wp\/v2\/pages\/3062","targetHints":{"allow":["GET"]}}],"collection":[{"href":"https:\/\/www.hoteljaume.com\/es\/wp-json\/wp\/v2\/pages"}],"about":[{"href":"https:\/\/www.hoteljaume.com\/es\/wp-json\/wp\/v2\/types\/page"}],"author":[{"embeddable":true,"href":"https:\/\/www.hoteljaume.com\/es\/wp-json\/wp\/v2\/users\/4"}],"replies":[{"embeddable":true,"href":"https:\/\/www.hoteljaume.com\/es\/wp-json\/wp\/v2\/comments?post=3062"}],"version-history":[{"count":12,"href":"https:\/\/www.hoteljaume.com\/es\/wp-json\/wp\/v2\/pages\/3062\/revisions"}],"predecessor-version":[{"id":5809,"href":"https:\/\/www.hoteljaume.com\/es\/wp-json\/wp\/v2\/pages\/3062\/revisions\/5809"}],"up":[{"embeddable":true,"href":"https:\/\/www.hoteljaume.com\/es\/wp-json\/wp\/v2\/pages\/614"}],"wp:featuredmedia":[{"embeddable":true,"href":"https:\/\/www.hoteljaume.com\/es\/wp-json\/wp\/v2\/media\/4952"}],"wp:attachment":[{"href":"https:\/\/www.hoteljaume.com\/es\/wp-json\/wp\/v2\/media?parent=3062"}],"curies":[{"name":"wp","href":"https:\/\/api.w.org\/{rel}","templated":true}]}}