{"id":3047,"date":"2024-05-21T12:13:40","date_gmt":"2024-05-21T12:13:40","guid":{"rendered":"https:\/\/dev-lascumbresapart.gnahs.com\/?page_id=3047"},"modified":"2024-12-12T08:49:38","modified_gmt":"2024-12-12T07:49:38","slug":"actividades-familiares","status":"publish","type":"page","link":"https:\/\/www.hoteljaume.com\/es\/que-hacer-en-alp-girona\/actividades-familiares\/","title":{"rendered":"Actividades familiares"},"content":{"rendered":"\t\t<div data-elementor-type=\"wp-page\" data-elementor-id=\"3047\" class=\"elementor elementor-3047\" data-elementor-post-type=\"page\">\n\t\t\t\t<div class=\"elementor-element elementor-element-1b495edb e-flex e-con-boxed e-con e-parent\" data-id=\"1b495edb\" data-element_type=\"container\">\n\t\t\t\t\t<div class=\"e-con-inner\">\n\t\t\t\t<div class=\"elementor-element elementor-element-bc52bfc elementor-widget elementor-widget-text-editor\" data-id=\"bc52bfc\" data-element_type=\"widget\" data-widget_type=\"text-editor.default\">\n\t\t\t\t<div class=\"elementor-widget-container\">\n\t\t\t<style>\/*! elementor - v3.21.0 - 26-05-2024 *\/\n.elementor-widget-text-editor.elementor-drop-cap-view-stacked .elementor-drop-cap{background-color:#69727d;color:#fff}.elementor-widget-text-editor.elementor-drop-cap-view-framed .elementor-drop-cap{color:#69727d;border:3px solid;background-color:transparent}.elementor-widget-text-editor:not(.elementor-drop-cap-view-default) .elementor-drop-cap{margin-top:8px}.elementor-widget-text-editor:not(.elementor-drop-cap-view-default) .elementor-drop-cap-letter{width:1em;height:1em}.elementor-widget-text-editor .elementor-drop-cap{float:left;text-align:center;line-height:1;font-size:50px}.elementor-widget-text-editor .elementor-drop-cap-letter{display:inline-block}<\/style>\t\t\t\t<div class=\"elementor-element elementor-element-eea3bae elementor-widget elementor-widget-jkit_post_content\" data-id=\"eea3bae\" data-element_type=\"widget\" data-widget_type=\"jkit_post_content.default\"><div class=\"elementor-widget-container\"><div class=\"jeg-elementor-kit jkit-post-content jeg_module_988_6_664c8fc6db67c\"><h2>\u00a1Un mundo de diversi\u00f3n te espera en Alp! \ufe0f<\/h2><p>Ubicado en el coraz\u00f3n de la <strong>Cerdanya<\/strong>, <strong>Alp<\/strong> ofrece un entorno natural perfecto para disfrutar en familia. Desde actividades al aire libre hasta su proximidad a estaciones de esqu\u00ed, es el lugar ideal para crear recuerdos inolvidables con los m\u00e1s peque\u00f1os.<\/p><p>\u00a0<\/p><ul><li data-sourcepos=\"5:1-5:244\"><strong>Parque de aventuras La Molina:<\/strong> Este parque ofrece circuitos de aventura en los \u00e1rboles adaptados a diferentes edades, tirolinas, puentes colgantes y muchas m\u00e1s actividades para que los ni\u00f1os se diviertan y pongan a prueba sus habilidades.<\/li><\/ul><p>\u00a0<\/p><ul><li data-sourcepos=\"6:1-6:177\"><strong>Rutas a caballo:<\/strong> Varias empresas organizan rutas a caballo para ni\u00f1os y familias, una forma divertida de explorar los paisajes de la Cerdanya y conectar con la naturaleza.<\/li><\/ul><p>\u00a0<\/p><ul><li data-sourcepos=\"7:1-7:241\"><strong>Talleres infantiles:<\/strong> Durante todo el a\u00f1o se organizan talleres de pintura, manualidades, cocina y otras actividades creativas para los m\u00e1s peque\u00f1os. Consulta la agenda de actividades de las oficinas de turismo o de los centros de ocio.<\/li><\/ul><p>\u00a0<\/p><ul><li data-sourcepos=\"8:1-8:181\"><strong>Visitas guiadas:<\/strong> Algunas granjas y centros de interpretaci\u00f3n ofrecen visitas guiadas para ni\u00f1os, donde podr\u00e1n aprender sobre la vida en el campo, los animales y la naturaleza.<\/li><\/ul><p>\u00a0<\/p><ul><li data-sourcepos=\"9:1-10:0\"><strong>Actividades de aventura:<\/strong> Empresas especializadas organizan actividades de aventura como barranquismo, escalada o espeleolog\u00eda, siempre adaptadas a la edad y las habilidades de los ni\u00f1os.<\/li><\/ul><p>\u00a0<\/p><\/div><p>En <strong>Alp<\/strong>, te espera un para\u00edso natural lleno de planes para grandes y peque\u00f1os. \u00a1Ven a disfrutar en familia de un entorno excepcional!<\/p><p>\u00a0<\/p><p><img fetchpriority=\"high\" decoding=\"async\" class=\"aligncenter wp-image-4939 size-full\" src=\"https:\/\/www.hoteljaume.com\/wp-content\/uploads\/2024\/11\/actividades-familiares-entorno-hotel-jaume-alp-girona-scaled.jpeg\" alt=\"\" width=\"2560\" height=\"1463\" srcset=\"https:\/\/www.hoteljaume.com\/wp-content\/uploads\/2024\/11\/actividades-familiares-entorno-hotel-jaume-alp-girona-scaled.jpeg 2560w, https:\/\/www.hoteljaume.com\/wp-content\/uploads\/2024\/11\/actividades-familiares-entorno-hotel-jaume-alp-girona-300x171.jpeg 300w, https:\/\/www.hoteljaume.com\/wp-content\/uploads\/2024\/11\/actividades-familiares-entorno-hotel-jaume-alp-girona-1024x585.jpeg 1024w, https:\/\/www.hoteljaume.com\/wp-content\/uploads\/2024\/11\/actividades-familiares-entorno-hotel-jaume-alp-girona-768x439.jpeg 768w, https:\/\/www.hoteljaume.com\/wp-content\/uploads\/2024\/11\/actividades-familiares-entorno-hotel-jaume-alp-girona-1536x878.jpeg 1536w, https:\/\/www.hoteljaume.com\/wp-content\/uploads\/2024\/11\/actividades-familiares-entorno-hotel-jaume-alp-girona-2048x1170.jpeg 2048w\" sizes=\"(max-width: 2560px) 100vw, 2560px\" \/><\/p><\/div><\/div>\t\t\t\t\t\t<\/div>\n\t\t\t\t<\/div>\n\t\t\t\t\t<\/div>\n\t\t\t\t<\/div>\n\t\t\t\t<\/div>\n\t\t","protected":false},"excerpt":{"rendered":"<p>\u00a1Un mundo de diversi\u00f3n te espera en Alp! \ufe0f Ubicado en el coraz\u00f3n de la Cerdanya, Alp ofrece un entorno natural perfecto para disfrutar en familia. Desde actividades al aire libre hasta su proximidad a estaciones de esqu\u00ed, es el lugar ideal para crear recuerdos inolvidables con los m\u00e1s peque\u00f1os. \u00a0 Parque de aventuras La [&hellip;]<\/p>\n","protected":false},"author":4,"featured_media":4943,"parent":614,"menu_order":6,"comment_status":"closed","ping_status":"closed","template":"","meta":{"footnotes":""},"class_list":["post-3047","page","type-page","status-publish","has-post-thumbnail","hentry"],"yoast_head":"<!-- This site is optimized with the Yoast SEO Premium plugin v22.8 (Yoast SEO v22.8) - https:\/\/yoast.com\/wordpress\/plugins\/seo\/ -->\n<title>Actividades familiares - Alp, Pirineo de Girona<\/title>\n<meta name=\"description\" content=\"Actividades familiares en Alp, Girona. \u00a1Al\u00f3jate con nosotros en el Hotel Jaume y vive experiencias \u00fanicas en el Pirineo de Girona!\" \/>\n<meta name=\"robots\" content=\"index, follow, max-snippet:-1, max-image-preview:large, max-video-preview:-1\" \/>\n<link rel=\"canonical\" href=\"https:\/\/www.hoteljaume.com\/es\/que-hacer-en-alp-girona\/actividades-familiares\/\" \/>\n<meta property=\"og:locale\" content=\"es_ES\" \/>\n<meta property=\"og:type\" content=\"article\" \/>\n<meta property=\"og:title\" content=\"Actividades familiares\" \/>\n<meta property=\"og:description\" content=\"Actividades familiares en Alp, Girona. \u00a1Al\u00f3jate con nosotros en el Hotel Jaume y vive experiencias \u00fanicas en el Pirineo de Girona!\" \/>\n<meta property=\"og:url\" content=\"https:\/\/www.hoteljaume.com\/es\/que-hacer-en-alp-girona\/actividades-familiares\/\" \/>\n<meta property=\"og:site_name\" content=\"Hotel Jaume\" \/>\n<meta property=\"article:modified_time\" content=\"2024-12-12T07:49:38+00:00\" \/>\n<meta property=\"og:image\" content=\"https:\/\/www.hoteljaume.com\/wp-content\/uploads\/2024\/11\/actividades-familiares-bicicleta-hotel-jaume-alp-girona-1-scaled.jpg\" \/>\n\t<meta property=\"og:image:width\" content=\"2560\" \/>\n\t<meta property=\"og:image:height\" content=\"1707\" \/>\n\t<meta property=\"og:image:type\" content=\"image\/jpeg\" \/>\n<meta name=\"twitter:card\" content=\"summary_large_image\" \/>\n<meta name=\"twitter:label1\" content=\"Tiempo de lectura\" \/>\n\t<meta name=\"twitter:data1\" content=\"3 minutos\" \/>\n<script type=\"application\/ld+json\" class=\"yoast-schema-graph\">{\"@context\":\"https:\/\/schema.org\",\"@graph\":[{\"@type\":\"WebPage\",\"@id\":\"https:\/\/www.hoteljaume.com\/es\/que-hacer-en-alp-girona\/actividades-familiares\/\",\"url\":\"https:\/\/www.hoteljaume.com\/es\/que-hacer-en-alp-girona\/actividades-familiares\/\",\"name\":\"Actividades familiares - Alp, Pirineo de Girona\",\"isPartOf\":{\"@id\":\"https:\/\/www.hoteljaume.com\/es\/#website\"},\"primaryImageOfPage\":{\"@id\":\"https:\/\/www.hoteljaume.com\/es\/que-hacer-en-alp-girona\/actividades-familiares\/#primaryimage\"},\"image\":{\"@id\":\"https:\/\/www.hoteljaume.com\/es\/que-hacer-en-alp-girona\/actividades-familiares\/#primaryimage\"},\"thumbnailUrl\":\"https:\/\/www.hoteljaume.com\/wp-content\/uploads\/2024\/11\/actividades-familiares-bicicleta-hotel-jaume-alp-girona-1-scaled.jpg\",\"datePublished\":\"2024-05-21T12:13:40+00:00\",\"dateModified\":\"2024-12-12T07:49:38+00:00\",\"description\":\"Actividades familiares en Alp, Girona. \u00a1Al\u00f3jate con nosotros en el Hotel Jaume y vive experiencias \u00fanicas en el Pirineo de Girona!\",\"breadcrumb\":{\"@id\":\"https:\/\/www.hoteljaume.com\/es\/que-hacer-en-alp-girona\/actividades-familiares\/#breadcrumb\"},\"inLanguage\":\"es\",\"potentialAction\":[{\"@type\":\"ReadAction\",\"target\":[\"https:\/\/www.hoteljaume.com\/es\/que-hacer-en-alp-girona\/actividades-familiares\/\"]}]},{\"@type\":\"ImageObject\",\"inLanguage\":\"es\",\"@id\":\"https:\/\/www.hoteljaume.com\/es\/que-hacer-en-alp-girona\/actividades-familiares\/#primaryimage\",\"url\":\"https:\/\/www.hoteljaume.com\/wp-content\/uploads\/2024\/11\/actividades-familiares-bicicleta-hotel-jaume-alp-girona-1-scaled.jpg\",\"contentUrl\":\"https:\/\/www.hoteljaume.com\/wp-content\/uploads\/2024\/11\/actividades-familiares-bicicleta-hotel-jaume-alp-girona-1-scaled.jpg\",\"width\":2560,\"height\":1707},{\"@type\":\"BreadcrumbList\",\"@id\":\"https:\/\/www.hoteljaume.com\/es\/que-hacer-en-alp-girona\/actividades-familiares\/#breadcrumb\",\"itemListElement\":[{\"@type\":\"ListItem\",\"position\":1,\"name\":\"Home\",\"item\":\"https:\/\/www.hoteljaume.com\/es\/\"},{\"@type\":\"ListItem\",\"position\":2,\"name\":\"Alp\",\"item\":\"https:\/\/www.hoteljaume.com\/es\/que-hacer-en-alp-girona\/\"},{\"@type\":\"ListItem\",\"position\":3,\"name\":\"Actividades familiares\"}]},{\"@type\":\"WebSite\",\"@id\":\"https:\/\/www.hoteljaume.com\/es\/#website\",\"url\":\"https:\/\/www.hoteljaume.com\/es\/\",\"name\":\"Hotel Jaume\",\"description\":\"\",\"publisher\":{\"@id\":\"https:\/\/www.hoteljaume.com\/es\/#organization\"},\"potentialAction\":[{\"@type\":\"SearchAction\",\"target\":{\"@type\":\"EntryPoint\",\"urlTemplate\":\"https:\/\/www.hoteljaume.com\/es\/?s={search_term_string}\"},\"query-input\":\"required name=search_term_string\"}],\"inLanguage\":\"es\"},{\"@type\":\"Organization\",\"@id\":\"https:\/\/www.hoteljaume.com\/es\/#organization\",\"name\":\"Hotel Jaume\",\"url\":\"https:\/\/www.hoteljaume.com\/es\/\",\"logo\":{\"@type\":\"ImageObject\",\"inLanguage\":\"es\",\"@id\":\"https:\/\/www.hoteljaume.com\/es\/#\/schema\/logo\/image\/\",\"url\":\"https:\/\/www.hoteljaume.com\/wp-content\/uploads\/2024\/02\/logo_Hotel-Jaume_V1.svg\",\"contentUrl\":\"https:\/\/www.hoteljaume.com\/wp-content\/uploads\/2024\/02\/logo_Hotel-Jaume_V1.svg\",\"width\":588,\"height\":163,\"caption\":\"Hotel Jaume\"},\"image\":{\"@id\":\"https:\/\/www.hoteljaume.com\/es\/#\/schema\/logo\/image\/\"}}]}<\/script>\n<!-- \/ Yoast SEO Premium plugin. -->","yoast_head_json":{"title":"Actividades familiares - Alp, Pirineo de Girona","description":"Actividades familiares en Alp, Girona. \u00a1Al\u00f3jate con nosotros en el Hotel Jaume y vive experiencias \u00fanicas en el Pirineo de Girona!","robots":{"index":"index","follow":"follow","max-snippet":"max-snippet:-1","max-image-preview":"max-image-preview:large","max-video-preview":"max-video-preview:-1"},"canonical":"https:\/\/www.hoteljaume.com\/es\/que-hacer-en-alp-girona\/actividades-familiares\/","og_locale":"es_ES","og_type":"article","og_title":"Actividades familiares","og_description":"Actividades familiares en Alp, Girona. \u00a1Al\u00f3jate con nosotros en el Hotel Jaume y vive experiencias \u00fanicas en el Pirineo de Girona!","og_url":"https:\/\/www.hoteljaume.com\/es\/que-hacer-en-alp-girona\/actividades-familiares\/","og_site_name":"Hotel Jaume","article_modified_time":"2024-12-12T07:49:38+00:00","og_image":[{"width":2560,"height":1707,"url":"https:\/\/www.hoteljaume.com\/wp-content\/uploads\/2024\/11\/actividades-familiares-bicicleta-hotel-jaume-alp-girona-1-scaled.jpg","type":"image\/jpeg"}],"twitter_card":"summary_large_image","twitter_misc":{"Tiempo de lectura":"3 minutos"},"schema":{"@context":"https:\/\/schema.org","@graph":[{"@type":"WebPage","@id":"https:\/\/www.hoteljaume.com\/es\/que-hacer-en-alp-girona\/actividades-familiares\/","url":"https:\/\/www.hoteljaume.com\/es\/que-hacer-en-alp-girona\/actividades-familiares\/","name":"Actividades familiares - Alp, Pirineo de Girona","isPartOf":{"@id":"https:\/\/www.hoteljaume.com\/es\/#website"},"primaryImageOfPage":{"@id":"https:\/\/www.hoteljaume.com\/es\/que-hacer-en-alp-girona\/actividades-familiares\/#primaryimage"},"image":{"@id":"https:\/\/www.hoteljaume.com\/es\/que-hacer-en-alp-girona\/actividades-familiares\/#primaryimage"},"thumbnailUrl":"https:\/\/www.hoteljaume.com\/wp-content\/uploads\/2024\/11\/actividades-familiares-bicicleta-hotel-jaume-alp-girona-1-scaled.jpg","datePublished":"2024-05-21T12:13:40+00:00","dateModified":"2024-12-12T07:49:38+00:00","description":"Actividades familiares en Alp, Girona. \u00a1Al\u00f3jate con nosotros en el Hotel Jaume y vive experiencias \u00fanicas en el Pirineo de Girona!","breadcrumb":{"@id":"https:\/\/www.hoteljaume.com\/es\/que-hacer-en-alp-girona\/actividades-familiares\/#breadcrumb"},"inLanguage":"es","potentialAction":[{"@type":"ReadAction","target":["https:\/\/www.hoteljaume.com\/es\/que-hacer-en-alp-girona\/actividades-familiares\/"]}]},{"@type":"ImageObject","inLanguage":"es","@id":"https:\/\/www.hoteljaume.com\/es\/que-hacer-en-alp-girona\/actividades-familiares\/#primaryimage","url":"https:\/\/www.hoteljaume.com\/wp-content\/uploads\/2024\/11\/actividades-familiares-bicicleta-hotel-jaume-alp-girona-1-scaled.jpg","contentUrl":"https:\/\/www.hoteljaume.com\/wp-content\/uploads\/2024\/11\/actividades-familiares-bicicleta-hotel-jaume-alp-girona-1-scaled.jpg","width":2560,"height":1707},{"@type":"BreadcrumbList","@id":"https:\/\/www.hoteljaume.com\/es\/que-hacer-en-alp-girona\/actividades-familiares\/#breadcrumb","itemListElement":[{"@type":"ListItem","position":1,"name":"Home","item":"https:\/\/www.hoteljaume.com\/es\/"},{"@type":"ListItem","position":2,"name":"Alp","item":"https:\/\/www.hoteljaume.com\/es\/que-hacer-en-alp-girona\/"},{"@type":"ListItem","position":3,"name":"Actividades familiares"}]},{"@type":"WebSite","@id":"https:\/\/www.hoteljaume.com\/es\/#website","url":"https:\/\/www.hoteljaume.com\/es\/","name":"Hotel Jaume","description":"","publisher":{"@id":"https:\/\/www.hoteljaume.com\/es\/#organization"},"potentialAction":[{"@type":"SearchAction","target":{"@type":"EntryPoint","urlTemplate":"https:\/\/www.hoteljaume.com\/es\/?s={search_term_string}"},"query-input":"required name=search_term_string"}],"inLanguage":"es"},{"@type":"Organization","@id":"https:\/\/www.hoteljaume.com\/es\/#organization","name":"Hotel Jaume","url":"https:\/\/www.hoteljaume.com\/es\/","logo":{"@type":"ImageObject","inLanguage":"es","@id":"https:\/\/www.hoteljaume.com\/es\/#\/schema\/logo\/image\/","url":"https:\/\/www.hoteljaume.com\/wp-content\/uploads\/2024\/02\/logo_Hotel-Jaume_V1.svg","contentUrl":"https:\/\/www.hoteljaume.com\/wp-content\/uploads\/2024\/02\/logo_Hotel-Jaume_V1.svg","width":588,"height":163,"caption":"Hotel Jaume"},"image":{"@id":"https:\/\/www.hoteljaume.com\/es\/#\/schema\/logo\/image\/"}}]}},"_links":{"self":[{"href":"https:\/\/www.hoteljaume.com\/es\/wp-json\/wp\/v2\/pages\/3047","targetHints":{"allow":["GET"]}}],"collection":[{"href":"https:\/\/www.hoteljaume.com\/es\/wp-json\/wp\/v2\/pages"}],"about":[{"href":"https:\/\/www.hoteljaume.com\/es\/wp-json\/wp\/v2\/types\/page"}],"author":[{"embeddable":true,"href":"https:\/\/www.hoteljaume.com\/es\/wp-json\/wp\/v2\/users\/4"}],"replies":[{"embeddable":true,"href":"https:\/\/www.hoteljaume.com\/es\/wp-json\/wp\/v2\/comments?post=3047"}],"version-history":[{"count":17,"href":"https:\/\/www.hoteljaume.com\/es\/wp-json\/wp\/v2\/pages\/3047\/revisions"}],"predecessor-version":[{"id":5085,"href":"https:\/\/www.hoteljaume.com\/es\/wp-json\/wp\/v2\/pages\/3047\/revisions\/5085"}],"up":[{"embeddable":true,"href":"https:\/\/www.hoteljaume.com\/es\/wp-json\/wp\/v2\/pages\/614"}],"wp:featuredmedia":[{"embeddable":true,"href":"https:\/\/www.hoteljaume.com\/es\/wp-json\/wp\/v2\/media\/4943"}],"wp:attachment":[{"href":"https:\/\/www.hoteljaume.com\/es\/wp-json\/wp\/v2\/media?parent=3047"}],"curies":[{"name":"wp","href":"https:\/\/api.w.org\/{rel}","templated":true}]}}