{"id":5098,"date":"2024-05-21T13:47:19","date_gmt":"2024-05-21T11:47:19","guid":{"rendered":"https:\/\/dev-hoteljaume.gnahs.com\/pobles-encantadors-a-la-cerdanya\/"},"modified":"2025-01-07T13:07:53","modified_gmt":"2025-01-07T12:07:53","slug":"pobles-encantadors-cerdanya","status":"publish","type":"page","link":"https:\/\/www.hoteljaume.com\/ca\/que-fer-a-alp-cerdanya\/pobles-encantadors-cerdanya\/","title":{"rendered":"Pobles encantadors a la Cerdanya"},"content":{"rendered":"\t\t<div data-elementor-type=\"wp-page\" data-elementor-id=\"5098\" class=\"elementor elementor-5098 elementor-3070\" data-elementor-post-type=\"page\">\n\t\t\t\t<div class=\"elementor-element elementor-element-2fd9398b e-flex e-con-boxed e-con e-parent\" data-id=\"2fd9398b\" data-element_type=\"container\">\n\t\t\t\t\t<div class=\"e-con-inner\">\n\t\t\t\t<div class=\"elementor-element elementor-element-38186338 elementor-widget elementor-widget-text-editor\" data-id=\"38186338\" data-element_type=\"widget\" data-widget_type=\"text-editor.default\">\n\t\t\t\t<div class=\"elementor-widget-container\">\n\t\t\t<style>\/*! elementor - v3.21.0 - 26-05-2024 *\/\n.elementor-widget-text-editor.elementor-drop-cap-view-stacked .elementor-drop-cap{background-color:#69727d;color:#fff}.elementor-widget-text-editor.elementor-drop-cap-view-framed .elementor-drop-cap{color:#69727d;border:3px solid;background-color:transparent}.elementor-widget-text-editor:not(.elementor-drop-cap-view-default) .elementor-drop-cap{margin-top:8px}.elementor-widget-text-editor:not(.elementor-drop-cap-view-default) .elementor-drop-cap-letter{width:1em;height:1em}.elementor-widget-text-editor .elementor-drop-cap{float:left;text-align:center;line-height:1;font-size:50px}.elementor-widget-text-editor .elementor-drop-cap-letter{display:inline-block}<\/style>\t\t\t\t<h2><strong>Pobles amb encant prop d&#8217;Alp<\/strong><\/h2>\n<p>La <strong>Cerdanya<\/strong> \u00e9s un tresor amagat als Pirineus catalans, amb paisatges muntanyosos impressionants, petites aldees plenes d&#8217;hist\u00f2ria i una rica cultura. Si est\u00e0s planejant una escapada a aquesta regi\u00f3 i busques pobles amb encant prop d&#8217;<strong>Alp<\/strong>, \u00a1has arribat al lloc indicat!<\/p>\n<\/p>\n<h3 data-sourcepos=\"7:1-7:46\"><strong>Per qu\u00e8 visitar els pobles prop d&#8217;Alp?<\/strong><\/h3>\n<ul>\n<li><strong>Alp<\/strong>: Alp, amb les seves estacions d&#8217;esqu\u00ed i el seu ambient acollidor, \u00e9s un excel\u00b7lent punt de partida per explorar els voltants. Els pobles propers ofereixen una combinaci\u00f3 perfecta de tranquil\u00b7litat, natura i patrimoni cultural. <\/li>\n<\/ul>\n<ul>\n<li><strong>Prullans<\/strong>: Forma part de la Xarxa de Pobles amb Encant de la Diputaci\u00f3 de Lleida, un reconeixement que destaca la seva bellesa i tranquil\u00b7litat. Situat en un entorn natural privilegiat, les vistes panor\u00e0miques cap al Parc Natural del Cad\u00ed-Moixer\u00f3 s\u00f3n impressionants, oferint una vista inigualable de les muntanyes i el paisatge. A m\u00e9s, el seu encant rau als seus carrers tranquils i a la seva arquitectura tradicional, el que el converteix en una destinaci\u00f3 perfecta per aquells que busquen relaxar-se en plena natura.<\/li>\n<\/ul>\n<ul>\n<li><strong>Das<\/strong>: Aquest petit municipi a la comarca de la Baixa Cerdanya \u00e9s el refugi perfecte per a aquells que busquen desconnectar de l&#8217;estr\u00e8s quotidi\u00e0. El seu entorn natural, envoltat de boscos i muntanyes, convida a gaudir d&#8217;activitats a l&#8217;aire lliure com el senderisme i passejades pel camp. Amb el seu aire fresc i el seu ambient acollidor, Das \u00e9s ideal per a aquells que desitgen descansar i gaudir de la serenor que nom\u00e9s un lloc tan especial pot oferir.<\/li>\n<\/ul>\n<ul>\n<li><strong>Masella i la Molina<\/strong>: Tot i que aquests dos pobles s\u00f3n m\u00e9s coneguts per les seves estacions d&#8217;esqu\u00ed, el seu encant va m\u00e9s enll\u00e0 de la temporada hivernal. En qualsevol \u00e8poca de l&#8217;any, la regi\u00f3 ofereix una bellesa \u00fanica, amb paisatges que canvien segons les estacions. Durant l&#8217;estiu, es poden realitzar activitats com el senderisme, el ciclisme de muntanya i passejades per la natura. A m\u00e9s, el seu entorn alp\u00ed i el seu ambient acollidor fan que tant els esquiadors com els visitants d&#8217;estiu gaudeixin d&#8217;una experi\u00e8ncia completa, ja sigui a les seves muntanyes o als seus acollidors pobles.<\/li>\n<\/ul>\n<ul>\n<li><strong>Bellver de la Cerdanya<\/strong>: Bellver \u00e9s un encantador poble medieval que conserva un ric patrimoni hist\u00f2ric i arquitect\u00f2nic. Els seus carrers empedrats i edificis d&#8217;\u00e8poca conviden a fer un recorregut pel seu passat. El castell de Bellver, que data del segle XI, \u00e9s un dels principals atractius tur\u00edstics, juntament amb la seva esgl\u00e9sia rom\u00e0nica, ambd\u00f3s llocs de visita obligada per a aquells que s&#8217;interessen per la hist\u00f2ria. A m\u00e9s, l&#8217;entorn natural que envolta el poble, amb vistes impressionants als valls i muntanyes properes, el converteix en una destinaci\u00f3 ideal per als amants de la hist\u00f2ria i la natura.<\/li>\n<\/ul>\n<p>La <strong>Cerdanya<\/strong> t&#8217;espera amb els bra\u00e7os oberts perqu\u00e8 descobreixis els seus racons m\u00e9s aut\u00e8ntics. Aquests petits pobles, amb el seu encant inigualable, et transportaran a un altre temps i et permetran gaudir de la natura en estat pur.<\/p>\n<\/p>\n<p><img fetchpriority=\"high\" decoding=\"async\" class=\"aligncenter wp-image-4959 size-full\" src=\"https:\/\/www.hoteljaume.com\/wp-content\/uploads\/2024\/11\/paisaje-nevado-hotel-jaume-alp-girona.jpg\" alt=\"\" width=\"1920\" height=\"1080\" srcset=\"https:\/\/www.hoteljaume.com\/wp-content\/uploads\/2024\/11\/paisaje-nevado-hotel-jaume-alp-girona.jpg 1920w, https:\/\/www.hoteljaume.com\/wp-content\/uploads\/2024\/11\/paisaje-nevado-hotel-jaume-alp-girona-300x169.jpg 300w, https:\/\/www.hoteljaume.com\/wp-content\/uploads\/2024\/11\/paisaje-nevado-hotel-jaume-alp-girona-1024x576.jpg 1024w, https:\/\/www.hoteljaume.com\/wp-content\/uploads\/2024\/11\/paisaje-nevado-hotel-jaume-alp-girona-768x432.jpg 768w, https:\/\/www.hoteljaume.com\/wp-content\/uploads\/2024\/11\/paisaje-nevado-hotel-jaume-alp-girona-1536x864.jpg 1536w\" sizes=\"(max-width: 1920px) 100vw, 1920px\" \/><\/p>\n<p data-sourcepos=\"9:1-9:276\">\n\t\t\t\t\t\t<\/div>\n\t\t\t\t<\/div>\n\t\t\t\t\t<\/div>\n\t\t\t\t<\/div>\n\t\t\t\t<\/div>\n\t\t","protected":false},"excerpt":{"rendered":"<p>Pobles amb encant prop d&#8217;Alp La Cerdanya \u00e9s un tresor amagat als Pirineus catalans, amb paisatges muntanyosos impressionants, petites aldees plenes d&#8217;hist\u00f2ria i una rica cultura. Si est\u00e0s planejant una escapada a aquesta regi\u00f3 i busques pobles amb encant prop d&#8217;Alp, \u00a1has arribat al lloc indicat! Per qu\u00e8 visitar els pobles prop d&#8217;Alp? Alp: Alp, [&hellip;]<\/p>\n","protected":false},"author":4,"featured_media":4956,"parent":5139,"menu_order":1,"comment_status":"closed","ping_status":"closed","template":"","meta":{"footnotes":""},"class_list":["post-5098","page","type-page","status-publish","has-post-thumbnail","hentry"],"yoast_head":"<!-- This site is optimized with the Yoast SEO Premium plugin v22.8 (Yoast SEO v22.8) - https:\/\/yoast.com\/wordpress\/plugins\/seo\/ -->\n<title>Pobles encantadors a la Cerdanya - Alp, la Cerdanya (Girona)<\/title>\n<meta name=\"description\" content=\"Pobles encantadors a la Cerdanya a Alp, la Cerdanya. Allotja&#039;t amb nosaltres a l&#039;Hotel Jaume i viu experi\u00e8ncies \u00faniques al Pirineu de Girona! Allotja&#039;t amb nosaltres a l&#039;Hotel Jaume i viu experi\u00e8ncies \u00faniques al Pirineu de Girona!\" \/>\n<meta name=\"robots\" content=\"index, follow, max-snippet:-1, max-image-preview:large, max-video-preview:-1\" \/>\n<link rel=\"canonical\" href=\"https:\/\/www.hoteljaume.com\/ca\/que-fer-a-alp-cerdanya\/pobles-encantadors-cerdanya\/\" \/>\n<meta property=\"og:locale\" content=\"ca_ES\" \/>\n<meta property=\"og:type\" content=\"article\" \/>\n<meta property=\"og:title\" content=\"Pobles encantadors a la Cerdanya\" \/>\n<meta property=\"og:description\" content=\"Pobles encantadors a la Cerdanya a Alp, la Cerdanya. Allotja&#039;t amb nosaltres a l&#039;Hotel Jaume i viu experi\u00e8ncies \u00faniques al Pirineu de Girona! Allotja&#039;t amb nosaltres a l&#039;Hotel Jaume i viu experi\u00e8ncies \u00faniques al Pirineu de Girona!\" \/>\n<meta property=\"og:url\" content=\"https:\/\/www.hoteljaume.com\/ca\/que-fer-a-alp-cerdanya\/pobles-encantadors-cerdanya\/\" \/>\n<meta property=\"og:site_name\" content=\"Hotel Jaume\" \/>\n<meta property=\"article:modified_time\" content=\"2025-01-07T12:07:53+00:00\" \/>\n<meta property=\"og:image\" content=\"https:\/\/www.hoteljaume.com\/wp-content\/uploads\/2024\/11\/bellver-de-cerdanya-hotel-jaume-alp-girona-scaled.jpg\" \/>\n\t<meta property=\"og:image:width\" content=\"2560\" \/>\n\t<meta property=\"og:image:height\" content=\"1705\" \/>\n\t<meta property=\"og:image:type\" content=\"image\/jpeg\" \/>\n<meta name=\"twitter:card\" content=\"summary_large_image\" \/>\n<meta name=\"twitter:label1\" content=\"Temps estimat de lectura\" \/>\n\t<meta name=\"twitter:data1\" content=\"3 minuts\" \/>\n<script type=\"application\/ld+json\" class=\"yoast-schema-graph\">{\"@context\":\"https:\/\/schema.org\",\"@graph\":[{\"@type\":\"WebPage\",\"@id\":\"https:\/\/www.hoteljaume.com\/ca\/que-fer-a-alp-cerdanya\/pobles-encantadors-cerdanya\/\",\"url\":\"https:\/\/www.hoteljaume.com\/ca\/que-fer-a-alp-cerdanya\/pobles-encantadors-cerdanya\/\",\"name\":\"Pobles encantadors a la Cerdanya - Alp, la Cerdanya (Girona)\",\"isPartOf\":{\"@id\":\"https:\/\/www.hoteljaume.com\/ca\/#website\"},\"primaryImageOfPage\":{\"@id\":\"https:\/\/www.hoteljaume.com\/ca\/que-fer-a-alp-cerdanya\/pobles-encantadors-cerdanya\/#primaryimage\"},\"image\":{\"@id\":\"https:\/\/www.hoteljaume.com\/ca\/que-fer-a-alp-cerdanya\/pobles-encantadors-cerdanya\/#primaryimage\"},\"thumbnailUrl\":\"https:\/\/www.hoteljaume.com\/wp-content\/uploads\/2024\/11\/bellver-de-cerdanya-hotel-jaume-alp-girona-scaled.jpg\",\"datePublished\":\"2024-05-21T11:47:19+00:00\",\"dateModified\":\"2025-01-07T12:07:53+00:00\",\"description\":\"Pobles encantadors a la Cerdanya a Alp, la Cerdanya. Allotja't amb nosaltres a l'Hotel Jaume i viu experi\u00e8ncies \u00faniques al Pirineu de Girona! Allotja't amb nosaltres a l'Hotel Jaume i viu experi\u00e8ncies \u00faniques al Pirineu de Girona!\",\"breadcrumb\":{\"@id\":\"https:\/\/www.hoteljaume.com\/ca\/que-fer-a-alp-cerdanya\/pobles-encantadors-cerdanya\/#breadcrumb\"},\"inLanguage\":\"ca\",\"potentialAction\":[{\"@type\":\"ReadAction\",\"target\":[\"https:\/\/www.hoteljaume.com\/ca\/que-fer-a-alp-cerdanya\/pobles-encantadors-cerdanya\/\"]}]},{\"@type\":\"ImageObject\",\"inLanguage\":\"ca\",\"@id\":\"https:\/\/www.hoteljaume.com\/ca\/que-fer-a-alp-cerdanya\/pobles-encantadors-cerdanya\/#primaryimage\",\"url\":\"https:\/\/www.hoteljaume.com\/wp-content\/uploads\/2024\/11\/bellver-de-cerdanya-hotel-jaume-alp-girona-scaled.jpg\",\"contentUrl\":\"https:\/\/www.hoteljaume.com\/wp-content\/uploads\/2024\/11\/bellver-de-cerdanya-hotel-jaume-alp-girona-scaled.jpg\",\"width\":2560,\"height\":1705},{\"@type\":\"BreadcrumbList\",\"@id\":\"https:\/\/www.hoteljaume.com\/ca\/que-fer-a-alp-cerdanya\/pobles-encantadors-cerdanya\/#breadcrumb\",\"itemListElement\":[{\"@type\":\"ListItem\",\"position\":1,\"name\":\"Home\",\"item\":\"https:\/\/www.hoteljaume.com\/ca\/inici\/\"},{\"@type\":\"ListItem\",\"position\":2,\"name\":\"Alp\",\"item\":\"https:\/\/www.hoteljaume.com\/ca\/que-fer-a-alp-cerdanya\/\"},{\"@type\":\"ListItem\",\"position\":3,\"name\":\"Pobles encantadors a la Cerdanya\"}]},{\"@type\":\"WebSite\",\"@id\":\"https:\/\/www.hoteljaume.com\/ca\/#website\",\"url\":\"https:\/\/www.hoteljaume.com\/ca\/\",\"name\":\"Hotel Jaume\",\"description\":\"\",\"publisher\":{\"@id\":\"https:\/\/www.hoteljaume.com\/ca\/#organization\"},\"potentialAction\":[{\"@type\":\"SearchAction\",\"target\":{\"@type\":\"EntryPoint\",\"urlTemplate\":\"https:\/\/www.hoteljaume.com\/ca\/?s={search_term_string}\"},\"query-input\":\"required name=search_term_string\"}],\"inLanguage\":\"ca\"},{\"@type\":\"Organization\",\"@id\":\"https:\/\/www.hoteljaume.com\/ca\/#organization\",\"name\":\"Hotel Jaume\",\"url\":\"https:\/\/www.hoteljaume.com\/ca\/\",\"logo\":{\"@type\":\"ImageObject\",\"inLanguage\":\"ca\",\"@id\":\"https:\/\/www.hoteljaume.com\/ca\/#\/schema\/logo\/image\/\",\"url\":\"https:\/\/www.hoteljaume.com\/wp-content\/uploads\/2024\/02\/logo_Hotel-Jaume_V1.svg\",\"contentUrl\":\"https:\/\/www.hoteljaume.com\/wp-content\/uploads\/2024\/02\/logo_Hotel-Jaume_V1.svg\",\"width\":588,\"height\":163,\"caption\":\"Hotel Jaume\"},\"image\":{\"@id\":\"https:\/\/www.hoteljaume.com\/ca\/#\/schema\/logo\/image\/\"}}]}<\/script>\n<!-- \/ Yoast SEO Premium plugin. -->","yoast_head_json":{"title":"Pobles encantadors a la Cerdanya - Alp, la Cerdanya (Girona)","description":"Pobles encantadors a la Cerdanya a Alp, la Cerdanya. Allotja't amb nosaltres a l'Hotel Jaume i viu experi\u00e8ncies \u00faniques al Pirineu de Girona! Allotja't amb nosaltres a l'Hotel Jaume i viu experi\u00e8ncies \u00faniques al Pirineu de Girona!","robots":{"index":"index","follow":"follow","max-snippet":"max-snippet:-1","max-image-preview":"max-image-preview:large","max-video-preview":"max-video-preview:-1"},"canonical":"https:\/\/www.hoteljaume.com\/ca\/que-fer-a-alp-cerdanya\/pobles-encantadors-cerdanya\/","og_locale":"ca_ES","og_type":"article","og_title":"Pobles encantadors a la Cerdanya","og_description":"Pobles encantadors a la Cerdanya a Alp, la Cerdanya. Allotja't amb nosaltres a l'Hotel Jaume i viu experi\u00e8ncies \u00faniques al Pirineu de Girona! Allotja't amb nosaltres a l'Hotel Jaume i viu experi\u00e8ncies \u00faniques al Pirineu de Girona!","og_url":"https:\/\/www.hoteljaume.com\/ca\/que-fer-a-alp-cerdanya\/pobles-encantadors-cerdanya\/","og_site_name":"Hotel Jaume","article_modified_time":"2025-01-07T12:07:53+00:00","og_image":[{"width":2560,"height":1705,"url":"https:\/\/www.hoteljaume.com\/wp-content\/uploads\/2024\/11\/bellver-de-cerdanya-hotel-jaume-alp-girona-scaled.jpg","type":"image\/jpeg"}],"twitter_card":"summary_large_image","twitter_misc":{"Temps estimat de lectura":"3 minuts"},"schema":{"@context":"https:\/\/schema.org","@graph":[{"@type":"WebPage","@id":"https:\/\/www.hoteljaume.com\/ca\/que-fer-a-alp-cerdanya\/pobles-encantadors-cerdanya\/","url":"https:\/\/www.hoteljaume.com\/ca\/que-fer-a-alp-cerdanya\/pobles-encantadors-cerdanya\/","name":"Pobles encantadors a la Cerdanya - Alp, la Cerdanya (Girona)","isPartOf":{"@id":"https:\/\/www.hoteljaume.com\/ca\/#website"},"primaryImageOfPage":{"@id":"https:\/\/www.hoteljaume.com\/ca\/que-fer-a-alp-cerdanya\/pobles-encantadors-cerdanya\/#primaryimage"},"image":{"@id":"https:\/\/www.hoteljaume.com\/ca\/que-fer-a-alp-cerdanya\/pobles-encantadors-cerdanya\/#primaryimage"},"thumbnailUrl":"https:\/\/www.hoteljaume.com\/wp-content\/uploads\/2024\/11\/bellver-de-cerdanya-hotel-jaume-alp-girona-scaled.jpg","datePublished":"2024-05-21T11:47:19+00:00","dateModified":"2025-01-07T12:07:53+00:00","description":"Pobles encantadors a la Cerdanya a Alp, la Cerdanya. Allotja't amb nosaltres a l'Hotel Jaume i viu experi\u00e8ncies \u00faniques al Pirineu de Girona! Allotja't amb nosaltres a l'Hotel Jaume i viu experi\u00e8ncies \u00faniques al Pirineu de Girona!","breadcrumb":{"@id":"https:\/\/www.hoteljaume.com\/ca\/que-fer-a-alp-cerdanya\/pobles-encantadors-cerdanya\/#breadcrumb"},"inLanguage":"ca","potentialAction":[{"@type":"ReadAction","target":["https:\/\/www.hoteljaume.com\/ca\/que-fer-a-alp-cerdanya\/pobles-encantadors-cerdanya\/"]}]},{"@type":"ImageObject","inLanguage":"ca","@id":"https:\/\/www.hoteljaume.com\/ca\/que-fer-a-alp-cerdanya\/pobles-encantadors-cerdanya\/#primaryimage","url":"https:\/\/www.hoteljaume.com\/wp-content\/uploads\/2024\/11\/bellver-de-cerdanya-hotel-jaume-alp-girona-scaled.jpg","contentUrl":"https:\/\/www.hoteljaume.com\/wp-content\/uploads\/2024\/11\/bellver-de-cerdanya-hotel-jaume-alp-girona-scaled.jpg","width":2560,"height":1705},{"@type":"BreadcrumbList","@id":"https:\/\/www.hoteljaume.com\/ca\/que-fer-a-alp-cerdanya\/pobles-encantadors-cerdanya\/#breadcrumb","itemListElement":[{"@type":"ListItem","position":1,"name":"Home","item":"https:\/\/www.hoteljaume.com\/ca\/inici\/"},{"@type":"ListItem","position":2,"name":"Alp","item":"https:\/\/www.hoteljaume.com\/ca\/que-fer-a-alp-cerdanya\/"},{"@type":"ListItem","position":3,"name":"Pobles encantadors a la Cerdanya"}]},{"@type":"WebSite","@id":"https:\/\/www.hoteljaume.com\/ca\/#website","url":"https:\/\/www.hoteljaume.com\/ca\/","name":"Hotel Jaume","description":"","publisher":{"@id":"https:\/\/www.hoteljaume.com\/ca\/#organization"},"potentialAction":[{"@type":"SearchAction","target":{"@type":"EntryPoint","urlTemplate":"https:\/\/www.hoteljaume.com\/ca\/?s={search_term_string}"},"query-input":"required name=search_term_string"}],"inLanguage":"ca"},{"@type":"Organization","@id":"https:\/\/www.hoteljaume.com\/ca\/#organization","name":"Hotel Jaume","url":"https:\/\/www.hoteljaume.com\/ca\/","logo":{"@type":"ImageObject","inLanguage":"ca","@id":"https:\/\/www.hoteljaume.com\/ca\/#\/schema\/logo\/image\/","url":"https:\/\/www.hoteljaume.com\/wp-content\/uploads\/2024\/02\/logo_Hotel-Jaume_V1.svg","contentUrl":"https:\/\/www.hoteljaume.com\/wp-content\/uploads\/2024\/02\/logo_Hotel-Jaume_V1.svg","width":588,"height":163,"caption":"Hotel Jaume"},"image":{"@id":"https:\/\/www.hoteljaume.com\/ca\/#\/schema\/logo\/image\/"}}]}},"_links":{"self":[{"href":"https:\/\/www.hoteljaume.com\/ca\/wp-json\/wp\/v2\/pages\/5098","targetHints":{"allow":["GET"]}}],"collection":[{"href":"https:\/\/www.hoteljaume.com\/ca\/wp-json\/wp\/v2\/pages"}],"about":[{"href":"https:\/\/www.hoteljaume.com\/ca\/wp-json\/wp\/v2\/types\/page"}],"author":[{"embeddable":true,"href":"https:\/\/www.hoteljaume.com\/ca\/wp-json\/wp\/v2\/users\/4"}],"replies":[{"embeddable":true,"href":"https:\/\/www.hoteljaume.com\/ca\/wp-json\/wp\/v2\/comments?post=5098"}],"version-history":[{"count":1,"href":"https:\/\/www.hoteljaume.com\/ca\/wp-json\/wp\/v2\/pages\/5098\/revisions"}],"predecessor-version":[{"id":5099,"href":"https:\/\/www.hoteljaume.com\/ca\/wp-json\/wp\/v2\/pages\/5098\/revisions\/5099"}],"up":[{"embeddable":true,"href":"https:\/\/www.hoteljaume.com\/ca\/wp-json\/wp\/v2\/pages\/5139"}],"wp:featuredmedia":[{"embeddable":true,"href":"https:\/\/www.hoteljaume.com\/ca\/wp-json\/wp\/v2\/media\/4956"}],"wp:attachment":[{"href":"https:\/\/www.hoteljaume.com\/ca\/wp-json\/wp\/v2\/media?parent=5098"}],"curies":[{"name":"wp","href":"https:\/\/api.w.org\/{rel}","templated":true}]}}