{"id":5086,"date":"2024-05-21T12:13:40","date_gmt":"2024-05-21T10:13:40","guid":{"rendered":"https:\/\/dev-hoteljaume.gnahs.com\/activitats-familiars\/"},"modified":"2024-12-12T10:33:09","modified_gmt":"2024-12-12T09:33:09","slug":"activitats-familiars","status":"publish","type":"page","link":"https:\/\/www.hoteljaume.com\/ca\/que-fer-a-alp-cerdanya\/activitats-familiars\/","title":{"rendered":"Activitats familiars"},"content":{"rendered":"\t\t<div data-elementor-type=\"wp-page\" data-elementor-id=\"5086\" class=\"elementor elementor-5086 elementor-3047\" data-elementor-post-type=\"page\">\n\t\t\t\t<div class=\"elementor-element elementor-element-1b495edb e-flex e-con-boxed e-con e-parent\" data-id=\"1b495edb\" data-element_type=\"container\">\n\t\t\t\t\t<div class=\"e-con-inner\">\n\t\t\t\t<div class=\"elementor-element elementor-element-bc52bfc elementor-widget elementor-widget-text-editor\" data-id=\"bc52bfc\" data-element_type=\"widget\" data-widget_type=\"text-editor.default\">\n\t\t\t\t<div class=\"elementor-widget-container\">\n\t\t\t<style>\/*! elementor - v3.21.0 - 26-05-2024 *\/\n.elementor-widget-text-editor.elementor-drop-cap-view-stacked .elementor-drop-cap{background-color:#69727d;color:#fff}.elementor-widget-text-editor.elementor-drop-cap-view-framed .elementor-drop-cap{color:#69727d;border:3px solid;background-color:transparent}.elementor-widget-text-editor:not(.elementor-drop-cap-view-default) .elementor-drop-cap{margin-top:8px}.elementor-widget-text-editor:not(.elementor-drop-cap-view-default) .elementor-drop-cap-letter{width:1em;height:1em}.elementor-widget-text-editor .elementor-drop-cap{float:left;text-align:center;line-height:1;font-size:50px}.elementor-widget-text-editor .elementor-drop-cap-letter{display:inline-block}<\/style>\t\t\t\t<div class=\"elementor-element elementor-element-eea3bae elementor-widget elementor-widget-jkit_post_content\" data-id=\"eea3bae\" data-element_type=\"widget\" data-widget_type=\"jkit_post_content.default\">\n<div class=\"elementor-widget-container\">\n<div class=\"jeg-elementor-kit jkit-post-content jeg_module_988_6_664c8fc6db67c\">\n<h2>Un m\u00f3n de diversi\u00f3 t\u2019espera a Alp! \ufe0f<\/h2>\n<p>Situat al cor de la <strong>Cerdanya<\/strong>, <strong>Alp<\/strong> ofereix un entorn natural perfecte per gaudir en fam\u00edlia. Des d&#8217;activitats a l&#8217;aire lliure fins a la seva proximitat a estacions d&#8217;esqu\u00ed, \u00e9s el lloc ideal per crear records inoblidables amb els m\u00e9s petits. <\/p>\n<\/p>\n<ul>\n<li data-sourcepos=\"5:1-5:244\"><strong>Parc d&#8217;aventures La Molina:<\/strong> Aquest parc ofereix circuits d&#8217;aventura als arbres adaptats a diferents edats, tirolines, ponts penjants i moltes m\u00e9s activitats perqu\u00e8 els nens es diverteixin i posin a prova les seves habilitats.<\/li>\n<\/ul>\n<ul>\n<li data-sourcepos=\"6:1-6:177\"><strong>Rutes a cavall:<\/strong> Diverses empreses organitzen rutes a cavall per a nens i fam\u00edlies, una manera divertida d&#8217;explorar els paisatges de la Cerdanya i connectar amb la natura.<\/li>\n<\/ul>\n<ul>\n<li data-sourcepos=\"7:1-7:241\"><strong>Tallers infantils:<\/strong> Durant tot l&#8217;any s&#8217;organitzen tallers de pintura, manualitats, cuina i altres activitats creatives per als m\u00e9s petits. Consulta l&#8217;agenda d&#8217;activitats de les oficines de turisme o dels centres d&#8217;oci. <\/li>\n<\/ul>\n<ul>\n<li data-sourcepos=\"8:1-8:181\"><strong>Visites guiades: <\/strong>Algunes granges i centres d&#8217;interpretaci\u00f3 ofereixen visites guiades per a nens, on podran aprendre sobre la vida al camp, els animals i la natura.<\/li>\n<\/ul>\n<ul>\n<li data-sourcepos=\"9:1-10:0\"><strong>Activitats d&#8217;aventura:<\/strong> Empreses especialitzades organitzen activitats d&#8217;aventura com barranquisme, escalada o espeleologia, sempre adaptades a l&#8217;edat i les habilitats dels nens.<\/li>\n<\/ul>\n<\/div>\n<p>A <strong>Alp<\/strong> t&#8217;espera un parad\u00eds natural ple de plans per a grans i petits. Vine a gaudir en fam\u00edlia d&#8217;un entorn excepcional! <\/p>\n<\/p>\n<p><img fetchpriority=\"high\" decoding=\"async\" class=\"aligncenter wp-image-4939 size-full\" src=\"https:\/\/www.hoteljaume.com\/wp-content\/uploads\/2024\/11\/actividades-familiares-entorno-hotel-jaume-alp-girona-scaled.jpeg\" alt=\"\" width=\"2560\" height=\"1463\" srcset=\"https:\/\/www.hoteljaume.com\/wp-content\/uploads\/2024\/11\/actividades-familiares-entorno-hotel-jaume-alp-girona-scaled.jpeg 2560w, https:\/\/www.hoteljaume.com\/wp-content\/uploads\/2024\/11\/actividades-familiares-entorno-hotel-jaume-alp-girona-300x171.jpeg 300w, https:\/\/www.hoteljaume.com\/wp-content\/uploads\/2024\/11\/actividades-familiares-entorno-hotel-jaume-alp-girona-1024x585.jpeg 1024w, https:\/\/www.hoteljaume.com\/wp-content\/uploads\/2024\/11\/actividades-familiares-entorno-hotel-jaume-alp-girona-768x439.jpeg 768w, https:\/\/www.hoteljaume.com\/wp-content\/uploads\/2024\/11\/actividades-familiares-entorno-hotel-jaume-alp-girona-1536x878.jpeg 1536w, https:\/\/www.hoteljaume.com\/wp-content\/uploads\/2024\/11\/actividades-familiares-entorno-hotel-jaume-alp-girona-2048x1170.jpeg 2048w\" sizes=\"(max-width: 2560px) 100vw, 2560px\" \/><\/p>\n<\/div>\n<\/div>\n\t\t\t\t\t\t<\/div>\n\t\t\t\t<\/div>\n\t\t\t\t\t<\/div>\n\t\t\t\t<\/div>\n\t\t\t\t<\/div>\n\t\t","protected":false},"excerpt":{"rendered":"<p>Un m\u00f3n de diversi\u00f3 t\u2019espera a Alp! \ufe0f Situat al cor de la Cerdanya, Alp ofereix un entorn natural perfecte per gaudir en fam\u00edlia. Des d&#8217;activitats a l&#8217;aire lliure fins a la seva proximitat a estacions d&#8217;esqu\u00ed, \u00e9s el lloc ideal per crear records inoblidables amb els m\u00e9s petits. Parc d&#8217;aventures La Molina: Aquest parc [&hellip;]<\/p>\n","protected":false},"author":4,"featured_media":4944,"parent":5139,"menu_order":6,"comment_status":"closed","ping_status":"closed","template":"","meta":{"footnotes":""},"class_list":["post-5086","page","type-page","status-publish","has-post-thumbnail","hentry"],"yoast_head":"<!-- This site is optimized with the Yoast SEO Premium plugin v22.8 (Yoast SEO v22.8) - https:\/\/yoast.com\/wordpress\/plugins\/seo\/ -->\n<title>Activitats familiars - Alp, la Cerdanya (Girona)<\/title>\n<meta name=\"description\" content=\"Activitats familiars a Alp, la Cerdanya. Allotja&#039;t amb nosaltres a l&#039;Hotel Jaume i viu experi\u00e8ncies \u00faniques al Pirineu de Girona!\" \/>\n<meta name=\"robots\" content=\"index, follow, max-snippet:-1, max-image-preview:large, max-video-preview:-1\" \/>\n<link rel=\"canonical\" href=\"https:\/\/www.hoteljaume.com\/ca\/que-fer-a-alp-cerdanya\/activitats-familiars\/\" \/>\n<meta property=\"og:locale\" content=\"ca_ES\" \/>\n<meta property=\"og:type\" content=\"article\" \/>\n<meta property=\"og:title\" content=\"Activitats familiars\" \/>\n<meta property=\"og:description\" content=\"Activitats familiars a Alp, la Cerdanya. Allotja&#039;t amb nosaltres a l&#039;Hotel Jaume i viu experi\u00e8ncies \u00faniques al Pirineu de Girona!\" \/>\n<meta property=\"og:url\" content=\"https:\/\/www.hoteljaume.com\/ca\/que-fer-a-alp-cerdanya\/activitats-familiars\/\" \/>\n<meta property=\"og:site_name\" content=\"Hotel Jaume\" \/>\n<meta property=\"article:modified_time\" content=\"2024-12-12T09:33:09+00:00\" \/>\n<meta property=\"og:image\" content=\"https:\/\/www.hoteljaume.com\/wp-content\/uploads\/2024\/11\/actividades-familiares-bicicleta-hotel-jaume-alp-girona-1-scaled.jpg\" \/>\n\t<meta property=\"og:image:width\" content=\"2560\" \/>\n\t<meta property=\"og:image:height\" content=\"1707\" \/>\n\t<meta property=\"og:image:type\" content=\"image\/jpeg\" \/>\n<meta name=\"twitter:card\" content=\"summary_large_image\" \/>\n<meta name=\"twitter:label1\" content=\"Temps estimat de lectura\" \/>\n\t<meta name=\"twitter:data1\" content=\"1 minut\" \/>\n<script type=\"application\/ld+json\" class=\"yoast-schema-graph\">{\"@context\":\"https:\/\/schema.org\",\"@graph\":[{\"@type\":\"WebPage\",\"@id\":\"https:\/\/www.hoteljaume.com\/ca\/que-fer-a-alp-cerdanya\/activitats-familiars\/\",\"url\":\"https:\/\/www.hoteljaume.com\/ca\/que-fer-a-alp-cerdanya\/activitats-familiars\/\",\"name\":\"Activitats familiars - Alp, la Cerdanya (Girona)\",\"isPartOf\":{\"@id\":\"https:\/\/www.hoteljaume.com\/ca\/#website\"},\"primaryImageOfPage\":{\"@id\":\"https:\/\/www.hoteljaume.com\/ca\/que-fer-a-alp-cerdanya\/activitats-familiars\/#primaryimage\"},\"image\":{\"@id\":\"https:\/\/www.hoteljaume.com\/ca\/que-fer-a-alp-cerdanya\/activitats-familiars\/#primaryimage\"},\"thumbnailUrl\":\"https:\/\/www.hoteljaume.com\/wp-content\/uploads\/2024\/11\/actividades-familiares-bicicleta-hotel-jaume-alp-girona-1-scaled.jpg\",\"datePublished\":\"2024-05-21T10:13:40+00:00\",\"dateModified\":\"2024-12-12T09:33:09+00:00\",\"description\":\"Activitats familiars a Alp, la Cerdanya. Allotja't amb nosaltres a l'Hotel Jaume i viu experi\u00e8ncies \u00faniques al Pirineu de Girona!\",\"breadcrumb\":{\"@id\":\"https:\/\/www.hoteljaume.com\/ca\/que-fer-a-alp-cerdanya\/activitats-familiars\/#breadcrumb\"},\"inLanguage\":\"ca\",\"potentialAction\":[{\"@type\":\"ReadAction\",\"target\":[\"https:\/\/www.hoteljaume.com\/ca\/que-fer-a-alp-cerdanya\/activitats-familiars\/\"]}]},{\"@type\":\"ImageObject\",\"inLanguage\":\"ca\",\"@id\":\"https:\/\/www.hoteljaume.com\/ca\/que-fer-a-alp-cerdanya\/activitats-familiars\/#primaryimage\",\"url\":\"https:\/\/www.hoteljaume.com\/wp-content\/uploads\/2024\/11\/actividades-familiares-bicicleta-hotel-jaume-alp-girona-1-scaled.jpg\",\"contentUrl\":\"https:\/\/www.hoteljaume.com\/wp-content\/uploads\/2024\/11\/actividades-familiares-bicicleta-hotel-jaume-alp-girona-1-scaled.jpg\",\"width\":2560,\"height\":1707},{\"@type\":\"BreadcrumbList\",\"@id\":\"https:\/\/www.hoteljaume.com\/ca\/que-fer-a-alp-cerdanya\/activitats-familiars\/#breadcrumb\",\"itemListElement\":[{\"@type\":\"ListItem\",\"position\":1,\"name\":\"Home\",\"item\":\"https:\/\/www.hoteljaume.com\/ca\/inici\/\"},{\"@type\":\"ListItem\",\"position\":2,\"name\":\"Alp\",\"item\":\"https:\/\/www.hoteljaume.com\/ca\/que-fer-a-alp-cerdanya\/\"},{\"@type\":\"ListItem\",\"position\":3,\"name\":\"Activitats familiars\"}]},{\"@type\":\"WebSite\",\"@id\":\"https:\/\/www.hoteljaume.com\/ca\/#website\",\"url\":\"https:\/\/www.hoteljaume.com\/ca\/\",\"name\":\"Hotel Jaume\",\"description\":\"\",\"publisher\":{\"@id\":\"https:\/\/www.hoteljaume.com\/ca\/#organization\"},\"potentialAction\":[{\"@type\":\"SearchAction\",\"target\":{\"@type\":\"EntryPoint\",\"urlTemplate\":\"https:\/\/www.hoteljaume.com\/ca\/?s={search_term_string}\"},\"query-input\":\"required name=search_term_string\"}],\"inLanguage\":\"ca\"},{\"@type\":\"Organization\",\"@id\":\"https:\/\/www.hoteljaume.com\/ca\/#organization\",\"name\":\"Hotel Jaume\",\"url\":\"https:\/\/www.hoteljaume.com\/ca\/\",\"logo\":{\"@type\":\"ImageObject\",\"inLanguage\":\"ca\",\"@id\":\"https:\/\/www.hoteljaume.com\/ca\/#\/schema\/logo\/image\/\",\"url\":\"https:\/\/www.hoteljaume.com\/wp-content\/uploads\/2024\/02\/logo_Hotel-Jaume_V1.svg\",\"contentUrl\":\"https:\/\/www.hoteljaume.com\/wp-content\/uploads\/2024\/02\/logo_Hotel-Jaume_V1.svg\",\"width\":588,\"height\":163,\"caption\":\"Hotel Jaume\"},\"image\":{\"@id\":\"https:\/\/www.hoteljaume.com\/ca\/#\/schema\/logo\/image\/\"}}]}<\/script>\n<!-- \/ Yoast SEO Premium plugin. -->","yoast_head_json":{"title":"Activitats familiars - Alp, la Cerdanya (Girona)","description":"Activitats familiars a Alp, la Cerdanya. Allotja't amb nosaltres a l'Hotel Jaume i viu experi\u00e8ncies \u00faniques al Pirineu de Girona!","robots":{"index":"index","follow":"follow","max-snippet":"max-snippet:-1","max-image-preview":"max-image-preview:large","max-video-preview":"max-video-preview:-1"},"canonical":"https:\/\/www.hoteljaume.com\/ca\/que-fer-a-alp-cerdanya\/activitats-familiars\/","og_locale":"ca_ES","og_type":"article","og_title":"Activitats familiars","og_description":"Activitats familiars a Alp, la Cerdanya. Allotja't amb nosaltres a l'Hotel Jaume i viu experi\u00e8ncies \u00faniques al Pirineu de Girona!","og_url":"https:\/\/www.hoteljaume.com\/ca\/que-fer-a-alp-cerdanya\/activitats-familiars\/","og_site_name":"Hotel Jaume","article_modified_time":"2024-12-12T09:33:09+00:00","og_image":[{"width":2560,"height":1707,"url":"https:\/\/www.hoteljaume.com\/wp-content\/uploads\/2024\/11\/actividades-familiares-bicicleta-hotel-jaume-alp-girona-1-scaled.jpg","type":"image\/jpeg"}],"twitter_card":"summary_large_image","twitter_misc":{"Temps estimat de lectura":"1 minut"},"schema":{"@context":"https:\/\/schema.org","@graph":[{"@type":"WebPage","@id":"https:\/\/www.hoteljaume.com\/ca\/que-fer-a-alp-cerdanya\/activitats-familiars\/","url":"https:\/\/www.hoteljaume.com\/ca\/que-fer-a-alp-cerdanya\/activitats-familiars\/","name":"Activitats familiars - Alp, la Cerdanya (Girona)","isPartOf":{"@id":"https:\/\/www.hoteljaume.com\/ca\/#website"},"primaryImageOfPage":{"@id":"https:\/\/www.hoteljaume.com\/ca\/que-fer-a-alp-cerdanya\/activitats-familiars\/#primaryimage"},"image":{"@id":"https:\/\/www.hoteljaume.com\/ca\/que-fer-a-alp-cerdanya\/activitats-familiars\/#primaryimage"},"thumbnailUrl":"https:\/\/www.hoteljaume.com\/wp-content\/uploads\/2024\/11\/actividades-familiares-bicicleta-hotel-jaume-alp-girona-1-scaled.jpg","datePublished":"2024-05-21T10:13:40+00:00","dateModified":"2024-12-12T09:33:09+00:00","description":"Activitats familiars a Alp, la Cerdanya. Allotja't amb nosaltres a l'Hotel Jaume i viu experi\u00e8ncies \u00faniques al Pirineu de Girona!","breadcrumb":{"@id":"https:\/\/www.hoteljaume.com\/ca\/que-fer-a-alp-cerdanya\/activitats-familiars\/#breadcrumb"},"inLanguage":"ca","potentialAction":[{"@type":"ReadAction","target":["https:\/\/www.hoteljaume.com\/ca\/que-fer-a-alp-cerdanya\/activitats-familiars\/"]}]},{"@type":"ImageObject","inLanguage":"ca","@id":"https:\/\/www.hoteljaume.com\/ca\/que-fer-a-alp-cerdanya\/activitats-familiars\/#primaryimage","url":"https:\/\/www.hoteljaume.com\/wp-content\/uploads\/2024\/11\/actividades-familiares-bicicleta-hotel-jaume-alp-girona-1-scaled.jpg","contentUrl":"https:\/\/www.hoteljaume.com\/wp-content\/uploads\/2024\/11\/actividades-familiares-bicicleta-hotel-jaume-alp-girona-1-scaled.jpg","width":2560,"height":1707},{"@type":"BreadcrumbList","@id":"https:\/\/www.hoteljaume.com\/ca\/que-fer-a-alp-cerdanya\/activitats-familiars\/#breadcrumb","itemListElement":[{"@type":"ListItem","position":1,"name":"Home","item":"https:\/\/www.hoteljaume.com\/ca\/inici\/"},{"@type":"ListItem","position":2,"name":"Alp","item":"https:\/\/www.hoteljaume.com\/ca\/que-fer-a-alp-cerdanya\/"},{"@type":"ListItem","position":3,"name":"Activitats familiars"}]},{"@type":"WebSite","@id":"https:\/\/www.hoteljaume.com\/ca\/#website","url":"https:\/\/www.hoteljaume.com\/ca\/","name":"Hotel Jaume","description":"","publisher":{"@id":"https:\/\/www.hoteljaume.com\/ca\/#organization"},"potentialAction":[{"@type":"SearchAction","target":{"@type":"EntryPoint","urlTemplate":"https:\/\/www.hoteljaume.com\/ca\/?s={search_term_string}"},"query-input":"required name=search_term_string"}],"inLanguage":"ca"},{"@type":"Organization","@id":"https:\/\/www.hoteljaume.com\/ca\/#organization","name":"Hotel Jaume","url":"https:\/\/www.hoteljaume.com\/ca\/","logo":{"@type":"ImageObject","inLanguage":"ca","@id":"https:\/\/www.hoteljaume.com\/ca\/#\/schema\/logo\/image\/","url":"https:\/\/www.hoteljaume.com\/wp-content\/uploads\/2024\/02\/logo_Hotel-Jaume_V1.svg","contentUrl":"https:\/\/www.hoteljaume.com\/wp-content\/uploads\/2024\/02\/logo_Hotel-Jaume_V1.svg","width":588,"height":163,"caption":"Hotel Jaume"},"image":{"@id":"https:\/\/www.hoteljaume.com\/ca\/#\/schema\/logo\/image\/"}}]}},"_links":{"self":[{"href":"https:\/\/www.hoteljaume.com\/ca\/wp-json\/wp\/v2\/pages\/5086","targetHints":{"allow":["GET"]}}],"collection":[{"href":"https:\/\/www.hoteljaume.com\/ca\/wp-json\/wp\/v2\/pages"}],"about":[{"href":"https:\/\/www.hoteljaume.com\/ca\/wp-json\/wp\/v2\/types\/page"}],"author":[{"embeddable":true,"href":"https:\/\/www.hoteljaume.com\/ca\/wp-json\/wp\/v2\/users\/4"}],"replies":[{"embeddable":true,"href":"https:\/\/www.hoteljaume.com\/ca\/wp-json\/wp\/v2\/comments?post=5086"}],"version-history":[{"count":1,"href":"https:\/\/www.hoteljaume.com\/ca\/wp-json\/wp\/v2\/pages\/5086\/revisions"}],"predecessor-version":[{"id":5087,"href":"https:\/\/www.hoteljaume.com\/ca\/wp-json\/wp\/v2\/pages\/5086\/revisions\/5087"}],"up":[{"embeddable":true,"href":"https:\/\/www.hoteljaume.com\/ca\/wp-json\/wp\/v2\/pages\/5139"}],"wp:featuredmedia":[{"embeddable":true,"href":"https:\/\/www.hoteljaume.com\/ca\/wp-json\/wp\/v2\/media\/4944"}],"wp:attachment":[{"href":"https:\/\/www.hoteljaume.com\/ca\/wp-json\/wp\/v2\/media?parent=5086"}],"curies":[{"name":"wp","href":"https:\/\/api.w.org\/{rel}","templated":true}]}}