{"id":5068,"date":"2024-03-07T10:50:32","date_gmt":"2024-03-07T09:50:32","guid":{"rendered":"https:\/\/dev-hoteljaume.gnahs.com\/politica-de-cookies\/"},"modified":"2025-01-15T16:59:53","modified_gmt":"2025-01-15T15:59:53","slug":"politica-de-cookies","status":"publish","type":"page","link":"https:\/\/www.hoteljaume.com\/ca\/politica-de-cookies\/","title":{"rendered":"Pol\u00edtica de cookies"},"content":{"rendered":"\t\t<div data-elementor-type=\"wp-page\" data-elementor-id=\"5068\" class=\"elementor elementor-5068 elementor-677\" data-elementor-post-type=\"page\">\n\t\t\t\t<div class=\"elementor-element elementor-element-391e829 e-flex e-con-boxed e-con e-parent\" data-id=\"391e829\" data-element_type=\"container\" data-settings=\"{&quot;background_background&quot;:&quot;classic&quot;}\">\n\t\t\t\t\t<div class=\"e-con-inner\">\n\t\t\t\t<div class=\"elementor-element elementor-element-65252e79 elementor-widget elementor-widget-heading\" data-id=\"65252e79\" data-element_type=\"widget\" data-widget_type=\"heading.default\">\n\t\t\t\t<div class=\"elementor-widget-container\">\n\t\t\t<style>\/*! elementor - v3.21.0 - 26-05-2024 *\/\n.elementor-heading-title{padding:0;margin:0;line-height:1}.elementor-widget-heading .elementor-heading-title[class*=elementor-size-]>a{color:inherit;font-size:inherit;line-height:inherit}.elementor-widget-heading .elementor-heading-title.elementor-size-small{font-size:15px}.elementor-widget-heading .elementor-heading-title.elementor-size-medium{font-size:19px}.elementor-widget-heading .elementor-heading-title.elementor-size-large{font-size:29px}.elementor-widget-heading .elementor-heading-title.elementor-size-xl{font-size:39px}.elementor-widget-heading .elementor-heading-title.elementor-size-xxl{font-size:59px}<\/style><div class=\"elementor-heading-title elementor-size-default\">Pol\u00edtica de cookies<\/div>\t\t<\/div>\n\t\t\t\t<\/div>\n\t\t\t\t<div class=\"elementor-element elementor-element-41191bc1 elementor-icon-list--layout-inline elementor-align-center elementor-list-item-link-full_width elementor-widget elementor-widget-icon-list\" data-id=\"41191bc1\" data-element_type=\"widget\" data-widget_type=\"icon-list.default\">\n\t\t\t\t<div class=\"elementor-widget-container\">\n\t\t\t<link rel=\"stylesheet\" href=\"https:\/\/www.hoteljaume.com\/wp-content\/plugins\/elementor\/assets\/css\/widget-icon-list.min.css\">\t\t<ul class=\"elementor-icon-list-items elementor-inline-items\">\n\t\t\t\t\t\t\t<li class=\"elementor-icon-list-item elementor-inline-item\">\n\t\t\t\t\t\t\t\t\t\t\t<a href=\"https:\/\/www.hoteljaume.com\/ca\/\">\n\n\t\t\t\t\t\t\t\t\t\t\t<span class=\"elementor-icon-list-text\">Home<\/span>\n\t\t\t\t\t\t\t\t\t\t\t<\/a>\n\t\t\t\t\t\t\t\t\t<\/li>\n\t\t\t\t\t\t\t\t<li class=\"elementor-icon-list-item elementor-inline-item\">\n\t\t\t\t\t\t\t\t\t\t\t<span class=\"elementor-icon-list-icon\">\n\t\t\t\t\t\t\t<svg aria-hidden=\"true\" class=\"e-font-icon-svg e-fas-chevron-right\" viewBox=\"0 0 320 512\" xmlns=\"http:\/\/www.w3.org\/2000\/svg\"><path d=\"M285.476 272.971L91.132 467.314c-9.373 9.373-24.569 9.373-33.941 0l-22.667-22.667c-9.357-9.357-9.375-24.522-.04-33.901L188.505 256 34.484 101.255c-9.335-9.379-9.317-24.544.04-33.901l22.667-22.667c9.373-9.373 24.569-9.373 33.941 0L285.475 239.03c9.373 9.372 9.373 24.568.001 33.941z\"><\/path><\/svg>\t\t\t\t\t\t<\/span>\n\t\t\t\t\t\t\t\t\t\t<span class=\"elementor-icon-list-text\">Pol\u00edtica de cookies<\/span>\n\t\t\t\t\t\t\t\t\t<\/li>\n\t\t\t\t\t\t<\/ul>\n\t\t\t\t<\/div>\n\t\t\t\t<\/div>\n\t\t\t\t\t<\/div>\n\t\t\t\t<\/div>\n\t\t<div class=\"elementor-element elementor-element-4b916d17 e-flex e-con-boxed e-con e-parent\" data-id=\"4b916d17\" data-element_type=\"container\" data-settings=\"{&quot;motion_fx_motion_fx_scrolling&quot;:&quot;yes&quot;,&quot;motion_fx_translateY_effect&quot;:&quot;yes&quot;,&quot;motion_fx_devices&quot;:[&quot;desktop&quot;,&quot;tablet&quot;],&quot;motion_fx_translateY_speed&quot;:{&quot;unit&quot;:&quot;px&quot;,&quot;size&quot;:4,&quot;sizes&quot;:[]},&quot;motion_fx_translateY_affectedRange&quot;:{&quot;unit&quot;:&quot;%&quot;,&quot;size&quot;:&quot;&quot;,&quot;sizes&quot;:{&quot;start&quot;:0,&quot;end&quot;:100}}}\">\n\t\t\t\t\t<div class=\"e-con-inner\">\n\t\t<div class=\"elementor-element elementor-element-1704ffb1 e-flex e-con-boxed e-con e-child\" data-id=\"1704ffb1\" data-element_type=\"container\">\n\t\t\t\t\t<div class=\"e-con-inner\">\n\t\t\t\t<div class=\"elementor-element elementor-element-75e37d3a elementor-widget elementor-widget-heading\" data-id=\"75e37d3a\" data-element_type=\"widget\" data-widget_type=\"heading.default\">\n\t\t\t\t<div class=\"elementor-widget-container\">\n\t\t\t<div class=\"elementor-heading-title elementor-size-default\">Textos legals<\/div>\t\t<\/div>\n\t\t\t\t<\/div>\n\t\t\t\t<div class=\"elementor-element elementor-element-1252f59 elementor-widget elementor-widget-heading\" data-id=\"1252f59\" data-element_type=\"widget\" data-widget_type=\"heading.default\">\n\t\t\t\t<div class=\"elementor-widget-container\">\n\t\t\t<h1 class=\"elementor-heading-title elementor-size-default\">Pol\u00edtica de cookies de l'Hotel Jaume<\/h1>\t\t<\/div>\n\t\t\t\t<\/div>\n\t\t\t\t\t<\/div>\n\t\t\t\t<\/div>\n\t\t<div class=\"elementor-element elementor-element-4abb49fc e-flex e-con-boxed e-con e-child\" data-id=\"4abb49fc\" data-element_type=\"container\">\n\t\t\t\t\t<div class=\"e-con-inner\">\n\t\t\t\t<div class=\"elementor-element elementor-element-2f38bc9 elementor-widget elementor-widget-text-editor\" data-id=\"2f38bc9\" data-element_type=\"widget\" data-widget_type=\"text-editor.default\">\n\t\t\t\t<div class=\"elementor-widget-container\">\n\t\t\t<style>\/*! elementor - v3.21.0 - 26-05-2024 *\/\n.elementor-widget-text-editor.elementor-drop-cap-view-stacked .elementor-drop-cap{background-color:#69727d;color:#fff}.elementor-widget-text-editor.elementor-drop-cap-view-framed .elementor-drop-cap{color:#69727d;border:3px solid;background-color:transparent}.elementor-widget-text-editor:not(.elementor-drop-cap-view-default) .elementor-drop-cap{margin-top:8px}.elementor-widget-text-editor:not(.elementor-drop-cap-view-default) .elementor-drop-cap-letter{width:1em;height:1em}.elementor-widget-text-editor .elementor-drop-cap{float:left;text-align:center;line-height:1;font-size:50px}.elementor-widget-text-editor .elementor-drop-cap-letter{display:inline-block}<\/style>\t\t\t\t<h3><b>Qu\u00e8 s\u00f3n les cookies?<\/b><\/h3>\n<p><span style=\"text-align: var(--text-align); color: var( --e-global-color-text ); font-family: var( --e-global-typography-text-font-family ), Sans-serif; font-size: var( --e-global-typography-text-font-size ); font-weight: var( --e-global-typography-text-font-weight ); text-transform: var( --e-global-typography-text-text-transform );\">Les cookies s\u00f3n petits fitxers de dades que es reben al terminal des del lloc web visitat i s&#8217;utilitzen per registrar certes interaccions de la navegaci\u00f3 en un lloc web, emmagatzemant dades que es podran actualitzar i recuperar. Aquests fitxers s&#8217;emmagatzemen a l&#8217;ordinador de l&#8217;usuari i contenen dades an\u00f2nimes que no s\u00f3n perjudicials per al seu equip. S&#8217;utilitzen per recordar les prefer\u00e8ncies de l&#8217;usuari, com ara l&#8217;idioma seleccionat, dades d&#8217;acc\u00e9s o personalitzaci\u00f3 de la p\u00e0gina.  <\/span><\/p>\n<p>Les cookies tamb\u00e9 poden ser utilitzades per registrar informaci\u00f3 an\u00f2nima sobre com un visitant utilitza un lloc web. Per exemple, des de quina p\u00e0gina web ha accedit o si ha utilitzat un &#8220;banner&#8221; publicitari per arribar-hi. <\/p>\n<h3> <\/h3>\n<h3><b>Per qu\u00e8 l&#8217;Hotel Jaume utilitza cookies?<\/b><\/h3>\n<p>Utilitzem cookies estrictament necess\u00e0ries i essencials perqu\u00e8 pugui utilitzar el nostre lloc web i moure&#8217;s lliurement, accedir a \u00e0rees segures, utilitzar opcions personalitzades, etc. A m\u00e9s, fem servir cookies que recullen dades relatives a l&#8217;an\u00e0lisi de l&#8217;\u00fas del web. Aquestes s&#8217;utilitzen per ajudar a millorar el servei a l&#8217;usuari, mesurant l&#8217;\u00fas i el rendiment de la p\u00e0gina, per optimitzar-la i personalitzar-la  <\/p>\n<p>Els nostres llocs tamb\u00e9 poden tenir enlla\u00e7os a xarxes socials (com Facebook o Twitter). L&#8217;Hotel Jaume no controla les cookies utilitzades per aquests llocs web externs. Per a m\u00e9s informaci\u00f3 sobre les cookies de les xarxes socials o altres webs alienes, recomanem revisar les seves pr\u00f2pies pol\u00edtiques de cookies.  <\/p>\n<\/p>\n<h3><b>Tipus de cookies<\/b><\/h3>\n<p><span style=\"text-decoration: underline;\"><b>Segons l&#8217;entitat que les gestiona:<\/b><\/span><\/p>\n<div>\n<ul>\n<li><b>Cookies pr\u00f2pies:<\/b> Les cookies pr\u00f2pies s\u00f3n aquelles generades per la p\u00e0gina que s&#8217;est\u00e0 visitant.<\/li>\n<li><b>Cookies de tercers: <\/b>Les cookies de tercers s\u00f3n aquelles generades per serveis o prove\u00efdors externs, com Facebook, Twitter, Google, etc.<\/li>\n<\/ul>\n<\/div>\n<p><span style=\"text-decoration: underline;\"><b>Segons la seva finalitat:<\/b><\/span><\/p>\n<div>\n<ul>\n<li><b>Cookies t\u00e8cniques: <\/b>Les cookies t\u00e8cniques s\u00f3n aquelles imprescindibles i estrictament necess\u00e0ries per al correcte funcionament d&#8217;un portal web i la utilitzaci\u00f3 de les diferents opcions i serveis que ofereix.<br \/>Per exemple, les que serveixen per al manteniment de la sessi\u00f3, la gesti\u00f3 del temps de resposta, rendiment o validaci\u00f3 d&#8217;opcions, utilitzar elements de seguretat, compartir contingut amb xarxes socials, etc.<\/li>\n<li><b>Cookies de personalitzaci\u00f3: <\/b>Aquestes cookies permeten a l&#8217;usuari especificar o personalitzar algunes caracter\u00edstiques de les opcions generals de la p\u00e0gina web. Per exemple, definir l&#8217;idioma, configuraci\u00f3 regional o tipus de navegador.<\/li>\n<li><b>Cookies anal\u00edtiques: <\/b>Les cookies anal\u00edtiques s\u00f3n les utilitzades pels nostres portals web per elaborar perfils de navegaci\u00f3 i poder con\u00e8ixer les prefer\u00e8ncies dels usuaris amb la finalitat de millorar l&#8217;oferta de productes i serveis.<br \/>Per exemple, mitjan\u00e7ant una cookie anal\u00edtica es controlarien les \u00e0rees geogr\u00e0fiques d&#8217;inter\u00e8s d&#8217;un usuari, quin \u00e9s el producte amb m\u00e9s acceptaci\u00f3, etc.<\/li>\n<li><b>Cookies publicit\u00e0ries \/ de publicitat: <\/b>Les cookies publicit\u00e0ries permeten la gesti\u00f3 dels espais publicitaris en funci\u00f3 de criteris concrets. Per exemple, la freq\u00fc\u00e8ncia d&#8217;acc\u00e9s, el contingut editat, etc.<br \/>Les cookies de publicitat permeten, a trav\u00e9s de la gesti\u00f3 de la publicitat, emmagatzemar informaci\u00f3 del comportament mitjan\u00e7ant l&#8217;observaci\u00f3 d&#8217;h\u00e0bits, estudiant els accessos i formant un perfil de prefer\u00e8ncies de l&#8217;usuari, per oferir-li publicitat relacionada amb els interessos del seu perfil. <\/li>\n<\/ul>\n<\/div>\n<p><span style=\"text-decoration: underline;\"><b>Segons el termini:<\/b><\/span><\/p>\n<div>\n<ul>\n<li><b>Cookies de sessi\u00f3:<\/b> Les cookies de sessi\u00f3 s\u00f3n aquelles que duren el temps que l&#8217;usuari est\u00e0 navegant pel lloc web i esborrar-se al finalitzar la sessi\u00f3.<\/li>\n<li><b>Cookies persistents:<\/b> Aquestes cookies queden emmagatzemades al terminal de l&#8217;usuari durant un temps m\u00e9s llarg, facilitant aix\u00ed el control de les prefer\u00e8ncies escollides sense haver de repetir certs par\u00e0metres cada cop que es visiti el lloc web.<\/li>\n<\/ul>\n<\/div>\n<h3> <\/h3>\n<h3><b>Identificaci\u00f3 de les cookies d&#8217;aquesta p\u00e0gina<\/b><\/h3>\n<p>Les cookies utilitzades en aquesta p\u00e0gina web poden ser tractades per nosaltres i tamb\u00e9 per tercers amb qui ens relacionem a continuaci\u00f3, amb qui hem contractat la prestaci\u00f3 de serveis per als quals es requereix l&#8217;\u00fas de cookies:<\/p>\n<ul>\n<li><a href=\"https:\/\/analytics.google.com\/\">Google Analytics<\/a><\/li>\n<\/ul>\n<h3><b>Com desactivar o eliminar cookies?<\/b><\/h3>\n<p>Per complir amb la legislaci\u00f3 vigent, hem de demanar el seu perm\u00eds per gestionar cookies. Si decideix no autoritzar el tractament indicant-nos la seva no conformitat, nom\u00e9s utilitzar\u00edem les cookies t\u00e8cniques, ja que s\u00f3n imprescindibles per a la navegaci\u00f3 pel nostre lloc web. En aquest cas, no emmagatzemar\u00edem cap cookie. En el cas de continuar navegant pel nostre lloc web sense denegar la seva autoritzaci\u00f3, implica que accepta el seu \u00fas.   <\/p>\n<p>Tingui en compte que si rebutja o esborra les cookies de navegaci\u00f3 pel lloc web de l&#8217;Hotel Jaume, no podrem mantenir les seves prefer\u00e8ncies, algunes caracter\u00edstiques de les p\u00e0gines no estaran operatives, no podrem oferir-li serveis personalitzats i cada cop que vagi a navegar pel nostre lloc web haurem de sol\u00b7licitar-li de nou la seva autoritzaci\u00f3 per a l&#8217;\u00fas de cookies.<\/p>\n<p>Si tot i aix\u00ed, decideix modificar la configuraci\u00f3 d&#8217;acc\u00e9s a la p\u00e0gina web, ha de saber que \u00e9s possible eliminar les cookies o impedir que es registri aquesta informaci\u00f3 al seu equip en qualsevol moment mitjan\u00e7ant la modificaci\u00f3 dels par\u00e0metres de configuraci\u00f3 del seu navegador:<\/p>\n<p><a href=\"http:\/\/windows.microsoft.com\/es-es\/windows-vista\/block-or-allow-cookies\" target=\"_blank\" rel=\"noopener\">Configuraci\u00f3 de cookies d&#8217;Internet Explorer<\/a><br \/><a href=\"http:\/\/support.mozilla.org\/es\/kb\/habilitar-y-deshabilitar-cookies-que-los-sitios-we\" target=\"_blank\" rel=\"noopener\">Configuraci\u00f3 de cookies de Firefox<\/a><br \/><a href=\"https:\/\/support.google.com\/chrome\/answer\/95647?hl=es\" target=\"_blank\" rel=\"noopener\">Configuraci\u00f3 de cookies de Google Chrome<\/a><br \/><a href=\"http:\/\/support.apple.com\/kb\/HT1677?viewlocale=es_ES&amp;locale=es_ES\" target=\"_blank\" rel=\"noopener\">Configuraci\u00f3 de cookies de Safari<\/a><\/p>\n<p>Aquests navegadors estan subjectes a actualitzacions o modificacions, per la qual cosa no podem garantir que s&#8217;ajustin completament a la versi\u00f3 del seu navegador. Per evitar aquests desajustos, pot accedir directament des de les opcions del seu navegador que es troben generalment al men\u00fa d&#8217;Opcions, a la secci\u00f3 de &#8220;Privadesa&#8221;. (Si us plau, consulti l&#8217;ajuda del seu navegador per m\u00e9s informaci\u00f3.)  <\/p>\n<h3><b><br \/>Qu\u00e8 significa acceptar les cookies?<\/b><\/h3>\n<p>Si accepta les nostres cookies, ens permet millorar la web de l&#8217;Hotel Jaume per oferir-li un acc\u00e9s \u00f2ptim i proporcionar-li un servei m\u00e9s efica\u00e7 i personalitzat.<br \/>A m\u00e9s, vost\u00e8 pot configurar el seu navegador per establir que nom\u00e9s els llocs web de confian\u00e7a o les p\u00e0gines per les que est\u00e0 navegant en aquest moment puguin gestionar cookies, el que li permet seleccionar les seves prefer\u00e8ncies.<\/p>\n<p>Proporcionant aquesta pol\u00edtica, l&#8217;Hotel Jaume demostra el comprom\u00eds adquirit amb la legislaci\u00f3 vigent sobre l&#8217;\u00fas de cookies, proporcionant-li informaci\u00f3 perqu\u00e8 vost\u00e8 pugui comprendre quin tipus de cookies utilitzem i per qu\u00e8 ho fem. Amb aix\u00f2, pretenem oferir-li transpar\u00e8ncia pel que fa a les dades tractades sobre la navegaci\u00f3 realitzada des del seu equip a la nostra web. <\/p>\n<p>Aquesta pol\u00edtica es revisa peri\u00f2dicament per assegurar la seva vig\u00e8ncia, per la qual cosa pot ser modificada. Li recomanem que visiti la p\u00e0gina regularment, on l&#8217;informarem de qualsevol actualitzaci\u00f3 al respecte. <\/p>\n\t\t\t\t\t\t<\/div>\n\t\t\t\t<\/div>\n\t\t\t\t\t<\/div>\n\t\t\t\t<\/div>\n\t\t\t\t\t<\/div>\n\t\t\t\t<\/div>\n\t\t\t\t<\/div>\n\t\t","protected":false},"excerpt":{"rendered":"<p>Pol\u00edtica de cookies Home Pol\u00edtica de cookies Textos legals Pol\u00edtica de cookies de l&#8217;Hotel Jaume Qu\u00e8 s\u00f3n les cookies? Les cookies s\u00f3n petits fitxers de dades que es reben al terminal des del lloc web visitat i s&#8217;utilitzen per registrar certes interaccions de la navegaci\u00f3 en un lloc web, emmagatzemant dades que es podran actualitzar [&hellip;]<\/p>\n","protected":false},"author":4,"featured_media":0,"parent":0,"menu_order":75,"comment_status":"closed","ping_status":"closed","template":"","meta":{"footnotes":""},"class_list":["post-5068","page","type-page","status-publish","hentry"],"yoast_head":"<!-- This site is optimized with the Yoast SEO Premium plugin v22.8 (Yoast SEO v22.8) - https:\/\/yoast.com\/wordpress\/plugins\/seo\/ -->\n<title>Pol\u00edtica de cookies del Hotel Jaume - Alp, Girona<\/title>\n<meta name=\"description\" content=\"Visita la pol\u00edtica de cookies del web de l&#039;Hotel Jaume i reserva les teves vacances de muntanya al centre d&#039;Alp, al Pirineu de Girona.\" \/>\n<meta name=\"robots\" content=\"noindex, follow\" \/>\n<meta property=\"og:locale\" content=\"ca_ES\" \/>\n<meta property=\"og:type\" content=\"article\" \/>\n<meta property=\"og:title\" content=\"Pol\u00edtica de cookies\" \/>\n<meta property=\"og:description\" content=\"Visita la pol\u00edtica de cookies del web de l&#039;Hotel Jaume i reserva les teves vacances de muntanya al centre d&#039;Alp, al Pirineu de Girona.\" \/>\n<meta property=\"og:url\" content=\"https:\/\/www.hoteljaume.com\/ca\/politica-de-cookies\/\" \/>\n<meta property=\"og:site_name\" content=\"Hotel Jaume\" \/>\n<meta property=\"article:modified_time\" content=\"2025-01-15T15:59:53+00:00\" \/>\n<meta property=\"og:image\" content=\"https:\/\/www.hoteljaume.com\/wp-content\/uploads\/2024\/11\/habitacion-suite-atico-hotel-jaume-alp-pirineo-girona-2-scaled.jpg\" \/>\n\t<meta property=\"og:image:width\" content=\"2560\" \/>\n\t<meta property=\"og:image:height\" content=\"1707\" \/>\n\t<meta property=\"og:image:type\" content=\"image\/jpeg\" \/>\n<meta name=\"twitter:card\" content=\"summary_large_image\" \/>\n<meta name=\"twitter:label1\" content=\"Temps estimat de lectura\" \/>\n\t<meta name=\"twitter:data1\" content=\"6 minuts\" \/>\n<script type=\"application\/ld+json\" class=\"yoast-schema-graph\">{\"@context\":\"https:\/\/schema.org\",\"@graph\":[{\"@type\":\"WebPage\",\"@id\":\"https:\/\/www.hoteljaume.com\/ca\/politica-de-cookies\/\",\"url\":\"https:\/\/www.hoteljaume.com\/ca\/politica-de-cookies\/\",\"name\":\"Pol\u00edtica de cookies del Hotel Jaume - Alp, Girona\",\"isPartOf\":{\"@id\":\"https:\/\/www.hoteljaume.com\/ca\/#website\"},\"datePublished\":\"2024-03-07T09:50:32+00:00\",\"dateModified\":\"2025-01-15T15:59:53+00:00\",\"description\":\"Visita la pol\u00edtica de cookies del web de l'Hotel Jaume i reserva les teves vacances de muntanya al centre d'Alp, al Pirineu de Girona.\",\"breadcrumb\":{\"@id\":\"https:\/\/www.hoteljaume.com\/ca\/politica-de-cookies\/#breadcrumb\"},\"inLanguage\":\"ca\",\"potentialAction\":[{\"@type\":\"ReadAction\",\"target\":[\"https:\/\/www.hoteljaume.com\/ca\/politica-de-cookies\/\"]}]},{\"@type\":\"BreadcrumbList\",\"@id\":\"https:\/\/www.hoteljaume.com\/ca\/politica-de-cookies\/#breadcrumb\",\"itemListElement\":[{\"@type\":\"ListItem\",\"position\":1,\"name\":\"Home\",\"item\":\"https:\/\/www.hoteljaume.com\/ca\/inici\/\"},{\"@type\":\"ListItem\",\"position\":2,\"name\":\"Pol\u00edtica de cookies\"}]},{\"@type\":\"WebSite\",\"@id\":\"https:\/\/www.hoteljaume.com\/ca\/#website\",\"url\":\"https:\/\/www.hoteljaume.com\/ca\/\",\"name\":\"Hotel Jaume\",\"description\":\"\",\"publisher\":{\"@id\":\"https:\/\/www.hoteljaume.com\/ca\/#organization\"},\"potentialAction\":[{\"@type\":\"SearchAction\",\"target\":{\"@type\":\"EntryPoint\",\"urlTemplate\":\"https:\/\/www.hoteljaume.com\/ca\/?s={search_term_string}\"},\"query-input\":\"required name=search_term_string\"}],\"inLanguage\":\"ca\"},{\"@type\":\"Organization\",\"@id\":\"https:\/\/www.hoteljaume.com\/ca\/#organization\",\"name\":\"Hotel Jaume\",\"url\":\"https:\/\/www.hoteljaume.com\/ca\/\",\"logo\":{\"@type\":\"ImageObject\",\"inLanguage\":\"ca\",\"@id\":\"https:\/\/www.hoteljaume.com\/ca\/#\/schema\/logo\/image\/\",\"url\":\"https:\/\/www.hoteljaume.com\/wp-content\/uploads\/2024\/02\/logo_Hotel-Jaume_V1.svg\",\"contentUrl\":\"https:\/\/www.hoteljaume.com\/wp-content\/uploads\/2024\/02\/logo_Hotel-Jaume_V1.svg\",\"width\":588,\"height\":163,\"caption\":\"Hotel Jaume\"},\"image\":{\"@id\":\"https:\/\/www.hoteljaume.com\/ca\/#\/schema\/logo\/image\/\"}}]}<\/script>\n<!-- \/ Yoast SEO Premium plugin. -->","yoast_head_json":{"title":"Pol\u00edtica de cookies del Hotel Jaume - Alp, Girona","description":"Visita la pol\u00edtica de cookies del web de l'Hotel Jaume i reserva les teves vacances de muntanya al centre d'Alp, al Pirineu de Girona.","robots":{"index":"noindex","follow":"follow"},"og_locale":"ca_ES","og_type":"article","og_title":"Pol\u00edtica de cookies","og_description":"Visita la pol\u00edtica de cookies del web de l'Hotel Jaume i reserva les teves vacances de muntanya al centre d'Alp, al Pirineu de Girona.","og_url":"https:\/\/www.hoteljaume.com\/ca\/politica-de-cookies\/","og_site_name":"Hotel Jaume","article_modified_time":"2025-01-15T15:59:53+00:00","og_image":[{"width":2560,"height":1707,"url":"https:\/\/www.hoteljaume.com\/wp-content\/uploads\/2024\/11\/habitacion-suite-atico-hotel-jaume-alp-pirineo-girona-2-scaled.jpg","type":"image\/jpeg"}],"twitter_card":"summary_large_image","twitter_misc":{"Temps estimat de lectura":"6 minuts"},"schema":{"@context":"https:\/\/schema.org","@graph":[{"@type":"WebPage","@id":"https:\/\/www.hoteljaume.com\/ca\/politica-de-cookies\/","url":"https:\/\/www.hoteljaume.com\/ca\/politica-de-cookies\/","name":"Pol\u00edtica de cookies del Hotel Jaume - Alp, Girona","isPartOf":{"@id":"https:\/\/www.hoteljaume.com\/ca\/#website"},"datePublished":"2024-03-07T09:50:32+00:00","dateModified":"2025-01-15T15:59:53+00:00","description":"Visita la pol\u00edtica de cookies del web de l'Hotel Jaume i reserva les teves vacances de muntanya al centre d'Alp, al Pirineu de Girona.","breadcrumb":{"@id":"https:\/\/www.hoteljaume.com\/ca\/politica-de-cookies\/#breadcrumb"},"inLanguage":"ca","potentialAction":[{"@type":"ReadAction","target":["https:\/\/www.hoteljaume.com\/ca\/politica-de-cookies\/"]}]},{"@type":"BreadcrumbList","@id":"https:\/\/www.hoteljaume.com\/ca\/politica-de-cookies\/#breadcrumb","itemListElement":[{"@type":"ListItem","position":1,"name":"Home","item":"https:\/\/www.hoteljaume.com\/ca\/inici\/"},{"@type":"ListItem","position":2,"name":"Pol\u00edtica de cookies"}]},{"@type":"WebSite","@id":"https:\/\/www.hoteljaume.com\/ca\/#website","url":"https:\/\/www.hoteljaume.com\/ca\/","name":"Hotel Jaume","description":"","publisher":{"@id":"https:\/\/www.hoteljaume.com\/ca\/#organization"},"potentialAction":[{"@type":"SearchAction","target":{"@type":"EntryPoint","urlTemplate":"https:\/\/www.hoteljaume.com\/ca\/?s={search_term_string}"},"query-input":"required name=search_term_string"}],"inLanguage":"ca"},{"@type":"Organization","@id":"https:\/\/www.hoteljaume.com\/ca\/#organization","name":"Hotel Jaume","url":"https:\/\/www.hoteljaume.com\/ca\/","logo":{"@type":"ImageObject","inLanguage":"ca","@id":"https:\/\/www.hoteljaume.com\/ca\/#\/schema\/logo\/image\/","url":"https:\/\/www.hoteljaume.com\/wp-content\/uploads\/2024\/02\/logo_Hotel-Jaume_V1.svg","contentUrl":"https:\/\/www.hoteljaume.com\/wp-content\/uploads\/2024\/02\/logo_Hotel-Jaume_V1.svg","width":588,"height":163,"caption":"Hotel Jaume"},"image":{"@id":"https:\/\/www.hoteljaume.com\/ca\/#\/schema\/logo\/image\/"}}]}},"_links":{"self":[{"href":"https:\/\/www.hoteljaume.com\/ca\/wp-json\/wp\/v2\/pages\/5068","targetHints":{"allow":["GET"]}}],"collection":[{"href":"https:\/\/www.hoteljaume.com\/ca\/wp-json\/wp\/v2\/pages"}],"about":[{"href":"https:\/\/www.hoteljaume.com\/ca\/wp-json\/wp\/v2\/types\/page"}],"author":[{"embeddable":true,"href":"https:\/\/www.hoteljaume.com\/ca\/wp-json\/wp\/v2\/users\/4"}],"replies":[{"embeddable":true,"href":"https:\/\/www.hoteljaume.com\/ca\/wp-json\/wp\/v2\/comments?post=5068"}],"version-history":[{"count":3,"href":"https:\/\/www.hoteljaume.com\/ca\/wp-json\/wp\/v2\/pages\/5068\/revisions"}],"predecessor-version":[{"id":6251,"href":"https:\/\/www.hoteljaume.com\/ca\/wp-json\/wp\/v2\/pages\/5068\/revisions\/6251"}],"wp:attachment":[{"href":"https:\/\/www.hoteljaume.com\/ca\/wp-json\/wp\/v2\/media?parent=5068"}],"curies":[{"name":"wp","href":"https:\/\/api.w.org\/{rel}","templated":true}]}}