{"id":5060,"date":"2024-03-07T10:52:01","date_gmt":"2024-03-07T09:52:01","guid":{"rendered":"https:\/\/dev-hoteljaume.gnahs.com\/textos-legals\/"},"modified":"2024-12-24T09:44:18","modified_gmt":"2024-12-24T08:44:18","slug":"textos-legals","status":"publish","type":"page","link":"https:\/\/www.hoteljaume.com\/ca\/textos-legals\/","title":{"rendered":"Textos legals"},"content":{"rendered":"\t\t<div data-elementor-type=\"wp-page\" data-elementor-id=\"5060\" class=\"elementor elementor-5060 elementor-684\" data-elementor-post-type=\"page\">\n\t\t\t\t<div class=\"elementor-element elementor-element-391e829 e-flex e-con-boxed e-con e-parent\" data-id=\"391e829\" data-element_type=\"container\" data-settings=\"{&quot;background_background&quot;:&quot;classic&quot;}\">\n\t\t\t\t\t<div class=\"e-con-inner\">\n\t\t\t\t<div class=\"elementor-element elementor-element-65252e79 elementor-widget elementor-widget-heading\" data-id=\"65252e79\" data-element_type=\"widget\" data-widget_type=\"heading.default\">\n\t\t\t\t<div class=\"elementor-widget-container\">\n\t\t\t<style>\/*! elementor - v3.21.0 - 26-05-2024 *\/\n.elementor-heading-title{padding:0;margin:0;line-height:1}.elementor-widget-heading .elementor-heading-title[class*=elementor-size-]>a{color:inherit;font-size:inherit;line-height:inherit}.elementor-widget-heading .elementor-heading-title.elementor-size-small{font-size:15px}.elementor-widget-heading .elementor-heading-title.elementor-size-medium{font-size:19px}.elementor-widget-heading .elementor-heading-title.elementor-size-large{font-size:29px}.elementor-widget-heading .elementor-heading-title.elementor-size-xl{font-size:39px}.elementor-widget-heading .elementor-heading-title.elementor-size-xxl{font-size:59px}<\/style><div class=\"elementor-heading-title elementor-size-default\">Textos legals<\/div>\t\t<\/div>\n\t\t\t\t<\/div>\n\t\t\t\t<div class=\"elementor-element elementor-element-41191bc1 elementor-icon-list--layout-inline elementor-align-center elementor-list-item-link-full_width elementor-widget elementor-widget-icon-list\" data-id=\"41191bc1\" data-element_type=\"widget\" data-widget_type=\"icon-list.default\">\n\t\t\t\t<div class=\"elementor-widget-container\">\n\t\t\t<link rel=\"stylesheet\" href=\"https:\/\/www.hoteljaume.com\/wp-content\/plugins\/elementor\/assets\/css\/widget-icon-list.min.css\">\t\t<ul class=\"elementor-icon-list-items elementor-inline-items\">\n\t\t\t\t\t\t\t<li class=\"elementor-icon-list-item elementor-inline-item\">\n\t\t\t\t\t\t\t\t\t\t\t<a href=\"https:\/\/www.hoteljaume.com\">\n\n\t\t\t\t\t\t\t\t\t\t\t<span class=\"elementor-icon-list-text\">Home <\/span>\n\t\t\t\t\t\t\t\t\t\t\t<\/a>\n\t\t\t\t\t\t\t\t\t<\/li>\n\t\t\t\t\t\t\t\t<li class=\"elementor-icon-list-item elementor-inline-item\">\n\t\t\t\t\t\t\t\t\t\t\t<span class=\"elementor-icon-list-icon\">\n\t\t\t\t\t\t\t<svg aria-hidden=\"true\" class=\"e-font-icon-svg e-fas-chevron-right\" viewBox=\"0 0 320 512\" xmlns=\"http:\/\/www.w3.org\/2000\/svg\"><path d=\"M285.476 272.971L91.132 467.314c-9.373 9.373-24.569 9.373-33.941 0l-22.667-22.667c-9.357-9.357-9.375-24.522-.04-33.901L188.505 256 34.484 101.255c-9.335-9.379-9.317-24.544.04-33.901l22.667-22.667c9.373-9.373 24.569-9.373 33.941 0L285.475 239.03c9.373 9.372 9.373 24.568.001 33.941z\"><\/path><\/svg>\t\t\t\t\t\t<\/span>\n\t\t\t\t\t\t\t\t\t\t<span class=\"elementor-icon-list-text\">Textos legals<\/span>\n\t\t\t\t\t\t\t\t\t<\/li>\n\t\t\t\t\t\t<\/ul>\n\t\t\t\t<\/div>\n\t\t\t\t<\/div>\n\t\t\t\t\t<\/div>\n\t\t\t\t<\/div>\n\t\t<div class=\"elementor-element elementor-element-f8b95bd e-flex e-con-boxed e-con e-parent\" data-id=\"f8b95bd\" data-element_type=\"container\" data-settings=\"{&quot;motion_fx_motion_fx_scrolling&quot;:&quot;yes&quot;,&quot;motion_fx_translateY_effect&quot;:&quot;yes&quot;,&quot;motion_fx_devices&quot;:[&quot;desktop&quot;,&quot;tablet&quot;],&quot;motion_fx_translateY_speed&quot;:{&quot;unit&quot;:&quot;px&quot;,&quot;size&quot;:4,&quot;sizes&quot;:[]},&quot;motion_fx_translateY_affectedRange&quot;:{&quot;unit&quot;:&quot;%&quot;,&quot;size&quot;:&quot;&quot;,&quot;sizes&quot;:{&quot;start&quot;:0,&quot;end&quot;:100}}}\">\n\t\t\t\t\t<div class=\"e-con-inner\">\n\t\t<div class=\"elementor-element elementor-element-234be06 e-flex e-con-boxed e-con e-child\" data-id=\"234be06\" data-element_type=\"container\">\n\t\t\t\t\t<div class=\"e-con-inner\">\n\t\t\t\t<div class=\"elementor-element elementor-element-8d67e4a elementor-widget elementor-widget-heading\" data-id=\"8d67e4a\" data-element_type=\"widget\" data-widget_type=\"heading.default\">\n\t\t\t\t<div class=\"elementor-widget-container\">\n\t\t\t<div class=\"elementor-heading-title elementor-size-default\">Textos legals<\/div>\t\t<\/div>\n\t\t\t\t<\/div>\n\t\t\t\t<div class=\"elementor-element elementor-element-35060b3 elementor-widget elementor-widget-heading\" data-id=\"35060b3\" data-element_type=\"widget\" data-widget_type=\"heading.default\">\n\t\t\t\t<div class=\"elementor-widget-container\">\n\t\t\t<h1 class=\"elementor-heading-title elementor-size-default\">Textos legals de l'Hotel Jaume<\/h1>\t\t<\/div>\n\t\t\t\t<\/div>\n\t\t\t\t\t<\/div>\n\t\t\t\t<\/div>\n\t\t<div class=\"elementor-element elementor-element-173c315 e-flex e-con-boxed e-con e-child\" data-id=\"173c315\" data-element_type=\"container\">\n\t\t\t\t\t<div class=\"e-con-inner\">\n\t\t\t\t<div class=\"elementor-element elementor-element-92132b6 elementor-widget elementor-widget-text-editor\" data-id=\"92132b6\" data-element_type=\"widget\" data-widget_type=\"text-editor.default\">\n\t\t\t\t<div class=\"elementor-widget-container\">\n\t\t\t<style>\/*! elementor - v3.21.0 - 26-05-2024 *\/\n.elementor-widget-text-editor.elementor-drop-cap-view-stacked .elementor-drop-cap{background-color:#69727d;color:#fff}.elementor-widget-text-editor.elementor-drop-cap-view-framed .elementor-drop-cap{color:#69727d;border:3px solid;background-color:transparent}.elementor-widget-text-editor:not(.elementor-drop-cap-view-default) .elementor-drop-cap{margin-top:8px}.elementor-widget-text-editor:not(.elementor-drop-cap-view-default) .elementor-drop-cap-letter{width:1em;height:1em}.elementor-widget-text-editor .elementor-drop-cap{float:left;text-align:center;line-height:1;font-size:50px}.elementor-widget-text-editor .elementor-drop-cap-letter{display:inline-block}<\/style>\t\t\t\t<h3>Av\u00eds Legal<\/h3>\n<p><strong>Informaci\u00f3 General<\/strong><\/p>\n<p>Hotel Jaume no pot assumir cap responsabilitat derivada de l&#8217;\u00fas incorrecte, inapropiat o il\u00b7legal de la informaci\u00f3 apareguda a la p\u00e0gina d&#8217;Internet <a href=\"https:\/\/www.hoteljaume.com\/ca\">www.hoteljaume.com<\/a>.<\/p>\n<p>Dins dels l\u00edmits establerts per la llei, Hotel Jaume no assumeix cap responsabilitat derivada de la manca de veracitat, integritat, actualitzaci\u00f3 i precisi\u00f3 de les dades o informacions que es contenen a les seves p\u00e0gines d&#8217;Internet.<\/p>\n<p>Els continguts i la informaci\u00f3 no vinculen a Hotel Jaume ni constitueixen opinions, consells o assessorament legal de cap tipus, ja que es tracta \u00fanicament d&#8217;un servei oferit amb car\u00e0cter informatiu i divulgatiu.<\/p>\n<p>La p\u00e0gina d&#8217;Internet de Hotel Jaume pot contenir enlla\u00e7os (links) a altres p\u00e0gines de tercers que Hotel Jaume no pot controlar. Per tant, Hotel Jaume no pot assumir responsabilitats pel contingut que pugui apar\u00e8ixer a p\u00e0gines de tercers. <\/p>\n<p>Els textos, imatges, sons, animacions, programari i la resta de continguts inclosos en aquest lloc web s\u00f3n propietat exclusiva de Hotel Jaume o dels seus llicenciants. Qualsevol acte de transmissi\u00f3, distribuci\u00f3, cessi\u00f3, reproducci\u00f3, emmagatzematge o comunicaci\u00f3 p\u00fablica, total o parcial, ha de comptar amb el consentiment expr\u00e9s de Hotel Jaume. <\/p>\n<p>Aix\u00ed mateix, per accedir a alguns dels serveis que Hotel Jaume ofereix a trav\u00e9s del lloc web, haur\u00e0s de proporcionar alguns dades de car\u00e0cter personal. En compliment del que s&#8217;estableix en el Reglament (UE) 2016\/679 del Parlament Europeu i del Consell, de 27 d&#8217;abril de 2016, relatiu a la protecci\u00f3 de les persones f\u00edsiques pel que fa al tractament de dades personals i a la lliure circulaci\u00f3 d&#8217;aquests dades, t&#8217;informem que, mitjan\u00e7ant el compliment d&#8217;aquests formularis, les teves dades personals quedaran incorporades i seran tractades en els fitxers de Hotel Jaume amb l&#8217;objectiu de poder-te prestar i oferir els nostres serveis, aix\u00ed com per informar-te de les millores del lloc web. Aix\u00ed mateix, t&#8217;informem de la possibilitat d&#8217;exercir els drets d&#8217;acc\u00e9s, rectificaci\u00f3, cancel\u00b7laci\u00f3 i oposici\u00f3 de les teves dades personals, de manera gratu\u00efta mitjan\u00e7ant correu electr\u00f2nic a <a href=\"mailto:info@hoteljaume.com\">info@hoteljaume.com<\/a> o a l&#8217;adre\u00e7a C\/ Central, 30, 17538 Alp, Girona, Espanya. Tel. +34 972 89 00 16.    <\/p>\n\t\t\t\t\t\t<\/div>\n\t\t\t\t<\/div>\n\t\t\t\t\t<\/div>\n\t\t\t\t<\/div>\n\t\t\t\t\t<\/div>\n\t\t\t\t<\/div>\n\t\t\t\t<\/div>\n\t\t","protected":false},"excerpt":{"rendered":"<p>Textos legals Home Textos legals Textos legals Textos legals de l&#8217;Hotel Jaume Av\u00eds Legal Informaci\u00f3 General Hotel Jaume no pot assumir cap responsabilitat derivada de l&#8217;\u00fas incorrecte, inapropiat o il\u00b7legal de la informaci\u00f3 apareguda a la p\u00e0gina d&#8217;Internet www.hoteljaume.com. Dins dels l\u00edmits establerts per la llei, Hotel Jaume no assumeix cap responsabilitat derivada de la [&hellip;]<\/p>\n","protected":false},"author":4,"featured_media":0,"parent":0,"menu_order":92,"comment_status":"closed","ping_status":"closed","template":"","meta":{"footnotes":""},"class_list":["post-5060","page","type-page","status-publish","hentry"],"yoast_head":"<!-- This site is optimized with the Yoast SEO Premium plugin v22.8 (Yoast SEO v22.8) - https:\/\/yoast.com\/wordpress\/plugins\/seo\/ -->\n<title>Textos legals de l&#039;Hotel Jaume - Alp, la Cerdanya<\/title>\n<meta name=\"description\" content=\"Visita els textos legals de la web de l&#039;Hotel Jaume i reserva el teu hotel de muntanya al centre d&#039;Alp, al Pirineu de Girona.\" \/>\n<meta name=\"robots\" content=\"noindex, follow\" \/>\n<meta property=\"og:locale\" content=\"ca_ES\" \/>\n<meta property=\"og:type\" content=\"article\" \/>\n<meta property=\"og:title\" content=\"Textos legals\" \/>\n<meta property=\"og:description\" content=\"Visita els textos legals de la web de l&#039;Hotel Jaume i reserva el teu hotel de muntanya al centre d&#039;Alp, al Pirineu de Girona.\" \/>\n<meta property=\"og:url\" content=\"https:\/\/www.hoteljaume.com\/ca\/textos-legals\/\" \/>\n<meta property=\"og:site_name\" content=\"Hotel Jaume\" \/>\n<meta property=\"article:modified_time\" content=\"2024-12-24T08:44:18+00:00\" \/>\n<meta property=\"og:image\" content=\"https:\/\/www.hoteljaume.com\/wp-content\/uploads\/2024\/11\/habitacion-suite-atico-hotel-jaume-alp-pirineo-girona-2-scaled.jpg\" \/>\n\t<meta property=\"og:image:width\" content=\"2560\" \/>\n\t<meta property=\"og:image:height\" content=\"1707\" \/>\n\t<meta property=\"og:image:type\" content=\"image\/jpeg\" \/>\n<meta name=\"twitter:card\" content=\"summary_large_image\" \/>\n<meta name=\"twitter:label1\" content=\"Temps estimat de lectura\" \/>\n\t<meta name=\"twitter:data1\" content=\"2 minuts\" \/>\n<script type=\"application\/ld+json\" class=\"yoast-schema-graph\">{\"@context\":\"https:\/\/schema.org\",\"@graph\":[{\"@type\":\"WebPage\",\"@id\":\"https:\/\/www.hoteljaume.com\/ca\/textos-legals\/\",\"url\":\"https:\/\/www.hoteljaume.com\/ca\/textos-legals\/\",\"name\":\"Textos legals de l'Hotel Jaume - Alp, la Cerdanya\",\"isPartOf\":{\"@id\":\"https:\/\/www.hoteljaume.com\/ca\/#website\"},\"datePublished\":\"2024-03-07T09:52:01+00:00\",\"dateModified\":\"2024-12-24T08:44:18+00:00\",\"description\":\"Visita els textos legals de la web de l'Hotel Jaume i reserva el teu hotel de muntanya al centre d'Alp, al Pirineu de Girona.\",\"breadcrumb\":{\"@id\":\"https:\/\/www.hoteljaume.com\/ca\/textos-legals\/#breadcrumb\"},\"inLanguage\":\"ca\",\"potentialAction\":[{\"@type\":\"ReadAction\",\"target\":[\"https:\/\/www.hoteljaume.com\/ca\/textos-legals\/\"]}]},{\"@type\":\"BreadcrumbList\",\"@id\":\"https:\/\/www.hoteljaume.com\/ca\/textos-legals\/#breadcrumb\",\"itemListElement\":[{\"@type\":\"ListItem\",\"position\":1,\"name\":\"Home\",\"item\":\"https:\/\/www.hoteljaume.com\/ca\/inici\/\"},{\"@type\":\"ListItem\",\"position\":2,\"name\":\"Textos legals\"}]},{\"@type\":\"WebSite\",\"@id\":\"https:\/\/www.hoteljaume.com\/ca\/#website\",\"url\":\"https:\/\/www.hoteljaume.com\/ca\/\",\"name\":\"Hotel Jaume\",\"description\":\"\",\"publisher\":{\"@id\":\"https:\/\/www.hoteljaume.com\/ca\/#organization\"},\"potentialAction\":[{\"@type\":\"SearchAction\",\"target\":{\"@type\":\"EntryPoint\",\"urlTemplate\":\"https:\/\/www.hoteljaume.com\/ca\/?s={search_term_string}\"},\"query-input\":\"required name=search_term_string\"}],\"inLanguage\":\"ca\"},{\"@type\":\"Organization\",\"@id\":\"https:\/\/www.hoteljaume.com\/ca\/#organization\",\"name\":\"Hotel Jaume\",\"url\":\"https:\/\/www.hoteljaume.com\/ca\/\",\"logo\":{\"@type\":\"ImageObject\",\"inLanguage\":\"ca\",\"@id\":\"https:\/\/www.hoteljaume.com\/ca\/#\/schema\/logo\/image\/\",\"url\":\"https:\/\/www.hoteljaume.com\/wp-content\/uploads\/2024\/02\/logo_Hotel-Jaume_V1.svg\",\"contentUrl\":\"https:\/\/www.hoteljaume.com\/wp-content\/uploads\/2024\/02\/logo_Hotel-Jaume_V1.svg\",\"width\":588,\"height\":163,\"caption\":\"Hotel Jaume\"},\"image\":{\"@id\":\"https:\/\/www.hoteljaume.com\/ca\/#\/schema\/logo\/image\/\"}}]}<\/script>\n<!-- \/ Yoast SEO Premium plugin. -->","yoast_head_json":{"title":"Textos legals de l'Hotel Jaume - Alp, la Cerdanya","description":"Visita els textos legals de la web de l'Hotel Jaume i reserva el teu hotel de muntanya al centre d'Alp, al Pirineu de Girona.","robots":{"index":"noindex","follow":"follow"},"og_locale":"ca_ES","og_type":"article","og_title":"Textos legals","og_description":"Visita els textos legals de la web de l'Hotel Jaume i reserva el teu hotel de muntanya al centre d'Alp, al Pirineu de Girona.","og_url":"https:\/\/www.hoteljaume.com\/ca\/textos-legals\/","og_site_name":"Hotel Jaume","article_modified_time":"2024-12-24T08:44:18+00:00","og_image":[{"width":2560,"height":1707,"url":"https:\/\/www.hoteljaume.com\/wp-content\/uploads\/2024\/11\/habitacion-suite-atico-hotel-jaume-alp-pirineo-girona-2-scaled.jpg","type":"image\/jpeg"}],"twitter_card":"summary_large_image","twitter_misc":{"Temps estimat de lectura":"2 minuts"},"schema":{"@context":"https:\/\/schema.org","@graph":[{"@type":"WebPage","@id":"https:\/\/www.hoteljaume.com\/ca\/textos-legals\/","url":"https:\/\/www.hoteljaume.com\/ca\/textos-legals\/","name":"Textos legals de l'Hotel Jaume - Alp, la Cerdanya","isPartOf":{"@id":"https:\/\/www.hoteljaume.com\/ca\/#website"},"datePublished":"2024-03-07T09:52:01+00:00","dateModified":"2024-12-24T08:44:18+00:00","description":"Visita els textos legals de la web de l'Hotel Jaume i reserva el teu hotel de muntanya al centre d'Alp, al Pirineu de Girona.","breadcrumb":{"@id":"https:\/\/www.hoteljaume.com\/ca\/textos-legals\/#breadcrumb"},"inLanguage":"ca","potentialAction":[{"@type":"ReadAction","target":["https:\/\/www.hoteljaume.com\/ca\/textos-legals\/"]}]},{"@type":"BreadcrumbList","@id":"https:\/\/www.hoteljaume.com\/ca\/textos-legals\/#breadcrumb","itemListElement":[{"@type":"ListItem","position":1,"name":"Home","item":"https:\/\/www.hoteljaume.com\/ca\/inici\/"},{"@type":"ListItem","position":2,"name":"Textos legals"}]},{"@type":"WebSite","@id":"https:\/\/www.hoteljaume.com\/ca\/#website","url":"https:\/\/www.hoteljaume.com\/ca\/","name":"Hotel Jaume","description":"","publisher":{"@id":"https:\/\/www.hoteljaume.com\/ca\/#organization"},"potentialAction":[{"@type":"SearchAction","target":{"@type":"EntryPoint","urlTemplate":"https:\/\/www.hoteljaume.com\/ca\/?s={search_term_string}"},"query-input":"required name=search_term_string"}],"inLanguage":"ca"},{"@type":"Organization","@id":"https:\/\/www.hoteljaume.com\/ca\/#organization","name":"Hotel Jaume","url":"https:\/\/www.hoteljaume.com\/ca\/","logo":{"@type":"ImageObject","inLanguage":"ca","@id":"https:\/\/www.hoteljaume.com\/ca\/#\/schema\/logo\/image\/","url":"https:\/\/www.hoteljaume.com\/wp-content\/uploads\/2024\/02\/logo_Hotel-Jaume_V1.svg","contentUrl":"https:\/\/www.hoteljaume.com\/wp-content\/uploads\/2024\/02\/logo_Hotel-Jaume_V1.svg","width":588,"height":163,"caption":"Hotel Jaume"},"image":{"@id":"https:\/\/www.hoteljaume.com\/ca\/#\/schema\/logo\/image\/"}}]}},"_links":{"self":[{"href":"https:\/\/www.hoteljaume.com\/ca\/wp-json\/wp\/v2\/pages\/5060","targetHints":{"allow":["GET"]}}],"collection":[{"href":"https:\/\/www.hoteljaume.com\/ca\/wp-json\/wp\/v2\/pages"}],"about":[{"href":"https:\/\/www.hoteljaume.com\/ca\/wp-json\/wp\/v2\/types\/page"}],"author":[{"embeddable":true,"href":"https:\/\/www.hoteljaume.com\/ca\/wp-json\/wp\/v2\/users\/4"}],"replies":[{"embeddable":true,"href":"https:\/\/www.hoteljaume.com\/ca\/wp-json\/wp\/v2\/comments?post=5060"}],"version-history":[{"count":5,"href":"https:\/\/www.hoteljaume.com\/ca\/wp-json\/wp\/v2\/pages\/5060\/revisions"}],"predecessor-version":[{"id":5699,"href":"https:\/\/www.hoteljaume.com\/ca\/wp-json\/wp\/v2\/pages\/5060\/revisions\/5699"}],"wp:attachment":[{"href":"https:\/\/www.hoteljaume.com\/ca\/wp-json\/wp\/v2\/media?parent=5060"}],"curies":[{"name":"wp","href":"https:\/\/api.w.org\/{rel}","templated":true}]}}